{"id":311052,"date":"2026-04-20T01:22:11","date_gmt":"2026-04-19T18:22:11","guid":{"rendered":"https:\/\/moroen.com\/de\/?p=311052"},"modified":"2026-04-20T01:22:11","modified_gmt":"2026-04-19T18:22:11","slug":"nike-air-force-1-07-bubblegum-fj4146-101","status":"publish","type":"product","link":"https:\/\/moroen.com\/de\/produkt\/nike-air-force-1-07-bubblegum-fj4146-101\/","title":{"rendered":"Nike Air Force 1 &#8217;07 \u201eBubblegum\u201c FJ4146-101"},"content":{"rendered":"<p>Treten Sie ein in den legend\u00e4ren Nike Air Force 1 &#8217;07 \u201eBubblegum\u201c FJ4146-101! Mit seinem legend\u00e4ren Design und dem bezaubernden Pastellton strahlt dieser Sneaker sowohl Stil als auch Komfort aus. Erleben Sie die unschlagbare D\u00e4mpfung des Nike Air-Elements, w\u00e4hrend das strapazierf\u00e4hige Obermaterial aus Leder f\u00fcr Langlebigkeit sorgt. Werten Sie Ihre Alltagsgarderobe auf oder setzen Sie ein Zeichen auf der Stra\u00dfe mit dieser pastellfarbenen K\u00f6stlichkeit in limitierter Auflage. Verpassen Sie nicht den \u201eBubblegum\u201c Air Force 1, der Ihrer Sneaker-Sammlung einen Hauch von S\u00fc\u00dfe verleiht.<\/p>\n<ul>\n<li><strong>Farbgebung:<\/strong> White\/Pink Rise\/White<\/li>\n<li><strong>Stilcode:<\/strong> FJ4146-101<\/li>\n<li><strong>Obermaterial:<\/strong> Leather<\/li>\n<li><strong>Mittelsohle:<\/strong> Air<\/li>\n<li><strong>Designer:<\/strong> Bruce Kilgore<\/li>\n<li><strong>Erscheinungsjahr:<\/strong> 2024<\/li>\n<\/ul>\n","protected":false},"excerpt":{"rendered":"<p>Treten Sie ein in den legend\u00e4ren Nike Air Force 1 &#8217;07 \u201eBubblegum\u201c FJ4146-101! Mit seinem legend\u00e4ren Design und dem bezaubernden Pastellton strahlt dieser Sneaker sowohl Stil als auch Komfort aus. Erleben Sie die unschlagbare D\u00e4mpfung des Nike Air-Elements, w\u00e4hrend das strapazierf\u00e4hige Obermaterial aus Leder f\u00fcr Langlebigkeit sorgt. Werten Sie Ihre Alltagsgarderobe auf oder setzen Sie [&hellip;]<\/p>\n","protected":false},"featured_media":311665,"comment_status":"closed","ping_status":"closed","template":"","meta":[],"product_brand":[],"product_cat":[10773],"product_tag":[12579,12578,18431,10756,10814,10762,12563,18411],"class_list":{"0":"post-311052","1":"product","2":"type-product","3":"status-publish","4":"has-post-thumbnail","6":"product_cat-nike","7":"product_tag-basketballschuhe","8":"product_tag-basketballschuhe-mit-kna-cheluntersta-tzung","9":"product_tag-geschenkidee-fuer-ihn","10":"product_tag-lifestyle-casual-shoes","11":"product_tag-lifestyle-shoes-basketball-inspired","12":"product_tag-nike","13":"product_tag-performance-sportschuhe","14":"product_tag-unter-dem-regulaeren-preis","16":"first","17":"instock","18":"taxable","19":"shipping-taxable","20":"purchasable","21":"product-type-simple"},"wcpa_form_fields":null,"_links":{"self":[{"href":"https:\/\/moroen.com\/de\/wp-json\/wp\/v2\/product\/311052","targetHints":{"allow":["GET"]}}],"collection":[{"href":"https:\/\/moroen.com\/de\/wp-json\/wp\/v2\/product"}],"about":[{"href":"https:\/\/moroen.com\/de\/wp-json\/wp\/v2\/types\/product"}],"replies":[{"embeddable":true,"href":"https:\/\/moroen.com\/de\/wp-json\/wp\/v2\/comments?post=311052"}],"wp:featuredmedia":[{"embeddable":true,"href":"https:\/\/moroen.com\/de\/wp-json\/wp\/v2\/media\/311665"}],"wp:attachment":[{"href":"https:\/\/moroen.com\/de\/wp-json\/wp\/v2\/media?parent=311052"}],"wp:term":[{"taxonomy":"product_brand","embeddable":true,"href":"https:\/\/moroen.com\/de\/wp-json\/wp\/v2\/product_brand?post=311052"},{"taxonomy":"product_cat","embeddable":true,"href":"https:\/\/moroen.com\/de\/wp-json\/wp\/v2\/product_cat?post=311052"},{"taxonomy":"product_tag","embeddable":true,"href":"https:\/\/moroen.com\/de\/wp-json\/wp\/v2\/product_tag?post=311052"}],"curies":[{"name":"wp","href":"https:\/\/api.w.org\/{rel}","templated":true}]}}