{"id":311767,"date":"2026-04-20T01:22:11","date_gmt":"2026-04-19T18:22:11","guid":{"rendered":"https:\/\/moroen.com\/de\/?p=311767"},"modified":"2026-04-20T01:22:11","modified_gmt":"2026-04-19T18:22:11","slug":"new-balance-1906-magnet-phantom-u1906laf","status":"publish","type":"product","link":"https:\/\/moroen.com\/de\/produkt\/new-balance-1906-magnet-phantom-u1906laf\/","title":{"rendered":"New Balance 1906 \u201eMagnet Phantom\u201c U1906LAF"},"content":{"rendered":"<p>Steigern Sie Ihr Sneaker-Game mit dem New Balance 1906 \u201eMagnet Phantom\u201c U1906LAF. Diese Sneaker vereinen ein elegantes, modernes Design mit \u00fcberragendem Komfort und verf\u00fcgen \u00fcber eine magnetische Phantom-Farbgebung, die m\u00fchelos vom Tag in die Nacht \u00fcbergeht. Sie sind aus atmungsaktiven Materialien und fortschrittlicher Polsterung gefertigt und bieten den ganzen Tag Unterst\u00fctzung bei jeder Aktivit\u00e4t. Die dynamische Silhouette und das ikonische New Balance-Branding machen es zu einer stilvollen Wahl f\u00fcr Trendsetter und Sportler gleicherma\u00dfen. Werten Sie Ihre Schuhkollektion mit un\u00fcbertroffener Eleganz und Funktionalit\u00e4t auf.<\/p>\n<ul>\n<li><strong>Farbgebung:<\/strong> Magnetic Lime\/Magic Black\/Ink<\/li>\n<li><strong>Stilcode:<\/strong> U1906LAF<\/li>\n<li><strong>Obermaterial:<\/strong> Mesh<\/li>\n<li><strong>Mittelsohle:<\/strong> NERGY<\/li>\n<li><strong>Farbe:<\/strong> Grey<\/li>\n<li><strong>Erscheinungsjahr:<\/strong> 2024<\/li>\n<\/ul>\n","protected":false},"excerpt":{"rendered":"<p>Steigern Sie Ihr Sneaker-Game mit dem New Balance 1906 \u201eMagnet Phantom\u201c U1906LAF. Diese Sneaker vereinen ein elegantes, modernes Design mit \u00fcberragendem Komfort und verf\u00fcgen \u00fcber eine magnetische Phantom-Farbgebung, die m\u00fchelos vom Tag in die Nacht \u00fcbergeht. Sie sind aus atmungsaktiven Materialien und fortschrittlicher Polsterung gefertigt und bieten den ganzen Tag Unterst\u00fctzung bei jeder Aktivit\u00e4t. Die [&hellip;]<\/p>\n","protected":false},"featured_media":312124,"comment_status":"closed","ping_status":"closed","template":"","meta":[],"product_brand":[],"product_cat":[10774],"product_tag":[10750,18431,10756,10758,10760,10763,18411],"class_list":{"0":"post-311767","1":"product","2":"type-product","3":"status-publish","4":"has-post-thumbnail","6":"product_cat-new-balance","7":"product_tag-athleisure-shoes","8":"product_tag-geschenkidee-fuer-ihn","9":"product_tag-lifestyle-casual-shoes","10":"product_tag-lifestyle-shoes-running-inspired","11":"product_tag-new-balance","12":"product_tag-retro-running-shoes","13":"product_tag-unter-dem-regulaeren-preis","15":"first","16":"instock","17":"taxable","18":"shipping-taxable","19":"purchasable","20":"product-type-simple"},"wcpa_form_fields":null,"_links":{"self":[{"href":"https:\/\/moroen.com\/de\/wp-json\/wp\/v2\/product\/311767","targetHints":{"allow":["GET"]}}],"collection":[{"href":"https:\/\/moroen.com\/de\/wp-json\/wp\/v2\/product"}],"about":[{"href":"https:\/\/moroen.com\/de\/wp-json\/wp\/v2\/types\/product"}],"replies":[{"embeddable":true,"href":"https:\/\/moroen.com\/de\/wp-json\/wp\/v2\/comments?post=311767"}],"wp:featuredmedia":[{"embeddable":true,"href":"https:\/\/moroen.com\/de\/wp-json\/wp\/v2\/media\/312124"}],"wp:attachment":[{"href":"https:\/\/moroen.com\/de\/wp-json\/wp\/v2\/media?parent=311767"}],"wp:term":[{"taxonomy":"product_brand","embeddable":true,"href":"https:\/\/moroen.com\/de\/wp-json\/wp\/v2\/product_brand?post=311767"},{"taxonomy":"product_cat","embeddable":true,"href":"https:\/\/moroen.com\/de\/wp-json\/wp\/v2\/product_cat?post=311767"},{"taxonomy":"product_tag","embeddable":true,"href":"https:\/\/moroen.com\/de\/wp-json\/wp\/v2\/product_tag?post=311767"}],"curies":[{"name":"wp","href":"https:\/\/api.w.org\/{rel}","templated":true}]}}