{"id":311797,"date":"2026-04-20T01:22:11","date_gmt":"2026-04-19T18:22:11","guid":{"rendered":"https:\/\/moroen.com\/de\/?p=311797"},"modified":"2026-04-20T01:22:11","modified_gmt":"2026-04-19T18:22:11","slug":"asics-gel-kayano-14-clay-grey-black-1203a540-020","status":"publish","type":"product","link":"https:\/\/moroen.com\/de\/produkt\/asics-gel-kayano-14-clay-grey-black-1203a540-020\/","title":{"rendered":"ASICS Gel Kayano 14 \u201eClay Grey Black\u201c 1203A540-020"},"content":{"rendered":"<p>Erleben Sie die perfekte Mischung aus Stil und Leistung mit dem ASICS Gel Kayano 14 \u201eClay Grey Black\u201c 1203A540-020. Diese ikonischen Sneaker bieten dank ihrer fortschrittlichen Gel-D\u00e4mpfungstechnologie hervorragenden Halt und Komfort. Das elegante Design in Tongrau und Schwarz sorgt f\u00fcr einen modernen Touch und macht sie ideal f\u00fcr sportliche Aktivit\u00e4ten und Freizeitkleidung. Sie sind auf Langlebigkeit und Stabilit\u00e4t ausgelegt und sorgen f\u00fcr einen sanften Schritt, sodass Sie jede Herausforderung souver\u00e4n meistern. Werten Sie Ihre Schuhkollektion mit diesem zeitlosen Klassiker auf<\/p>\n<ul>\n<li><strong>Farbgebung:<\/strong> Clay Grey\/Black<\/li>\n<li><strong>Stilcode:<\/strong> 1203A540-020<\/li>\n<li><strong>Obermaterial:<\/strong> Mesh<\/li>\n<li><strong>Mittelsohle:<\/strong> Gel<\/li>\n<li><strong>Farbe:<\/strong> Grey<\/li>\n<li><strong>Saison:<\/strong> Fall<\/li>\n<li><strong>Erscheinungsjahr:<\/strong> 2024<\/li>\n<\/ul>\n","protected":false},"excerpt":{"rendered":"<p>Erleben Sie die perfekte Mischung aus Stil und Leistung mit dem ASICS Gel Kayano 14 \u201eClay Grey Black\u201c 1203A540-020. Diese ikonischen Sneaker bieten dank ihrer fortschrittlichen Gel-D\u00e4mpfungstechnologie hervorragenden Halt und Komfort. Das elegante Design in Tongrau und Schwarz sorgt f\u00fcr einen modernen Touch und macht sie ideal f\u00fcr sportliche Aktivit\u00e4ten und Freizeitkleidung. Sie sind auf [&hellip;]<\/p>\n","protected":false},"featured_media":312326,"comment_status":"closed","ping_status":"closed","template":"","meta":[],"product_brand":[],"product_cat":[12567],"product_tag":[12565,10750,18431,10756,10758,10763,18411],"class_list":{"0":"post-311797","1":"product","2":"type-product","3":"status-publish","4":"has-post-thumbnail","6":"product_cat-asics","7":"product_tag-asics","8":"product_tag-athleisure-shoes","9":"product_tag-geschenkidee-fuer-ihn","10":"product_tag-lifestyle-casual-shoes","11":"product_tag-lifestyle-shoes-running-inspired","12":"product_tag-retro-running-shoes","13":"product_tag-unter-dem-regulaeren-preis","15":"first","16":"instock","17":"taxable","18":"shipping-taxable","19":"purchasable","20":"product-type-simple"},"wcpa_form_fields":null,"_links":{"self":[{"href":"https:\/\/moroen.com\/de\/wp-json\/wp\/v2\/product\/311797","targetHints":{"allow":["GET"]}}],"collection":[{"href":"https:\/\/moroen.com\/de\/wp-json\/wp\/v2\/product"}],"about":[{"href":"https:\/\/moroen.com\/de\/wp-json\/wp\/v2\/types\/product"}],"replies":[{"embeddable":true,"href":"https:\/\/moroen.com\/de\/wp-json\/wp\/v2\/comments?post=311797"}],"wp:featuredmedia":[{"embeddable":true,"href":"https:\/\/moroen.com\/de\/wp-json\/wp\/v2\/media\/312326"}],"wp:attachment":[{"href":"https:\/\/moroen.com\/de\/wp-json\/wp\/v2\/media?parent=311797"}],"wp:term":[{"taxonomy":"product_brand","embeddable":true,"href":"https:\/\/moroen.com\/de\/wp-json\/wp\/v2\/product_brand?post=311797"},{"taxonomy":"product_cat","embeddable":true,"href":"https:\/\/moroen.com\/de\/wp-json\/wp\/v2\/product_cat?post=311797"},{"taxonomy":"product_tag","embeddable":true,"href":"https:\/\/moroen.com\/de\/wp-json\/wp\/v2\/product_tag?post=311797"}],"curies":[{"name":"wp","href":"https:\/\/api.w.org\/{rel}","templated":true}]}}