{"id":313360,"date":"2026-04-20T01:22:11","date_gmt":"2026-04-19T18:22:11","guid":{"rendered":"https:\/\/moroen.com\/de\/?p=313360"},"modified":"2026-04-20T01:22:11","modified_gmt":"2026-04-19T18:22:11","slug":"new-balance-9060-quartz-grey-u9060hsa","status":"publish","type":"product","link":"https:\/\/moroen.com\/de\/produkt\/new-balance-9060-quartz-grey-u9060hsa\/","title":{"rendered":"New Balance 9060 \u201eQuartz Grey\u201c U9060HSA"},"content":{"rendered":"<p>Der New Balance 9060 Quartz Grey Sneaker vereint Stil und Funktionalit\u00e4t mit seinem schlanken Design. Diese Sneaker wurden mit der renommierten handwerklichen Qualit\u00e4t von New Balance hergestellt und bieten Komfort und Haltbarkeit. Der Quartz Grey-Sneaker eignet sich perfekt f\u00fcr Sportler oder alle, die einen modischen Alltagsschuh suchen. Er ist eine vielseitige Wahl, die gut zu jedem Outfit passt.<\/p>\n<ul>\n<li><strong>Farbgebung:<\/strong> Quartz Grey\/Team Cream\/Sea Salt<\/li>\n<li><strong>Stilcode:<\/strong> U9060HSA<\/li>\n<li><strong>Obermaterial:<\/strong> Suede<\/li>\n<li><strong>Mittelsohle:<\/strong> ABZORB<\/li>\n<li><strong>Farbe:<\/strong> Grey<\/li>\n<li><strong>Saison:<\/strong> Winter<\/li>\n<li><strong>Erscheinungsjahr:<\/strong> 2023<\/li>\n<\/ul>\n","protected":false},"excerpt":{"rendered":"<p>Der New Balance 9060 Quartz Grey Sneaker vereint Stil und Funktionalit\u00e4t mit seinem schlanken Design. Diese Sneaker wurden mit der renommierten handwerklichen Qualit\u00e4t von New Balance hergestellt und bieten Komfort und Haltbarkeit. Der Quartz Grey-Sneaker eignet sich perfekt f\u00fcr Sportler oder alle, die einen modischen Alltagsschuh suchen. Er ist eine vielseitige Wahl, die gut zu [&hellip;]<\/p>\n","protected":false},"featured_media":313761,"comment_status":"closed","ping_status":"closed","template":"","meta":[],"product_brand":[],"product_cat":[10774],"product_tag":[10750,18431,10756,10758,10760,10763,18411],"class_list":{"0":"post-313360","1":"product","2":"type-product","3":"status-publish","4":"has-post-thumbnail","6":"product_cat-new-balance","7":"product_tag-athleisure-shoes","8":"product_tag-geschenkidee-fuer-ihn","9":"product_tag-lifestyle-casual-shoes","10":"product_tag-lifestyle-shoes-running-inspired","11":"product_tag-new-balance","12":"product_tag-retro-running-shoes","13":"product_tag-unter-dem-regulaeren-preis","15":"first","16":"instock","17":"taxable","18":"shipping-taxable","19":"purchasable","20":"product-type-simple"},"wcpa_form_fields":null,"_links":{"self":[{"href":"https:\/\/moroen.com\/de\/wp-json\/wp\/v2\/product\/313360","targetHints":{"allow":["GET"]}}],"collection":[{"href":"https:\/\/moroen.com\/de\/wp-json\/wp\/v2\/product"}],"about":[{"href":"https:\/\/moroen.com\/de\/wp-json\/wp\/v2\/types\/product"}],"replies":[{"embeddable":true,"href":"https:\/\/moroen.com\/de\/wp-json\/wp\/v2\/comments?post=313360"}],"wp:featuredmedia":[{"embeddable":true,"href":"https:\/\/moroen.com\/de\/wp-json\/wp\/v2\/media\/313761"}],"wp:attachment":[{"href":"https:\/\/moroen.com\/de\/wp-json\/wp\/v2\/media?parent=313360"}],"wp:term":[{"taxonomy":"product_brand","embeddable":true,"href":"https:\/\/moroen.com\/de\/wp-json\/wp\/v2\/product_brand?post=313360"},{"taxonomy":"product_cat","embeddable":true,"href":"https:\/\/moroen.com\/de\/wp-json\/wp\/v2\/product_cat?post=313360"},{"taxonomy":"product_tag","embeddable":true,"href":"https:\/\/moroen.com\/de\/wp-json\/wp\/v2\/product_tag?post=313360"}],"curies":[{"name":"wp","href":"https:\/\/api.w.org\/{rel}","templated":true}]}}