{"id":315035,"date":"2026-04-20T01:22:11","date_gmt":"2026-04-19T18:22:11","guid":{"rendered":"https:\/\/moroen.com\/de\/?p=315035"},"modified":"2026-04-20T01:22:11","modified_gmt":"2026-04-19T18:22:11","slug":"undefeated-x-nike-dunk-low-sp-canteen-dh3061-200","status":"publish","type":"product","link":"https:\/\/moroen.com\/de\/produkt\/undefeated-x-nike-dunk-low-sp-canteen-dh3061-200\/","title":{"rendered":"UNDEFEATED x Nike Dunk Low SP \u201eCanteen\u201c DH3061-200"},"content":{"rendered":"<p>Der von Nike gefertigte UNDEFEATED x Nike Dunk Low SP Canteen-Sneaker vereint Funktionalit\u00e4t und Stil in einem. Mit seinem schlanken Design und der vielseitigen Farbgebung ist dieser Sneaker perfekt f\u00fcr den Alltag geeignet. Bringen Sie Ihr Streetwear-Spiel mit dieser Zusammenarbeit zwischen UNDEFEATED und Nike auf die n\u00e4chste Stufe.<\/p>\n<ul>\n<li><strong>Farbgebung:<\/strong> Canteen\/Lemon Frost<\/li>\n<li><strong>Stilcode:<\/strong> DH3061-200<\/li>\n<li><strong>Obermaterial:<\/strong> Leather<\/li>\n<li><strong>Farbe:<\/strong> Brown<\/li>\n<li><strong>Designer:<\/strong> Peter Moore<\/li>\n<li><strong>Saison:<\/strong> Summer<\/li>\n<li><strong>Erscheinungsjahr:<\/strong> 2021<\/li>\n<\/ul>\n","protected":false},"excerpt":{"rendered":"<p>Der von Nike gefertigte UNDEFEATED x Nike Dunk Low SP Canteen-Sneaker vereint Funktionalit\u00e4t und Stil in einem. Mit seinem schlanken Design und der vielseitigen Farbgebung ist dieser Sneaker perfekt f\u00fcr den Alltag geeignet. Bringen Sie Ihr Streetwear-Spiel mit dieser Zusammenarbeit zwischen UNDEFEATED und Nike auf die n\u00e4chste Stufe. Farbgebung: Canteen\/Lemon Frost Stilcode: DH3061-200 Obermaterial: Leather [&hellip;]<\/p>\n","protected":false},"featured_media":315285,"comment_status":"closed","ping_status":"closed","template":"","meta":[],"product_brand":[],"product_cat":[10773],"product_tag":[18431,10756,10814,10961,10762,10839],"class_list":{"0":"post-315035","1":"product","2":"type-product","3":"status-publish","4":"has-post-thumbnail","6":"product_cat-nike","7":"product_tag-geschenkidee-fuer-ihn","8":"product_tag-lifestyle-casual-shoes","9":"product_tag-lifestyle-shoes-basketball-inspired","10":"product_tag-lifestyle-shoes-skateboarding-inspired","11":"product_tag-nike","12":"product_tag-nike-skateboarding-shoes","14":"first","15":"instock","16":"taxable","17":"shipping-taxable","18":"purchasable","19":"product-type-simple"},"wcpa_form_fields":null,"_links":{"self":[{"href":"https:\/\/moroen.com\/de\/wp-json\/wp\/v2\/product\/315035","targetHints":{"allow":["GET"]}}],"collection":[{"href":"https:\/\/moroen.com\/de\/wp-json\/wp\/v2\/product"}],"about":[{"href":"https:\/\/moroen.com\/de\/wp-json\/wp\/v2\/types\/product"}],"replies":[{"embeddable":true,"href":"https:\/\/moroen.com\/de\/wp-json\/wp\/v2\/comments?post=315035"}],"wp:featuredmedia":[{"embeddable":true,"href":"https:\/\/moroen.com\/de\/wp-json\/wp\/v2\/media\/315285"}],"wp:attachment":[{"href":"https:\/\/moroen.com\/de\/wp-json\/wp\/v2\/media?parent=315035"}],"wp:term":[{"taxonomy":"product_brand","embeddable":true,"href":"https:\/\/moroen.com\/de\/wp-json\/wp\/v2\/product_brand?post=315035"},{"taxonomy":"product_cat","embeddable":true,"href":"https:\/\/moroen.com\/de\/wp-json\/wp\/v2\/product_cat?post=315035"},{"taxonomy":"product_tag","embeddable":true,"href":"https:\/\/moroen.com\/de\/wp-json\/wp\/v2\/product_tag?post=315035"}],"curies":[{"name":"wp","href":"https:\/\/api.w.org\/{rel}","templated":true}]}}