{"id":315782,"date":"2026-04-20T01:22:11","date_gmt":"2026-04-19T18:22:11","guid":{"rendered":"https:\/\/moroen.com\/de\/?p=315782"},"modified":"2026-04-20T01:22:11","modified_gmt":"2026-04-19T18:22:11","slug":"air-jordan-6-retro-infrared-23-384664-623","status":"publish","type":"product","link":"https:\/\/moroen.com\/de\/produkt\/air-jordan-6-retro-infrared-23-384664-623\/","title":{"rendered":"Air Jordan 6 Retro \u201eInfrared 23\u201c 384664-623"},"content":{"rendered":"<p>Verbessern Sie Ihr Sneaker-Spiel mit dem Air Jordan 6 Retro \u201eInfrared 23\u201c (384664-623). Mit einem leuchtenden Infrarot-Obermaterial zelebrieren diese ikonischen Sneaker das Verm\u00e4chtnis von Michael Jordan mit einem auff\u00e4lligen Design und \u00fcberragendem Komfort. Perforierte Eins\u00e4tze sorgen f\u00fcr Atmungsaktivit\u00e4t, w\u00e4hrend die sichtbare Air-Sole-Einheit f\u00fcr reaktionsfreudige D\u00e4mpfung sorgt. Die Gummiau\u00dfensohle bietet hervorragende Traktion sowohl f\u00fcr Freizeitkleidung als auch f\u00fcr die Leistung auf dem Platz. Der AJ6 \u201eInfrared 23\u201c ist perfekt f\u00fcr Sneakerheads und Basketball-Enthusiasten<\/p>\n<ul>\n<li><strong>Farbgebung:<\/strong> Infrared 23\/Black\/Infrared 23<\/li>\n<li><strong>Stilcode:<\/strong> 384664-623<\/li>\n<li><strong>Obermaterial:<\/strong> Leather<\/li>\n<li><strong>Mittelsohle:<\/strong> Air<\/li>\n<li><strong>Farbe:<\/strong> Red<\/li>\n<li><strong>Designer:<\/strong> Tinker Hatfield<\/li>\n<li><strong>Saison:<\/strong> Winter<\/li>\n<li><strong>Erscheinungsjahr:<\/strong> 2014<\/li>\n<\/ul>\n","protected":false},"excerpt":{"rendered":"<p>Verbessern Sie Ihr Sneaker-Spiel mit dem Air Jordan 6 Retro \u201eInfrared 23\u201c (384664-623). Mit einem leuchtenden Infrarot-Obermaterial zelebrieren diese ikonischen Sneaker das Verm\u00e4chtnis von Michael Jordan mit einem auff\u00e4lligen Design und \u00fcberragendem Komfort. Perforierte Eins\u00e4tze sorgen f\u00fcr Atmungsaktivit\u00e4t, w\u00e4hrend die sichtbare Air-Sole-Einheit f\u00fcr reaktionsfreudige D\u00e4mpfung sorgt. Die Gummiau\u00dfensohle bietet hervorragende Traktion sowohl f\u00fcr Freizeitkleidung als [&hellip;]<\/p>\n","protected":false},"featured_media":316053,"comment_status":"closed","ping_status":"closed","template":"","meta":[],"product_brand":[],"product_cat":[10825],"product_tag":[10750,12579,18431,10819,10820,10821,10756,10814,10858,18411],"class_list":{"0":"post-315782","1":"product","2":"type-product","3":"status-publish","4":"has-post-thumbnail","6":"product_cat-jordan","7":"product_tag-athleisure-shoes","8":"product_tag-basketballschuhe","9":"product_tag-geschenkidee-fuer-ihn","10":"product_tag-jordan","11":"product_tag-jordan-basketball-shoes","12":"product_tag-jordan-skateboarding-shoes","13":"product_tag-lifestyle-casual-shoes","14":"product_tag-lifestyle-shoes-basketball-inspired","15":"product_tag-retro-casual-shoes","16":"product_tag-unter-dem-regulaeren-preis","18":"first","19":"instock","20":"taxable","21":"shipping-taxable","22":"purchasable","23":"product-type-simple"},"wcpa_form_fields":null,"_links":{"self":[{"href":"https:\/\/moroen.com\/de\/wp-json\/wp\/v2\/product\/315782","targetHints":{"allow":["GET"]}}],"collection":[{"href":"https:\/\/moroen.com\/de\/wp-json\/wp\/v2\/product"}],"about":[{"href":"https:\/\/moroen.com\/de\/wp-json\/wp\/v2\/types\/product"}],"replies":[{"embeddable":true,"href":"https:\/\/moroen.com\/de\/wp-json\/wp\/v2\/comments?post=315782"}],"wp:featuredmedia":[{"embeddable":true,"href":"https:\/\/moroen.com\/de\/wp-json\/wp\/v2\/media\/316053"}],"wp:attachment":[{"href":"https:\/\/moroen.com\/de\/wp-json\/wp\/v2\/media?parent=315782"}],"wp:term":[{"taxonomy":"product_brand","embeddable":true,"href":"https:\/\/moroen.com\/de\/wp-json\/wp\/v2\/product_brand?post=315782"},{"taxonomy":"product_cat","embeddable":true,"href":"https:\/\/moroen.com\/de\/wp-json\/wp\/v2\/product_cat?post=315782"},{"taxonomy":"product_tag","embeddable":true,"href":"https:\/\/moroen.com\/de\/wp-json\/wp\/v2\/product_tag?post=315782"}],"curies":[{"name":"wp","href":"https:\/\/api.w.org\/{rel}","templated":true}]}}