{"id":315799,"date":"2026-04-20T01:22:11","date_gmt":"2026-04-19T18:22:11","guid":{"rendered":"https:\/\/moroen.com\/de\/?p=315799"},"modified":"2026-04-20T01:22:11","modified_gmt":"2026-04-19T18:22:11","slug":"new-balance-574v2-marblehead-incense-ml574tt2","status":"publish","type":"product","link":"https:\/\/moroen.com\/de\/produkt\/new-balance-574v2-marblehead-incense-ml574tt2\/","title":{"rendered":"New Balance 574v2 \u201eMarblehead Incense\u201c ML574TT2"},"content":{"rendered":"<p>Wir stellen Ihnen die New Balance 574v2 Marblehead Incense Sneakers vor, pr\u00e4sentiert von der renommierten Marke New Balance. Diese Sneaker vereinen Stil und Komfort und zeichnen sich durch ein elegantes Design mit einem Marmorkopf-Weihrauch-Farbschema aus. Diese Sneakers eignen sich perfekt f\u00fcr den Alltag und setzen mit Sicherheit ein Statement, w\u00e4hrend Sie sich den ganzen Tag lang wohlf\u00fchlen.<\/p>\n<ul>\n<li><strong>Farbgebung:<\/strong> Marblehead\/Incense<\/li>\n<li><strong>Stilcode:<\/strong> ML574TT2<\/li>\n<li><strong>Obermaterial:<\/strong> Suede<\/li>\n<li><strong>Mittelsohle:<\/strong> ENCAP<\/li>\n<li><strong>Farbe:<\/strong> Grey<\/li>\n<li><strong>Saison:<\/strong> Winter<\/li>\n<li><strong>Erscheinungsjahr:<\/strong> 2022<\/li>\n<\/ul>\n","protected":false},"excerpt":{"rendered":"<p>Wir stellen Ihnen die New Balance 574v2 Marblehead Incense Sneakers vor, pr\u00e4sentiert von der renommierten Marke New Balance. Diese Sneaker vereinen Stil und Komfort und zeichnen sich durch ein elegantes Design mit einem Marmorkopf-Weihrauch-Farbschema aus. Diese Sneakers eignen sich perfekt f\u00fcr den Alltag und setzen mit Sicherheit ein Statement, w\u00e4hrend Sie sich den ganzen Tag [&hellip;]<\/p>\n","protected":false},"featured_media":316174,"comment_status":"closed","ping_status":"closed","template":"","meta":[],"product_brand":[],"product_cat":[10774],"product_tag":[10750,18431,10756,10758,10760,10761,10763],"class_list":{"0":"post-315799","1":"product","2":"type-product","3":"status-publish","4":"has-post-thumbnail","6":"product_cat-new-balance","7":"product_tag-athleisure-shoes","8":"product_tag-geschenkidee-fuer-ihn","9":"product_tag-lifestyle-casual-shoes","10":"product_tag-lifestyle-shoes-running-inspired","11":"product_tag-new-balance","12":"product_tag-new-balance-running-shoes","13":"product_tag-retro-running-shoes","15":"first","16":"instock","17":"taxable","18":"shipping-taxable","19":"purchasable","20":"product-type-simple"},"wcpa_form_fields":null,"_links":{"self":[{"href":"https:\/\/moroen.com\/de\/wp-json\/wp\/v2\/product\/315799","targetHints":{"allow":["GET"]}}],"collection":[{"href":"https:\/\/moroen.com\/de\/wp-json\/wp\/v2\/product"}],"about":[{"href":"https:\/\/moroen.com\/de\/wp-json\/wp\/v2\/types\/product"}],"replies":[{"embeddable":true,"href":"https:\/\/moroen.com\/de\/wp-json\/wp\/v2\/comments?post=315799"}],"wp:featuredmedia":[{"embeddable":true,"href":"https:\/\/moroen.com\/de\/wp-json\/wp\/v2\/media\/316174"}],"wp:attachment":[{"href":"https:\/\/moroen.com\/de\/wp-json\/wp\/v2\/media?parent=315799"}],"wp:term":[{"taxonomy":"product_brand","embeddable":true,"href":"https:\/\/moroen.com\/de\/wp-json\/wp\/v2\/product_brand?post=315799"},{"taxonomy":"product_cat","embeddable":true,"href":"https:\/\/moroen.com\/de\/wp-json\/wp\/v2\/product_cat?post=315799"},{"taxonomy":"product_tag","embeddable":true,"href":"https:\/\/moroen.com\/de\/wp-json\/wp\/v2\/product_tag?post=315799"}],"curies":[{"name":"wp","href":"https:\/\/api.w.org\/{rel}","templated":true}]}}