{"id":315825,"date":"2026-04-20T01:22:11","date_gmt":"2026-04-19T18:22:11","guid":{"rendered":"https:\/\/moroen.com\/de\/?p=315825"},"modified":"2026-04-20T01:22:11","modified_gmt":"2026-04-19T18:22:11","slug":"nike-dunk-low-ultraman-630358-061","status":"publish","type":"product","link":"https:\/\/moroen.com\/de\/produkt\/nike-dunk-low-ultraman-630358-061\/","title":{"rendered":"Nike Dunk Low \u201eUltraman\u201c 630358-061"},"content":{"rendered":"<p>Wir stellen die Nike Dunk Low Ultraman-Sneaker in der Farbkombination Silber\/Varsity Red vor. Diese stilvollen Schuhe von Nike haben ein elegantes Design und eine leuchtend rote Farbe, die mit Sicherheit \u00fcberall f\u00fcr Aufsehen sorgen. Diese aus hochwertigen Materialien gefertigten Sneaker bieten sowohl Stil als auch Komfort. Perfekt f\u00fcr alle, die ein mutiges modisches Statement setzen m\u00f6chten.<\/p>\n<ul>\n<li><strong>Farbgebung:<\/strong> red<\/li>\n<li><strong>Stilcode:<\/strong> 630358-061<\/li>\n<li><strong>Obermaterial:<\/strong> Leather<\/li>\n<li><strong>Farbe:<\/strong> Red<\/li>\n<li><strong>Designer:<\/strong> Peter Moore<\/li>\n<\/ul>\n","protected":false},"excerpt":{"rendered":"<p>Wir stellen die Nike Dunk Low Ultraman-Sneaker in der Farbkombination Silber\/Varsity Red vor. Diese stilvollen Schuhe von Nike haben ein elegantes Design und eine leuchtend rote Farbe, die mit Sicherheit \u00fcberall f\u00fcr Aufsehen sorgen. Diese aus hochwertigen Materialien gefertigten Sneaker bieten sowohl Stil als auch Komfort. Perfekt f\u00fcr alle, die ein mutiges modisches Statement setzen [&hellip;]<\/p>\n","protected":false},"featured_media":316373,"comment_status":"closed","ping_status":"closed","template":"","meta":[],"product_brand":[],"product_cat":[10773],"product_tag":[12579,12578,18431,10756,10961,10762,10792,12563],"class_list":{"0":"post-315825","1":"product","2":"type-product","3":"status-publish","4":"has-post-thumbnail","6":"product_cat-nike","7":"product_tag-basketballschuhe","8":"product_tag-basketballschuhe-mit-kna-cheluntersta-tzung","9":"product_tag-geschenkidee-fuer-ihn","10":"product_tag-lifestyle-casual-shoes","11":"product_tag-lifestyle-shoes-skateboarding-inspired","12":"product_tag-nike","13":"product_tag-nike-running-shoes","14":"product_tag-performance-sportschuhe","16":"first","17":"instock","18":"taxable","19":"shipping-taxable","20":"purchasable","21":"product-type-simple"},"wcpa_form_fields":null,"_links":{"self":[{"href":"https:\/\/moroen.com\/de\/wp-json\/wp\/v2\/product\/315825","targetHints":{"allow":["GET"]}}],"collection":[{"href":"https:\/\/moroen.com\/de\/wp-json\/wp\/v2\/product"}],"about":[{"href":"https:\/\/moroen.com\/de\/wp-json\/wp\/v2\/types\/product"}],"replies":[{"embeddable":true,"href":"https:\/\/moroen.com\/de\/wp-json\/wp\/v2\/comments?post=315825"}],"wp:featuredmedia":[{"embeddable":true,"href":"https:\/\/moroen.com\/de\/wp-json\/wp\/v2\/media\/316373"}],"wp:attachment":[{"href":"https:\/\/moroen.com\/de\/wp-json\/wp\/v2\/media?parent=315825"}],"wp:term":[{"taxonomy":"product_brand","embeddable":true,"href":"https:\/\/moroen.com\/de\/wp-json\/wp\/v2\/product_brand?post=315825"},{"taxonomy":"product_cat","embeddable":true,"href":"https:\/\/moroen.com\/de\/wp-json\/wp\/v2\/product_cat?post=315825"},{"taxonomy":"product_tag","embeddable":true,"href":"https:\/\/moroen.com\/de\/wp-json\/wp\/v2\/product_tag?post=315825"}],"curies":[{"name":"wp","href":"https:\/\/api.w.org\/{rel}","templated":true}]}}