{"id":315845,"date":"2026-04-20T01:22:11","date_gmt":"2026-04-19T18:22:11","guid":{"rendered":"https:\/\/moroen.com\/de\/?p=315845"},"modified":"2026-04-20T01:22:11","modified_gmt":"2026-04-19T18:22:11","slug":"asics-novablast-4-black-graphite-grey-1011b693-002","status":"publish","type":"product","link":"https:\/\/moroen.com\/de\/produkt\/asics-novablast-4-black-graphite-grey-1011b693-002\/","title":{"rendered":"ASICS Novablast 4 &#8216;Black Graphite Grey&#8217; 1011B693-002"},"content":{"rendered":"<p>Erleben Sie unvergleichliche Geschwindigkeit mit dem ASICS Novablast 4 \u201eBlack Graphite Grey\u201c! Diese Schuhe sind mit der FLYTEFOAM BLAST\u2122-Technologie ausgestattet und bieten eine explosive Energier\u00fcckgabe und ultraleichte D\u00e4mpfung. Das atmungsaktive Mesh des Obermaterials f\u00f6rdert die Luftzirkulation, w\u00e4hrend die GUIDESOLE\u2122-Technologie mit ihrem einzigartigen geschwungenen Sohlendesign die Stabilit\u00e4t und Effizienz erh\u00f6ht. Egal, ob Sie ein erfahrener L\u00e4ufer sind oder gerade erst Ihre Fitnessreise beginnen, mit dem Novablast 4 erreichen Sie die n\u00e4chste Stufe des Laufens.<\/p>\n<ul>\n<li><strong>Farbgebung:<\/strong> Black\/Graphite Grey<\/li>\n<li><strong>Stilcode:<\/strong> 1011B693-002<\/li>\n<li><strong>Obermaterial:<\/strong> Mesh<\/li>\n<li><strong>Mittelsohle:<\/strong> FlyteFoam Blast+<\/li>\n<\/ul>\n","protected":false},"excerpt":{"rendered":"<p>Erleben Sie unvergleichliche Geschwindigkeit mit dem ASICS Novablast 4 \u201eBlack Graphite Grey\u201c! Diese Schuhe sind mit der FLYTEFOAM BLAST\u2122-Technologie ausgestattet und bieten eine explosive Energier\u00fcckgabe und ultraleichte D\u00e4mpfung. Das atmungsaktive Mesh des Obermaterials f\u00f6rdert die Luftzirkulation, w\u00e4hrend die GUIDESOLE\u2122-Technologie mit ihrem einzigartigen geschwungenen Sohlendesign die Stabilit\u00e4t und Effizienz erh\u00f6ht. Egal, ob Sie ein erfahrener L\u00e4ufer [&hellip;]<\/p>\n","protected":false},"featured_media":316513,"comment_status":"closed","ping_status":"closed","template":"","meta":[],"product_brand":[],"product_cat":[12567],"product_tag":[12565,18431,12564,10829,10777,12563,18411],"class_list":{"0":"post-315845","1":"product","2":"type-product","3":"status-publish","4":"has-post-thumbnail","6":"product_cat-asics","7":"product_tag-asics","8":"product_tag-geschenkidee-fuer-ihn","9":"product_tag-laufschuhe","10":"product_tag-lightweight-running-shoes","11":"product_tag-performance-running-shoes","12":"product_tag-performance-sportschuhe","13":"product_tag-unter-dem-regulaeren-preis","15":"first","16":"instock","17":"taxable","18":"shipping-taxable","19":"purchasable","20":"product-type-simple"},"wcpa_form_fields":null,"_links":{"self":[{"href":"https:\/\/moroen.com\/de\/wp-json\/wp\/v2\/product\/315845","targetHints":{"allow":["GET"]}}],"collection":[{"href":"https:\/\/moroen.com\/de\/wp-json\/wp\/v2\/product"}],"about":[{"href":"https:\/\/moroen.com\/de\/wp-json\/wp\/v2\/types\/product"}],"replies":[{"embeddable":true,"href":"https:\/\/moroen.com\/de\/wp-json\/wp\/v2\/comments?post=315845"}],"wp:featuredmedia":[{"embeddable":true,"href":"https:\/\/moroen.com\/de\/wp-json\/wp\/v2\/media\/316513"}],"wp:attachment":[{"href":"https:\/\/moroen.com\/de\/wp-json\/wp\/v2\/media?parent=315845"}],"wp:term":[{"taxonomy":"product_brand","embeddable":true,"href":"https:\/\/moroen.com\/de\/wp-json\/wp\/v2\/product_brand?post=315845"},{"taxonomy":"product_cat","embeddable":true,"href":"https:\/\/moroen.com\/de\/wp-json\/wp\/v2\/product_cat?post=315845"},{"taxonomy":"product_tag","embeddable":true,"href":"https:\/\/moroen.com\/de\/wp-json\/wp\/v2\/product_tag?post=315845"}],"curies":[{"name":"wp","href":"https:\/\/api.w.org\/{rel}","templated":true}]}}