{"id":316606,"date":"2026-04-20T01:22:11","date_gmt":"2026-04-19T18:22:11","guid":{"rendered":"https:\/\/moroen.com\/de\/?p=316606"},"modified":"2026-04-20T01:22:11","modified_gmt":"2026-04-19T18:22:11","slug":"nike-acg-mountain-fly-2-low-summit-white-orange-dv7903-100","status":"publish","type":"product","link":"https:\/\/moroen.com\/de\/produkt\/nike-acg-mountain-fly-2-low-summit-white-orange-dv7903-100\/","title":{"rendered":"Nike ACG Mountain Fly 2 Low \u201eSummit White Orange\u201c DV7903-100"},"content":{"rendered":"<p>Erh\u00f6hen Sie Ihre Outdoor-Abenteuer mit dem Nike ACG Mountain Fly 2 Low \u201eSummit White Orange\u201c. Dieser Schuh wurde f\u00fcr raues Gel\u00e4nde entwickelt und verf\u00fcgt \u00fcber ein strapazierf\u00e4higes Obermaterial in einer auff\u00e4lligen Farbkombination aus Wei\u00df und Orange. Die leichte, reaktionsfreudige D\u00e4mpfung sorgt f\u00fcr ganzt\u00e4gigen Komfort, w\u00e4hrend das fortschrittliche Traktionssystem hervorragenden Halt auf jedem Untergrund bietet. Es besteht aus nachhaltigen Materialien und ist perfekt f\u00fcr umweltbewusste Entdecker. Erobern Sie Berge und Stadtstra\u00dfen gleicherma\u00dfen mit Stil und Selbstvertrauen bei jedem Schritt. Entdecken Sie grenzenlose M\u00f6glichkeiten mit Nike ACG.<\/p>\n<ul>\n<li><strong>Farbgebung:<\/strong> Summit White\/Summit White-Black<\/li>\n<li><strong>Stilcode:<\/strong> DV7903-100<\/li>\n<li><strong>Obermaterial:<\/strong> Mesh<\/li>\n<li><strong>Mittelsohle:<\/strong> React<\/li>\n<li><strong>Farbe:<\/strong> White<\/li>\n<\/ul>\n","protected":false},"excerpt":{"rendered":"<p>Erh\u00f6hen Sie Ihre Outdoor-Abenteuer mit dem Nike ACG Mountain Fly 2 Low \u201eSummit White Orange\u201c. Dieser Schuh wurde f\u00fcr raues Gel\u00e4nde entwickelt und verf\u00fcgt \u00fcber ein strapazierf\u00e4higes Obermaterial in einer auff\u00e4lligen Farbkombination aus Wei\u00df und Orange. Die leichte, reaktionsfreudige D\u00e4mpfung sorgt f\u00fcr ganzt\u00e4gigen Komfort, w\u00e4hrend das fortschrittliche Traktionssystem hervorragenden Halt auf jedem Untergrund bietet. Es [&hellip;]<\/p>\n","protected":false},"featured_media":316912,"comment_status":"closed","ping_status":"closed","template":"","meta":[],"product_brand":[],"product_cat":[10773],"product_tag":[18431,11446,11921,10762,12563,18411,13188],"class_list":{"0":"post-316606","1":"product","2":"type-product","3":"status-publish","4":"has-post-thumbnail","6":"product_cat-nike","7":"product_tag-geschenkidee-fuer-ihn","8":"product_tag-lightweight-hiking-shoes","9":"product_tag-low-cut-hiking-shoes","10":"product_tag-nike","11":"product_tag-performance-sportschuhe","12":"product_tag-unter-dem-regulaeren-preis","13":"product_tag-wanderschuhe","15":"first","16":"instock","17":"taxable","18":"shipping-taxable","19":"purchasable","20":"product-type-simple"},"wcpa_form_fields":null,"_links":{"self":[{"href":"https:\/\/moroen.com\/de\/wp-json\/wp\/v2\/product\/316606","targetHints":{"allow":["GET"]}}],"collection":[{"href":"https:\/\/moroen.com\/de\/wp-json\/wp\/v2\/product"}],"about":[{"href":"https:\/\/moroen.com\/de\/wp-json\/wp\/v2\/types\/product"}],"replies":[{"embeddable":true,"href":"https:\/\/moroen.com\/de\/wp-json\/wp\/v2\/comments?post=316606"}],"wp:featuredmedia":[{"embeddable":true,"href":"https:\/\/moroen.com\/de\/wp-json\/wp\/v2\/media\/316912"}],"wp:attachment":[{"href":"https:\/\/moroen.com\/de\/wp-json\/wp\/v2\/media?parent=316606"}],"wp:term":[{"taxonomy":"product_brand","embeddable":true,"href":"https:\/\/moroen.com\/de\/wp-json\/wp\/v2\/product_brand?post=316606"},{"taxonomy":"product_cat","embeddable":true,"href":"https:\/\/moroen.com\/de\/wp-json\/wp\/v2\/product_cat?post=316606"},{"taxonomy":"product_tag","embeddable":true,"href":"https:\/\/moroen.com\/de\/wp-json\/wp\/v2\/product_tag?post=316606"}],"curies":[{"name":"wp","href":"https:\/\/api.w.org\/{rel}","templated":true}]}}