{"id":316617,"date":"2026-04-20T01:22:11","date_gmt":"2026-04-19T18:22:11","guid":{"rendered":"https:\/\/moroen.com\/de\/?p=316617"},"modified":"2026-04-20T01:22:11","modified_gmt":"2026-04-19T18:22:11","slug":"air-jordan-1-low-golf-phantom-volt-dd9315-108","status":"publish","type":"product","link":"https:\/\/moroen.com\/de\/produkt\/air-jordan-1-low-golf-phantom-volt-dd9315-108\/","title":{"rendered":"Air Jordan 1 Low Golf \u201ePhantom Volt\u201c DD9315-108"},"content":{"rendered":"<p>Wir stellen vor: die Air Jordan 1 Low Golf Phantom Volt-Sneaker von Jordan. Diese stylischen Low-Top-Sneaker bieten sowohl Komfort als auch Leistung auf dem Golfplatz. Mit ihrem schlanken Design und der Volt-Farbgebung sind diese Sneaker perfekt f\u00fcr Golfer, die ein Statement setzen m\u00f6chten. Gehen Sie keine Kompromisse bei Stil und Funktionalit\u00e4t ein \u2013 entscheiden Sie sich f\u00fcr die Air Jordan 1 Low Golf Phantom Volt-Sneaker f\u00fcr Ihr n\u00e4chstes Golfspiel.<\/p>\n<ul>\n<li><strong>Farbgebung:<\/strong> White\/Black\/Phantom\/Volt<\/li>\n<li><strong>Stilcode:<\/strong> DD9315-108<\/li>\n<li><strong>Obermaterial:<\/strong> Leather<\/li>\n<li><strong>Mittelsohle:<\/strong> Air<\/li>\n<li><strong>Farbe:<\/strong> Black<\/li>\n<li><strong>Designer:<\/strong> Peter Moore<\/li>\n<li><strong>Saison:<\/strong> Spring<\/li>\n<li><strong>Erscheinungsjahr:<\/strong> 2023<\/li>\n<\/ul>\n","protected":false},"excerpt":{"rendered":"<p>Wir stellen vor: die Air Jordan 1 Low Golf Phantom Volt-Sneaker von Jordan. Diese stylischen Low-Top-Sneaker bieten sowohl Komfort als auch Leistung auf dem Golfplatz. Mit ihrem schlanken Design und der Volt-Farbgebung sind diese Sneaker perfekt f\u00fcr Golfer, die ein Statement setzen m\u00f6chten. Gehen Sie keine Kompromisse bei Stil und Funktionalit\u00e4t ein \u2013 entscheiden Sie [&hellip;]<\/p>\n","protected":false},"featured_media":316967,"comment_status":"closed","ping_status":"closed","template":"","meta":[],"product_brand":[],"product_cat":[10825],"product_tag":[12310,10873,18431,12644,10819,12563,10874,18411],"class_list":{"0":"post-316617","1":"product","2":"type-product","3":"status-publish","4":"has-post-thumbnail","6":"product_cat-jordan","7":"product_tag-best-seller","8":"product_tag-casual-golf-shoes","9":"product_tag-geschenkidee-fuer-ihn","10":"product_tag-golfschuhe","11":"product_tag-jordan","12":"product_tag-performance-sportschuhe","13":"product_tag-spikeless-golf-shoes","14":"product_tag-unter-dem-regulaeren-preis","16":"first","17":"instock","18":"taxable","19":"shipping-taxable","20":"purchasable","21":"product-type-simple"},"wcpa_form_fields":null,"_links":{"self":[{"href":"https:\/\/moroen.com\/de\/wp-json\/wp\/v2\/product\/316617","targetHints":{"allow":["GET"]}}],"collection":[{"href":"https:\/\/moroen.com\/de\/wp-json\/wp\/v2\/product"}],"about":[{"href":"https:\/\/moroen.com\/de\/wp-json\/wp\/v2\/types\/product"}],"replies":[{"embeddable":true,"href":"https:\/\/moroen.com\/de\/wp-json\/wp\/v2\/comments?post=316617"}],"wp:featuredmedia":[{"embeddable":true,"href":"https:\/\/moroen.com\/de\/wp-json\/wp\/v2\/media\/316967"}],"wp:attachment":[{"href":"https:\/\/moroen.com\/de\/wp-json\/wp\/v2\/media?parent=316617"}],"wp:term":[{"taxonomy":"product_brand","embeddable":true,"href":"https:\/\/moroen.com\/de\/wp-json\/wp\/v2\/product_brand?post=316617"},{"taxonomy":"product_cat","embeddable":true,"href":"https:\/\/moroen.com\/de\/wp-json\/wp\/v2\/product_cat?post=316617"},{"taxonomy":"product_tag","embeddable":true,"href":"https:\/\/moroen.com\/de\/wp-json\/wp\/v2\/product_tag?post=316617"}],"curies":[{"name":"wp","href":"https:\/\/api.w.org\/{rel}","templated":true}]}}