{"id":318265,"date":"2026-04-20T01:22:11","date_gmt":"2026-04-19T18:22:11","guid":{"rendered":"https:\/\/moroen.com\/de\/?p=318265"},"modified":"2026-04-20T01:22:11","modified_gmt":"2026-04-19T18:22:11","slug":"air-jordan-1-retro-high-white-elephant-839115-106","status":"publish","type":"product","link":"https:\/\/moroen.com\/de\/produkt\/air-jordan-1-retro-high-white-elephant-839115-106\/","title":{"rendered":"Air Jordan 1 Retro High \u201eWhite Elephant\u201c 839115-106"},"content":{"rendered":"<p>Der Air Jordan 1 Retro High White Elephant, auch bekannt als White Elephant, ist ein stylischer Schuh der beliebten Marke Jordan. Es zeichnet sich durch eine klare wei\u00dfe Farbe und ein einzigartiges Elefantenmuster aus und verleiht jedem Outfit einen Hauch von Raffinesse. Perfekt f\u00fcr Sneaker-Enthusiasten und modebewusste Menschen gleicherma\u00dfen.<\/p>\n<ul>\n<li><strong>Farbgebung:<\/strong> White\/Cement Grey\/Black<\/li>\n<li><strong>Stilcode:<\/strong> 839115-106<\/li>\n<li><strong>Obermaterial:<\/strong> Leather<\/li>\n<li><strong>Mittelsohle:<\/strong> Air<\/li>\n<li><strong>Farbe:<\/strong> White<\/li>\n<li><strong>Designer:<\/strong> Peter Moore<\/li>\n<li><strong>Saison:<\/strong> Winter<\/li>\n<li><strong>Erscheinungsjahr:<\/strong> 2016<\/li>\n<\/ul>\n","protected":false},"excerpt":{"rendered":"<p>Der Air Jordan 1 Retro High White Elephant, auch bekannt als White Elephant, ist ein stylischer Schuh der beliebten Marke Jordan. Es zeichnet sich durch eine klare wei\u00dfe Farbe und ein einzigartiges Elefantenmuster aus und verleiht jedem Outfit einen Hauch von Raffinesse. Perfekt f\u00fcr Sneaker-Enthusiasten und modebewusste Menschen gleicherma\u00dfen. Farbgebung: White\/Cement Grey\/Black Stilcode: 839115-106 Obermaterial: [&hellip;]<\/p>\n","protected":false},"featured_media":318801,"comment_status":"closed","ping_status":"closed","template":"","meta":[],"product_brand":[],"product_cat":[10825],"product_tag":[10750,12579,18431,10819,10820,10821,10756,10814,10858],"class_list":{"0":"post-318265","1":"product","2":"type-product","3":"status-publish","4":"has-post-thumbnail","6":"product_cat-jordan","7":"product_tag-athleisure-shoes","8":"product_tag-basketballschuhe","9":"product_tag-geschenkidee-fuer-ihn","10":"product_tag-jordan","11":"product_tag-jordan-basketball-shoes","12":"product_tag-jordan-skateboarding-shoes","13":"product_tag-lifestyle-casual-shoes","14":"product_tag-lifestyle-shoes-basketball-inspired","15":"product_tag-retro-casual-shoes","17":"first","18":"instock","19":"taxable","20":"shipping-taxable","21":"purchasable","22":"product-type-simple"},"wcpa_form_fields":null,"_links":{"self":[{"href":"https:\/\/moroen.com\/de\/wp-json\/wp\/v2\/product\/318265","targetHints":{"allow":["GET"]}}],"collection":[{"href":"https:\/\/moroen.com\/de\/wp-json\/wp\/v2\/product"}],"about":[{"href":"https:\/\/moroen.com\/de\/wp-json\/wp\/v2\/types\/product"}],"replies":[{"embeddable":true,"href":"https:\/\/moroen.com\/de\/wp-json\/wp\/v2\/comments?post=318265"}],"wp:featuredmedia":[{"embeddable":true,"href":"https:\/\/moroen.com\/de\/wp-json\/wp\/v2\/media\/318801"}],"wp:attachment":[{"href":"https:\/\/moroen.com\/de\/wp-json\/wp\/v2\/media?parent=318265"}],"wp:term":[{"taxonomy":"product_brand","embeddable":true,"href":"https:\/\/moroen.com\/de\/wp-json\/wp\/v2\/product_brand?post=318265"},{"taxonomy":"product_cat","embeddable":true,"href":"https:\/\/moroen.com\/de\/wp-json\/wp\/v2\/product_cat?post=318265"},{"taxonomy":"product_tag","embeddable":true,"href":"https:\/\/moroen.com\/de\/wp-json\/wp\/v2\/product_tag?post=318265"}],"curies":[{"name":"wp","href":"https:\/\/api.w.org\/{rel}","templated":true}]}}