{"id":318963,"date":"2026-04-20T01:22:11","date_gmt":"2026-04-19T18:22:11","guid":{"rendered":"https:\/\/moroen.com\/de\/?p=318963"},"modified":"2026-04-20T01:22:11","modified_gmt":"2026-04-19T18:22:11","slug":"asics-ex89-knicks-1201a476-101","status":"publish","type":"product","link":"https:\/\/moroen.com\/de\/produkt\/asics-ex89-knicks-1201a476-101\/","title":{"rendered":"ASICS EX89 \u201eKnicks\u201c 1201A476-101"},"content":{"rendered":"<p>Wir stellen die ASICS EX89 Knicks-Sneaker vor, ein Must-have f\u00fcr Basketball-Enthusiasten! Diese Hochleistungs-Sneaker der bekannten Marke ASICS bieten \u00fcberragenden Komfort, Stil und Haltbarkeit. Entworfen in der kultigen Knicks-Farbgebung, k\u00f6nnen Sie jetzt Ihren Teamgeist unter Beweis stellen und gleichzeitig den Platz dominieren. Diese Sneaker eignen sich sowohl f\u00fcr Freizeitkleidung als auch f\u00fcr intensive Spiele und sind ein Game-Changer. Machen Sie sich bereit, Ihr Sneaker-Game mit den ASICS EX89 Knicks zu verbessern!<\/p>\n<ul>\n<li><strong>Farbgebung:<\/strong> White\/Illusion Blue\/Red<\/li>\n<li><strong>Stilcode:<\/strong> 1201A476-101<\/li>\n<li><strong>Obermaterial:<\/strong> Leather<\/li>\n<li><strong>Farbe:<\/strong> White<\/li>\n<li><strong>Saison:<\/strong> Winter<\/li>\n<li><strong>Erscheinungsjahr:<\/strong> 2022<\/li>\n<\/ul>\n","protected":false},"excerpt":{"rendered":"<p>Wir stellen die ASICS EX89 Knicks-Sneaker vor, ein Must-have f\u00fcr Basketball-Enthusiasten! Diese Hochleistungs-Sneaker der bekannten Marke ASICS bieten \u00fcberragenden Komfort, Stil und Haltbarkeit. Entworfen in der kultigen Knicks-Farbgebung, k\u00f6nnen Sie jetzt Ihren Teamgeist unter Beweis stellen und gleichzeitig den Platz dominieren. Diese Sneaker eignen sich sowohl f\u00fcr Freizeitkleidung als auch f\u00fcr intensive Spiele und sind [&hellip;]<\/p>\n","protected":false},"featured_media":319164,"comment_status":"closed","ping_status":"closed","template":"","meta":[],"product_brand":[],"product_cat":[12567],"product_tag":[12565,10750,18431,10756,10758,10763,18411],"class_list":{"0":"post-318963","1":"product","2":"type-product","3":"status-publish","4":"has-post-thumbnail","6":"product_cat-asics","7":"product_tag-asics","8":"product_tag-athleisure-shoes","9":"product_tag-geschenkidee-fuer-ihn","10":"product_tag-lifestyle-casual-shoes","11":"product_tag-lifestyle-shoes-running-inspired","12":"product_tag-retro-running-shoes","13":"product_tag-unter-dem-regulaeren-preis","15":"first","16":"instock","17":"taxable","18":"shipping-taxable","19":"purchasable","20":"product-type-simple"},"wcpa_form_fields":null,"_links":{"self":[{"href":"https:\/\/moroen.com\/de\/wp-json\/wp\/v2\/product\/318963","targetHints":{"allow":["GET"]}}],"collection":[{"href":"https:\/\/moroen.com\/de\/wp-json\/wp\/v2\/product"}],"about":[{"href":"https:\/\/moroen.com\/de\/wp-json\/wp\/v2\/types\/product"}],"replies":[{"embeddable":true,"href":"https:\/\/moroen.com\/de\/wp-json\/wp\/v2\/comments?post=318963"}],"wp:featuredmedia":[{"embeddable":true,"href":"https:\/\/moroen.com\/de\/wp-json\/wp\/v2\/media\/319164"}],"wp:attachment":[{"href":"https:\/\/moroen.com\/de\/wp-json\/wp\/v2\/media?parent=318963"}],"wp:term":[{"taxonomy":"product_brand","embeddable":true,"href":"https:\/\/moroen.com\/de\/wp-json\/wp\/v2\/product_brand?post=318963"},{"taxonomy":"product_cat","embeddable":true,"href":"https:\/\/moroen.com\/de\/wp-json\/wp\/v2\/product_cat?post=318963"},{"taxonomy":"product_tag","embeddable":true,"href":"https:\/\/moroen.com\/de\/wp-json\/wp\/v2\/product_tag?post=318963"}],"curies":[{"name":"wp","href":"https:\/\/api.w.org\/{rel}","templated":true}]}}