{"id":321257,"date":"2026-04-20T01:22:11","date_gmt":"2026-04-19T18:22:11","guid":{"rendered":"https:\/\/moroen.com\/de\/?p=321257"},"modified":"2026-04-20T01:22:11","modified_gmt":"2026-04-19T18:22:11","slug":"nike-p-6000-se-worn-blue-denim-ih3646-499","status":"publish","type":"product","link":"https:\/\/moroen.com\/de\/produkt\/nike-p-6000-se-worn-blue-denim-ih3646-499\/","title":{"rendered":"Nike P-6000 SE \u201eWorn Blue Denim\u201c IH3646-499"},"content":{"rendered":"<p>Erleben Sie un\u00fcbertroffenen Stil und Komfort mit dem Nike P-6000 SE \u201eWorn Blue Denim\u201c IH3646-499, der Vintage-inspirierte Lauf\u00e4sthetik mit einem Premium-Denim-Design f\u00fcr ein mutiges, allt\u00e4gliches Statement verbindet.<\/p>\n<ul>\n<li><strong>Farbgebung:<\/strong> Worn Blue\/Ashen Slate\/Diffused Blue\/Soft Pearl<\/li>\n<li><strong>Stilcode:<\/strong> IH3646-499<\/li>\n<li><strong>Obermaterial:<\/strong> Denim<\/li>\n<li><strong>Farbe:<\/strong> Blue<\/li>\n<li><strong>Saison:<\/strong> Summer<\/li>\n<li><strong>Erscheinungsjahr:<\/strong> 2025<\/li>\n<\/ul>\n","protected":false},"excerpt":{"rendered":"<p>Erleben Sie un\u00fcbertroffenen Stil und Komfort mit dem Nike P-6000 SE \u201eWorn Blue Denim\u201c IH3646-499, der Vintage-inspirierte Lauf\u00e4sthetik mit einem Premium-Denim-Design f\u00fcr ein mutiges, allt\u00e4gliches Statement verbindet. Farbgebung: Worn Blue\/Ashen Slate\/Diffused Blue\/Soft Pearl Stilcode: IH3646-499 Obermaterial: Denim Farbe: Blue Saison: Summer Erscheinungsjahr: 2025<\/p>\n","protected":false},"featured_media":321387,"comment_status":"closed","ping_status":"closed","template":"","meta":[],"product_brand":[],"product_cat":[10773],"product_tag":[10750,10756,10758,10762,10763,18411],"class_list":{"0":"post-321257","1":"product","2":"type-product","3":"status-publish","4":"has-post-thumbnail","6":"product_cat-nike","7":"product_tag-athleisure-shoes","8":"product_tag-lifestyle-casual-shoes","9":"product_tag-lifestyle-shoes-running-inspired","10":"product_tag-nike","11":"product_tag-retro-running-shoes","12":"product_tag-unter-dem-regulaeren-preis","14":"first","15":"instock","16":"taxable","17":"shipping-taxable","18":"purchasable","19":"product-type-simple"},"wcpa_form_fields":null,"_links":{"self":[{"href":"https:\/\/moroen.com\/de\/wp-json\/wp\/v2\/product\/321257","targetHints":{"allow":["GET"]}}],"collection":[{"href":"https:\/\/moroen.com\/de\/wp-json\/wp\/v2\/product"}],"about":[{"href":"https:\/\/moroen.com\/de\/wp-json\/wp\/v2\/types\/product"}],"replies":[{"embeddable":true,"href":"https:\/\/moroen.com\/de\/wp-json\/wp\/v2\/comments?post=321257"}],"wp:featuredmedia":[{"embeddable":true,"href":"https:\/\/moroen.com\/de\/wp-json\/wp\/v2\/media\/321387"}],"wp:attachment":[{"href":"https:\/\/moroen.com\/de\/wp-json\/wp\/v2\/media?parent=321257"}],"wp:term":[{"taxonomy":"product_brand","embeddable":true,"href":"https:\/\/moroen.com\/de\/wp-json\/wp\/v2\/product_brand?post=321257"},{"taxonomy":"product_cat","embeddable":true,"href":"https:\/\/moroen.com\/de\/wp-json\/wp\/v2\/product_cat?post=321257"},{"taxonomy":"product_tag","embeddable":true,"href":"https:\/\/moroen.com\/de\/wp-json\/wp\/v2\/product_tag?post=321257"}],"curies":[{"name":"wp","href":"https:\/\/api.w.org\/{rel}","templated":true}]}}