{"id":322096,"date":"2026-04-20T01:22:11","date_gmt":"2026-04-19T18:22:11","guid":{"rendered":"https:\/\/moroen.com\/de\/?p=322096"},"modified":"2026-04-20T01:22:11","modified_gmt":"2026-04-19T18:22:11","slug":"nike-p-6000-phantom-white-obsidian-cd6404-018","status":"publish","type":"product","link":"https:\/\/moroen.com\/de\/produkt\/nike-p-6000-phantom-white-obsidian-cd6404-018\/","title":{"rendered":"Nike P-6000 \u201ePhantom White Obsidian\u201c CD6404-018"},"content":{"rendered":"<p>Erleben Sie ganzt\u00e4gigen Komfort und zeitlosen Stil mit dem Nike P-6000 Sneaker (CD6404-018), einer modernen Mischung aus Retro-Running-inspiriertem Design und modernem Streetwear-Appeal. Diese Sneaker verf\u00fcgen \u00fcber ein atmungsaktives Mesh-Obermaterial mit glatten Synthetik\u00fcberz\u00fcgen und bieten Strapazierf\u00e4higkeit und eine auff\u00e4llige, strukturierte \u00c4sthetik. Die Schaumstoff-Zwischensohle ist auf maximale Unterst\u00fctzung und D\u00e4mpfung ausgelegt und bietet au\u00dfergew\u00f6hnlichen Komfort sowohl f\u00fcr Tage mit hoher Laufleistung als auch f\u00fcr Freizeitkleidung. Die Gummiau\u00dfensohle mit Waffelmuster sorgt f\u00fcr hervorragenden Halt und Traktion auf verschiedenen Oberfl\u00e4chen und macht sie so funktional wie stilvoll. Mit seiner einzigartigen Silhouette, den metallischen Akzenten und dem vielseitigen Farbschema ist der Nike P-6000 perfekt f\u00fcr alle, die ihre Schuhkollektion aufwerten und gleichzeitig Komfort und Leistung beibehalten m\u00f6chten.<\/p>\n<ul>\n<li><strong>Farbgebung:<\/strong> Phantom\/Summit White\/White\/Obsidian<\/li>\n<li><strong>Stilcode:<\/strong> CD6404-018<\/li>\n<li><strong>Obermaterial:<\/strong> Mesh<\/li>\n<li><strong>Farbe:<\/strong> White<\/li>\n<\/ul>\n","protected":false},"excerpt":{"rendered":"<p>Erleben Sie ganzt\u00e4gigen Komfort und zeitlosen Stil mit dem Nike P-6000 Sneaker (CD6404-018), einer modernen Mischung aus Retro-Running-inspiriertem Design und modernem Streetwear-Appeal. Diese Sneaker verf\u00fcgen \u00fcber ein atmungsaktives Mesh-Obermaterial mit glatten Synthetik\u00fcberz\u00fcgen und bieten Strapazierf\u00e4higkeit und eine auff\u00e4llige, strukturierte \u00c4sthetik. Die Schaumstoff-Zwischensohle ist auf maximale Unterst\u00fctzung und D\u00e4mpfung ausgelegt und bietet au\u00dfergew\u00f6hnlichen Komfort sowohl f\u00fcr [&hellip;]<\/p>\n","protected":false},"featured_media":322415,"comment_status":"closed","ping_status":"closed","template":"","meta":[],"product_brand":[],"product_cat":[10773],"product_tag":[10750,10756,10758,10762,10763],"class_list":{"0":"post-322096","1":"product","2":"type-product","3":"status-publish","4":"has-post-thumbnail","6":"product_cat-nike","7":"product_tag-athleisure-shoes","8":"product_tag-lifestyle-casual-shoes","9":"product_tag-lifestyle-shoes-running-inspired","10":"product_tag-nike","11":"product_tag-retro-running-shoes","12":"wcpa_has_options","14":"first","15":"instock","16":"taxable","17":"shipping-taxable","18":"purchasable","19":"product-type-simple"},"wcpa_form_fields":{"rules":{"pric_overide_base_price":false,"pric_overide_base_price_if_gt_zero":false,"pric_overide_base_price_fully":false,"pric_cal_option_once":false,"pric_use_as_fee":false,"bind_quantity":false,"quantity_bind_formula":false},"fields":[{"type":"color-group","required":true,"elementId":"wcpa-color-group-66c4a75505e74","label":"Gr\u00f6\u00dfe - EU Gr\u00f6\u00dfe","inline":true,"priceOptions":"different_for_all","pricingType":"fixed","className":"hassizechart product-shoes-size-eu product-shoes-size","name":"color-group-66c4a75505e89","disp_type":"square","selection_type":"tick-border","disp_size":"44","show_label_inside":true,"adjust_width":true,"cart_display_type":"text","other_text":"Other","cl_rule":"show","col":6,"values":[{"label":"35.5","value":"EU 35.5","price":"","pimage":"","pimage_id":"","pthumb":"","color":""},{"label":"36","value":"EU 36","price":"","pimage":"","pimage_id":"","pthumb":"","color":"","selected":true},{"label":"36.5","value":"EU 36.5","price":"","pimage":"","pimage_id":"","pthumb":"","color":""},{"label":"37.5","value":"EU 37.5","price":"","pimage":"","pimage_id":"","pthumb":"","color":""},{"label":"38","value":"EU 38","price":"","pimage":"","pimage_id":"","pthumb":"","color":""},{"label":"38.5","value":"EU 38.5","price":"","pimage":"","pimage_id":"","pthumb":"","color":""},{"label":"39","value":"EU 39","price":"","pimage":"","pimage_id":"","pthumb":"","color":""},{"label":"40","value":"EU 40","price":"","pimage":"","pimage_id":"","pthumb":"","color":""},{"label":"40.5","value":"EU 40.5","price":"","pimage":"","pimage_id":"","pthumb":"","color":""},{"label":"41","value":"EU 41","price":"","pimage":"","pimage_id":"","pthumb":"","color":""},{"label":"42","value":"EU 42","price":"","pimage":"","pimage_id":"","pthumb":"","color":""},{"label":"42.5","value":"EU 42.5","price":"","pimage":"","pimage_id":"","pthumb":"","color":""},{"label":"43","value":"EU 43","price":"","pimage":"","pimage_id":"","pthumb":"","color":""},{"label":"44","value":"EU 44","price":"","pimage":"","pimage_id":"","pthumb":"","color":""},{"label":"44.5","value":"EU 44.5","price":"","pimage":"","pimage_id":"","pthumb":"","color":""},{"label":"45","value":"EU 45","price":"","pimage":"","pimage_id":"","pthumb":"","color":""},{"label":"45.5","value":"EU 45.5","price":"","pimage":"","pimage_id":"","pthumb":"","color":""},{"label":"46","value":"EU 46","price":"","pimage":"","pimage_id":"","pthumb":"","color":""},{"label":"47","value":"EU 47","price":"","pimage":"","pimage_id":"","pthumb":"","color":""},{"label":"47.5","value":"EU 47.5","price":"","pimage":"","pimage_id":"","pthumb":"","color":""},{"label":"48","value":"EU 48","price":"","pimage":"","pimage_id":"","pthumb":"","color":""}],"relations":[{"operator":false,"rules":[]}],"form_id":18106,"form_rules":{"pric_cal_option_once":false,"exclude_from_discount":false,"pric_use_as_fee":false,"fee_label":"Fee","render_after_acb":false,"disp_hide_options_price":false}}]},"_links":{"self":[{"href":"https:\/\/moroen.com\/de\/wp-json\/wp\/v2\/product\/322096","targetHints":{"allow":["GET"]}}],"collection":[{"href":"https:\/\/moroen.com\/de\/wp-json\/wp\/v2\/product"}],"about":[{"href":"https:\/\/moroen.com\/de\/wp-json\/wp\/v2\/types\/product"}],"replies":[{"embeddable":true,"href":"https:\/\/moroen.com\/de\/wp-json\/wp\/v2\/comments?post=322096"}],"wp:featuredmedia":[{"embeddable":true,"href":"https:\/\/moroen.com\/de\/wp-json\/wp\/v2\/media\/322415"}],"wp:attachment":[{"href":"https:\/\/moroen.com\/de\/wp-json\/wp\/v2\/media?parent=322096"}],"wp:term":[{"taxonomy":"product_brand","embeddable":true,"href":"https:\/\/moroen.com\/de\/wp-json\/wp\/v2\/product_brand?post=322096"},{"taxonomy":"product_cat","embeddable":true,"href":"https:\/\/moroen.com\/de\/wp-json\/wp\/v2\/product_cat?post=322096"},{"taxonomy":"product_tag","embeddable":true,"href":"https:\/\/moroen.com\/de\/wp-json\/wp\/v2\/product_tag?post=322096"}],"curies":[{"name":"wp","href":"https:\/\/api.w.org\/{rel}","templated":true}]}}