{"id":322993,"date":"2026-04-20T01:22:11","date_gmt":"2026-04-19T18:22:11","guid":{"rendered":"https:\/\/moroen.com\/de\/?p=322993"},"modified":"2026-04-20T01:22:11","modified_gmt":"2026-04-19T18:22:11","slug":"adidas-yeezy-foam-runner-carbon-ig5349","status":"publish","type":"product","link":"https:\/\/moroen.com\/de\/produkt\/adidas-yeezy-foam-runner-carbon-ig5349\/","title":{"rendered":"adidas Yeezy Foam Runner \u201eCarbon\u201c IG5349"},"content":{"rendered":"<p>Erleben Sie futuristischen Stil mit dem adidas Yeezy Foam Runner \u201eCarbon\u201c IG5349. Diese k\u00fchne und unkonventionelle Silhouette verf\u00fcgt \u00fcber ein markantes Carbon-\u00e4hnliches Finish und zieht mit ihrem einzigartigen Erscheinungsbild alle Blicke auf sich. Der aus innovativem EVA-Schaum gefertigte Foam Runner bietet leichten und atmungsaktiven Komfort und eignet sich daher sowohl f\u00fcr Freizeitkleidung als auch f\u00fcr abenteuerliche Erkundungen. Seine geformten Linien und die \u00fcbertriebene Form bieten eine unvergleichliche \u00c4sthetik und verwandeln Ihr Schuhwerk. Erleben Sie die Zukunft des Sneaker-Designs mit dem adidas Yeezy Foam Runner \u201eCarbon\u201c.<\/p>\n<ul>\n<li><strong>Farbgebung:<\/strong> Carbon\/Carbon\/Carbon<\/li>\n<li><strong>Stilcode:<\/strong> IG5349<\/li>\n<li><strong>Obermaterial:<\/strong> EVA<\/li>\n<li><strong>Mittelsohle:<\/strong> EVA<\/li>\n<li><strong>Farbe:<\/strong> Grey<\/li>\n<li><strong>Designer:<\/strong> Kanye West<\/li>\n<li><strong>Erscheinungsjahr:<\/strong> 2023<\/li>\n<\/ul>\n","protected":false},"excerpt":{"rendered":"<p>Erleben Sie futuristischen Stil mit dem adidas Yeezy Foam Runner \u201eCarbon\u201c IG5349. Diese k\u00fchne und unkonventionelle Silhouette verf\u00fcgt \u00fcber ein markantes Carbon-\u00e4hnliches Finish und zieht mit ihrem einzigartigen Erscheinungsbild alle Blicke auf sich. Der aus innovativem EVA-Schaum gefertigte Foam Runner bietet leichten und atmungsaktiven Komfort und eignet sich daher sowohl f\u00fcr Freizeitkleidung als auch f\u00fcr [&hellip;]<\/p>\n","protected":false},"featured_media":323395,"comment_status":"closed","ping_status":"closed","template":"","meta":[],"product_brand":[],"product_cat":[10791],"product_tag":[10789,10750,12310,18431,10756,11336,18411],"class_list":{"0":"post-322993","1":"product","2":"type-product","3":"status-publish","4":"has-post-thumbnail","6":"product_cat-adidas","7":"product_tag-adidas","8":"product_tag-athleisure-shoes","9":"product_tag-best-seller","10":"product_tag-geschenkidee-fuer-ihn","11":"product_tag-lifestyle-casual-shoes","12":"product_tag-slides","13":"product_tag-unter-dem-regulaeren-preis","15":"first","16":"instock","17":"taxable","18":"shipping-taxable","19":"purchasable","20":"product-type-simple"},"wcpa_form_fields":null,"_links":{"self":[{"href":"https:\/\/moroen.com\/de\/wp-json\/wp\/v2\/product\/322993","targetHints":{"allow":["GET"]}}],"collection":[{"href":"https:\/\/moroen.com\/de\/wp-json\/wp\/v2\/product"}],"about":[{"href":"https:\/\/moroen.com\/de\/wp-json\/wp\/v2\/types\/product"}],"replies":[{"embeddable":true,"href":"https:\/\/moroen.com\/de\/wp-json\/wp\/v2\/comments?post=322993"}],"wp:featuredmedia":[{"embeddable":true,"href":"https:\/\/moroen.com\/de\/wp-json\/wp\/v2\/media\/323395"}],"wp:attachment":[{"href":"https:\/\/moroen.com\/de\/wp-json\/wp\/v2\/media?parent=322993"}],"wp:term":[{"taxonomy":"product_brand","embeddable":true,"href":"https:\/\/moroen.com\/de\/wp-json\/wp\/v2\/product_brand?post=322993"},{"taxonomy":"product_cat","embeddable":true,"href":"https:\/\/moroen.com\/de\/wp-json\/wp\/v2\/product_cat?post=322993"},{"taxonomy":"product_tag","embeddable":true,"href":"https:\/\/moroen.com\/de\/wp-json\/wp\/v2\/product_tag?post=322993"}],"curies":[{"name":"wp","href":"https:\/\/api.w.org\/{rel}","templated":true}]}}