{"id":323019,"date":"2026-04-20T01:22:11","date_gmt":"2026-04-19T18:22:11","guid":{"rendered":"https:\/\/moroen.com\/de\/?p=323019"},"modified":"2026-04-20T01:22:11","modified_gmt":"2026-04-19T18:22:11","slug":"nike-juniper-trail-2-black-ironstone-dm0822-005","status":"publish","type":"product","link":"https:\/\/moroen.com\/de\/produkt\/nike-juniper-trail-2-black-ironstone-dm0822-005\/","title":{"rendered":"Nike Juniper Trail 2 \u201eBlack Ironstone\u201c DM0822-005"},"content":{"rendered":"<p>Die Nike Juniper Trail 2 Black Ironstone-Sneaker sind so konzipiert, dass sie auf verschiedenen Untergr\u00fcnden Komfort und Traktion bieten. Mit ihrem eleganten schwarzen Design und der robusten Konstruktion sind diese Nike-Sneaker perfekt f\u00fcr Outdoor-Abenteuer. Egal, ob Sie wandern oder laufen, mit den Juniper Trail 2-Sneakern bleiben Sie w\u00e4hrend Ihrer gesamten Reise stilvoll und unterst\u00fctzend.<\/p>\n<ul>\n<li><strong>Farbgebung:<\/strong> Black\/Khaki\/Sanddrift\/Ironstone<\/li>\n<li><strong>Stilcode:<\/strong> DM0822-005<\/li>\n<li><strong>Obermaterial:<\/strong> Mesh<\/li>\n<li><strong>Farbe:<\/strong> Black<\/li>\n<li><strong>Saison:<\/strong> Spring<\/li>\n<li><strong>Erscheinungsjahr:<\/strong> 2023<\/li>\n<\/ul>\n","protected":false},"excerpt":{"rendered":"<p>Die Nike Juniper Trail 2 Black Ironstone-Sneaker sind so konzipiert, dass sie auf verschiedenen Untergr\u00fcnden Komfort und Traktion bieten. Mit ihrem eleganten schwarzen Design und der robusten Konstruktion sind diese Nike-Sneaker perfekt f\u00fcr Outdoor-Abenteuer. Egal, ob Sie wandern oder laufen, mit den Juniper Trail 2-Sneakern bleiben Sie w\u00e4hrend Ihrer gesamten Reise stilvoll und unterst\u00fctzend. Farbgebung: [&hellip;]<\/p>\n","protected":false},"featured_media":323586,"comment_status":"closed","ping_status":"closed","template":"","meta":[],"product_brand":[],"product_cat":[10773],"product_tag":[18431,12564,10762,10792,10935,10936,12563,10937,18411],"class_list":{"0":"post-323019","1":"product","2":"type-product","3":"status-publish","4":"has-post-thumbnail","6":"product_cat-nike","7":"product_tag-geschenkidee-fuer-ihn","8":"product_tag-laufschuhe","9":"product_tag-nike","10":"product_tag-nike-running-shoes","11":"product_tag-nike-trail-running-shoes","12":"product_tag-oxstreet-shoes","13":"product_tag-performance-sportschuhe","14":"product_tag-trail-running-shoes","15":"product_tag-unter-dem-regulaeren-preis","17":"first","18":"instock","19":"taxable","20":"shipping-taxable","21":"purchasable","22":"product-type-simple"},"wcpa_form_fields":null,"_links":{"self":[{"href":"https:\/\/moroen.com\/de\/wp-json\/wp\/v2\/product\/323019","targetHints":{"allow":["GET"]}}],"collection":[{"href":"https:\/\/moroen.com\/de\/wp-json\/wp\/v2\/product"}],"about":[{"href":"https:\/\/moroen.com\/de\/wp-json\/wp\/v2\/types\/product"}],"replies":[{"embeddable":true,"href":"https:\/\/moroen.com\/de\/wp-json\/wp\/v2\/comments?post=323019"}],"wp:featuredmedia":[{"embeddable":true,"href":"https:\/\/moroen.com\/de\/wp-json\/wp\/v2\/media\/323586"}],"wp:attachment":[{"href":"https:\/\/moroen.com\/de\/wp-json\/wp\/v2\/media?parent=323019"}],"wp:term":[{"taxonomy":"product_brand","embeddable":true,"href":"https:\/\/moroen.com\/de\/wp-json\/wp\/v2\/product_brand?post=323019"},{"taxonomy":"product_cat","embeddable":true,"href":"https:\/\/moroen.com\/de\/wp-json\/wp\/v2\/product_cat?post=323019"},{"taxonomy":"product_tag","embeddable":true,"href":"https:\/\/moroen.com\/de\/wp-json\/wp\/v2\/product_tag?post=323019"}],"curies":[{"name":"wp","href":"https:\/\/api.w.org\/{rel}","templated":true}]}}