{"id":323043,"date":"2026-04-20T01:22:11","date_gmt":"2026-04-19T18:22:11","guid":{"rendered":"https:\/\/moroen.com\/de\/?p=323043"},"modified":"2026-04-20T01:22:11","modified_gmt":"2026-04-19T18:22:11","slug":"nike-dunk-low-se-lottery-dr9654-100","status":"publish","type":"product","link":"https:\/\/moroen.com\/de\/produkt\/nike-dunk-low-se-lottery-dr9654-100\/","title":{"rendered":"Nike Dunk Low SE \u201eLottery\u201c DR9654-100"},"content":{"rendered":"<p>Wir stellen vor: die Nike Dunk Low SE Lottery-Sneaker aus der legend\u00e4ren Lottery Pack \u2013 Malachite-Kollektion. Diese Nike-Sneaker zeichnen sich durch eine kr\u00e4ftige und leuchtende gr\u00fcne Farbe aus und sind perfekt, um ein stilvolles Statement zu setzen. Diese mit au\u00dfergew\u00f6hnlicher Qualit\u00e4t und Design gefertigten Nike Dunk Low SE-Sneaker sind eine unverzichtbare Erg\u00e4nzung f\u00fcr die Sammlung jedes Sneakerheads. Kaufen Sie jetzt ein und verbessern Sie Ihr Sneaker-Spiel mit dieser exklusiven Nike-Ver\u00f6ffentlichung.<\/p>\n<ul>\n<li><strong>Farbgebung:<\/strong> Pale Ivory\/Black\/Malachite\/Pale Ivory<\/li>\n<li><strong>Stilcode:<\/strong> DR9654-100<\/li>\n<li><strong>Obermaterial:<\/strong> Leather<\/li>\n<li><strong>Farbe:<\/strong> Green<\/li>\n<li><strong>Designer:<\/strong> Peter Moore<\/li>\n<li><strong>Saison:<\/strong> Universal<\/li>\n<\/ul>\n","protected":false},"excerpt":{"rendered":"<p>Wir stellen vor: die Nike Dunk Low SE Lottery-Sneaker aus der legend\u00e4ren Lottery Pack \u2013 Malachite-Kollektion. Diese Nike-Sneaker zeichnen sich durch eine kr\u00e4ftige und leuchtende gr\u00fcne Farbe aus und sind perfekt, um ein stilvolles Statement zu setzen. Diese mit au\u00dfergew\u00f6hnlicher Qualit\u00e4t und Design gefertigten Nike Dunk Low SE-Sneaker sind eine unverzichtbare Erg\u00e4nzung f\u00fcr die Sammlung [&hellip;]<\/p>\n","protected":false},"featured_media":323761,"comment_status":"closed","ping_status":"closed","template":"","meta":[],"product_brand":[],"product_cat":[10773],"product_tag":[12579,12578,18431,10756,10961,10762,10839,12563,18411],"class_list":{"0":"post-323043","1":"product","2":"type-product","3":"status-publish","4":"has-post-thumbnail","6":"product_cat-nike","7":"product_tag-basketballschuhe","8":"product_tag-basketballschuhe-mit-kna-cheluntersta-tzung","9":"product_tag-geschenkidee-fuer-ihn","10":"product_tag-lifestyle-casual-shoes","11":"product_tag-lifestyle-shoes-skateboarding-inspired","12":"product_tag-nike","13":"product_tag-nike-skateboarding-shoes","14":"product_tag-performance-sportschuhe","15":"product_tag-unter-dem-regulaeren-preis","16":"wcpa_has_options","18":"first","19":"instock","20":"taxable","21":"shipping-taxable","22":"purchasable","23":"product-type-simple"},"wcpa_form_fields":{"rules":{"pric_overide_base_price":false,"pric_overide_base_price_if_gt_zero":false,"pric_overide_base_price_fully":false,"pric_cal_option_once":false,"pric_use_as_fee":false,"bind_quantity":false,"quantity_bind_formula":false},"fields":[{"type":"color-group","required":true,"elementId":"wcpa-color-group-66c4a75505e74","label":"Gr\u00f6\u00dfe - EU Gr\u00f6\u00dfe","inline":true,"priceOptions":"different_for_all","pricingType":"fixed","className":"hassizechart product-shoes-size-eu product-shoes-size","name":"color-group-66c4a75505e89","disp_type":"square","selection_type":"tick-border","disp_size":"44","show_label_inside":true,"adjust_width":true,"cart_display_type":"text","other_text":"Other","cl_rule":"show","col":6,"values":[{"label":"35.5","value":"EU 35.5","price":"","pimage":"","pimage_id":"","pthumb":"","color":""},{"label":"36","value":"EU 36","price":"","pimage":"","pimage_id":"","pthumb":"","color":"","selected":true},{"label":"36.5","value":"EU 36.5","price":"","pimage":"","pimage_id":"","pthumb":"","color":""},{"label":"37.5","value":"EU 37.5","price":"","pimage":"","pimage_id":"","pthumb":"","color":""},{"label":"38","value":"EU 38","price":"","pimage":"","pimage_id":"","pthumb":"","color":""},{"label":"38.5","value":"EU 38.5","price":"","pimage":"","pimage_id":"","pthumb":"","color":""},{"label":"39","value":"EU 39","price":"","pimage":"","pimage_id":"","pthumb":"","color":""},{"label":"40","value":"EU 40","price":"","pimage":"","pimage_id":"","pthumb":"","color":""},{"label":"40.5","value":"EU 40.5","price":"","pimage":"","pimage_id":"","pthumb":"","color":""},{"label":"41","value":"EU 41","price":"","pimage":"","pimage_id":"","pthumb":"","color":""},{"label":"42","value":"EU 42","price":"","pimage":"","pimage_id":"","pthumb":"","color":""},{"label":"42.5","value":"EU 42.5","price":"","pimage":"","pimage_id":"","pthumb":"","color":""},{"label":"43","value":"EU 43","price":"","pimage":"","pimage_id":"","pthumb":"","color":""},{"label":"44","value":"EU 44","price":"","pimage":"","pimage_id":"","pthumb":"","color":""},{"label":"44.5","value":"EU 44.5","price":"","pimage":"","pimage_id":"","pthumb":"","color":""},{"label":"45","value":"EU 45","price":"","pimage":"","pimage_id":"","pthumb":"","color":""},{"label":"45.5","value":"EU 45.5","price":"","pimage":"","pimage_id":"","pthumb":"","color":""},{"label":"46","value":"EU 46","price":"","pimage":"","pimage_id":"","pthumb":"","color":""},{"label":"47","value":"EU 47","price":"","pimage":"","pimage_id":"","pthumb":"","color":""},{"label":"47.5","value":"EU 47.5","price":"","pimage":"","pimage_id":"","pthumb":"","color":""},{"label":"48","value":"EU 48","price":"","pimage":"","pimage_id":"","pthumb":"","color":""}],"relations":[{"operator":false,"rules":[]}],"form_id":18106,"form_rules":{"pric_cal_option_once":false,"exclude_from_discount":false,"pric_use_as_fee":false,"fee_label":"Fee","render_after_acb":false,"disp_hide_options_price":false}}]},"_links":{"self":[{"href":"https:\/\/moroen.com\/de\/wp-json\/wp\/v2\/product\/323043","targetHints":{"allow":["GET"]}}],"collection":[{"href":"https:\/\/moroen.com\/de\/wp-json\/wp\/v2\/product"}],"about":[{"href":"https:\/\/moroen.com\/de\/wp-json\/wp\/v2\/types\/product"}],"replies":[{"embeddable":true,"href":"https:\/\/moroen.com\/de\/wp-json\/wp\/v2\/comments?post=323043"}],"wp:featuredmedia":[{"embeddable":true,"href":"https:\/\/moroen.com\/de\/wp-json\/wp\/v2\/media\/323761"}],"wp:attachment":[{"href":"https:\/\/moroen.com\/de\/wp-json\/wp\/v2\/media?parent=323043"}],"wp:term":[{"taxonomy":"product_brand","embeddable":true,"href":"https:\/\/moroen.com\/de\/wp-json\/wp\/v2\/product_brand?post=323043"},{"taxonomy":"product_cat","embeddable":true,"href":"https:\/\/moroen.com\/de\/wp-json\/wp\/v2\/product_cat?post=323043"},{"taxonomy":"product_tag","embeddable":true,"href":"https:\/\/moroen.com\/de\/wp-json\/wp\/v2\/product_tag?post=323043"}],"curies":[{"name":"wp","href":"https:\/\/api.w.org\/{rel}","templated":true}]}}