{"id":323822,"date":"2026-04-20T01:22:11","date_gmt":"2026-04-19T18:22:11","guid":{"rendered":"https:\/\/moroen.com\/de\/?p=323822"},"modified":"2026-04-20T01:22:11","modified_gmt":"2026-04-19T18:22:11","slug":"new-balance-9060-shadow-grey-u9060gg","status":"publish","type":"product","link":"https:\/\/moroen.com\/de\/produkt\/new-balance-9060-shadow-grey-u9060gg\/","title":{"rendered":"New Balance 9060 \u201eShadow Grey\u201c U9060GG"},"content":{"rendered":"<p>Werten Sie Ihren Stil mit den New Balance 9060 \u201eShadow Grey\u201c-Sneakern auf. Diese hochmodernen Sneaker vereinen nahtlos Retro- und moderne \u00c4sthetik und verf\u00fcgen \u00fcber ein Obermaterial aus Mesh und Leder in einem eleganten Grauton. Die C-CAP- und ABZORB-Zwischensohlen bieten unvergleichliche D\u00e4mpfung f\u00fcr ganzt\u00e4gigen Komfort, w\u00e4hrend die Gummiau\u00dfensohle f\u00fcr hervorragende Traktion sorgt. Ob auf der Stra\u00dfe oder im Fitnessstudio, der New Balance 9060 \u201eShadow Grey\u201c U9060GG bietet Ihnen sowohl Mode als auch Funktionalit\u00e4t.<\/p>\n<ul>\n<li><strong>Farbgebung:<\/strong> Shadow Grey\/Concrete\/Silver Metallic<\/li>\n<li><strong>Stilcode:<\/strong> U9060GG<\/li>\n<li><strong>Obermaterial:<\/strong> Suede<\/li>\n<li><strong>Mittelsohle:<\/strong> ABZORB<\/li>\n<li><strong>Farbe:<\/strong> Grey<\/li>\n<\/ul>\n","protected":false},"excerpt":{"rendered":"<p>Werten Sie Ihren Stil mit den New Balance 9060 \u201eShadow Grey\u201c-Sneakern auf. Diese hochmodernen Sneaker vereinen nahtlos Retro- und moderne \u00c4sthetik und verf\u00fcgen \u00fcber ein Obermaterial aus Mesh und Leder in einem eleganten Grauton. Die C-CAP- und ABZORB-Zwischensohlen bieten unvergleichliche D\u00e4mpfung f\u00fcr ganzt\u00e4gigen Komfort, w\u00e4hrend die Gummiau\u00dfensohle f\u00fcr hervorragende Traktion sorgt. Ob auf der Stra\u00dfe [&hellip;]<\/p>\n","protected":false},"featured_media":324053,"comment_status":"closed","ping_status":"closed","template":"","meta":[],"product_brand":[],"product_cat":[10774],"product_tag":[10750,18431,10756,10758,10760,10763,18411],"class_list":{"0":"post-323822","1":"product","2":"type-product","3":"status-publish","4":"has-post-thumbnail","6":"product_cat-new-balance","7":"product_tag-athleisure-shoes","8":"product_tag-geschenkidee-fuer-ihn","9":"product_tag-lifestyle-casual-shoes","10":"product_tag-lifestyle-shoes-running-inspired","11":"product_tag-new-balance","12":"product_tag-retro-running-shoes","13":"product_tag-unter-dem-regulaeren-preis","15":"first","16":"instock","17":"taxable","18":"shipping-taxable","19":"purchasable","20":"product-type-simple"},"wcpa_form_fields":null,"_links":{"self":[{"href":"https:\/\/moroen.com\/de\/wp-json\/wp\/v2\/product\/323822","targetHints":{"allow":["GET"]}}],"collection":[{"href":"https:\/\/moroen.com\/de\/wp-json\/wp\/v2\/product"}],"about":[{"href":"https:\/\/moroen.com\/de\/wp-json\/wp\/v2\/types\/product"}],"replies":[{"embeddable":true,"href":"https:\/\/moroen.com\/de\/wp-json\/wp\/v2\/comments?post=323822"}],"wp:featuredmedia":[{"embeddable":true,"href":"https:\/\/moroen.com\/de\/wp-json\/wp\/v2\/media\/324053"}],"wp:attachment":[{"href":"https:\/\/moroen.com\/de\/wp-json\/wp\/v2\/media?parent=323822"}],"wp:term":[{"taxonomy":"product_brand","embeddable":true,"href":"https:\/\/moroen.com\/de\/wp-json\/wp\/v2\/product_brand?post=323822"},{"taxonomy":"product_cat","embeddable":true,"href":"https:\/\/moroen.com\/de\/wp-json\/wp\/v2\/product_cat?post=323822"},{"taxonomy":"product_tag","embeddable":true,"href":"https:\/\/moroen.com\/de\/wp-json\/wp\/v2\/product_tag?post=323822"}],"curies":[{"name":"wp","href":"https:\/\/api.w.org\/{rel}","templated":true}]}}