{"id":324655,"date":"2026-04-20T01:22:11","date_gmt":"2026-04-19T18:22:11","guid":{"rendered":"https:\/\/moroen.com\/de\/?p=324655"},"modified":"2026-04-20T01:22:11","modified_gmt":"2026-04-19T18:22:11","slug":"new-balance-530-cream-beige-mr530kob","status":"publish","type":"product","link":"https:\/\/moroen.com\/de\/produkt\/new-balance-530-cream-beige-mr530kob\/","title":{"rendered":"New Balance 530 &#8216;Cream Beige&#8217; MR530KOB"},"content":{"rendered":"<p>Wir stellen vor: die New Balance 530 Cream Beige Sneakers. Diese stylischen Sneaker wurden von der renommierten Marke New Balance entworfen. Sie sind mit cremebeigen Akzenten versehen und bieten sowohl Komfort als auch Stil. Diese Sneaker eignen sich perfekt f\u00fcr jeden l\u00e4ssigen Anlass und sind ein Muss f\u00fcr Sneaker-Enthusiasten. Shoppen Sie jetzt und erleben Sie die perfekte Mischung aus Mode und Funktionalit\u00e4t.<\/p>\n<ul>\n<li><strong>Farbgebung:<\/strong> Cream\/Beige\/White<\/li>\n<li><strong>Stilcode:<\/strong> MR530KOB<\/li>\n<li><strong>Obermaterial:<\/strong> Mesh<\/li>\n<li><strong>Mittelsohle:<\/strong> ENCAP<\/li>\n<li><strong>Farbe:<\/strong> Grey<\/li>\n<li><strong>Saison:<\/strong> Winter<\/li>\n<li><strong>Erscheinungsjahr:<\/strong> 2022<\/li>\n<\/ul>\n","protected":false},"excerpt":{"rendered":"<p>Wir stellen vor: die New Balance 530 Cream Beige Sneakers. Diese stylischen Sneaker wurden von der renommierten Marke New Balance entworfen. Sie sind mit cremebeigen Akzenten versehen und bieten sowohl Komfort als auch Stil. Diese Sneaker eignen sich perfekt f\u00fcr jeden l\u00e4ssigen Anlass und sind ein Muss f\u00fcr Sneaker-Enthusiasten. Shoppen Sie jetzt und erleben Sie [&hellip;]<\/p>\n","protected":false},"featured_media":325236,"comment_status":"closed","ping_status":"closed","template":"","meta":[],"product_brand":[],"product_cat":[10774],"product_tag":[10750,18431,10756,10758,10760,10761,10763,18411],"class_list":{"0":"post-324655","1":"product","2":"type-product","3":"status-publish","4":"has-post-thumbnail","6":"product_cat-new-balance","7":"product_tag-athleisure-shoes","8":"product_tag-geschenkidee-fuer-ihn","9":"product_tag-lifestyle-casual-shoes","10":"product_tag-lifestyle-shoes-running-inspired","11":"product_tag-new-balance","12":"product_tag-new-balance-running-shoes","13":"product_tag-retro-running-shoes","14":"product_tag-unter-dem-regulaeren-preis","16":"first","17":"instock","18":"taxable","19":"shipping-taxable","20":"purchasable","21":"product-type-simple"},"wcpa_form_fields":null,"_links":{"self":[{"href":"https:\/\/moroen.com\/de\/wp-json\/wp\/v2\/product\/324655","targetHints":{"allow":["GET"]}}],"collection":[{"href":"https:\/\/moroen.com\/de\/wp-json\/wp\/v2\/product"}],"about":[{"href":"https:\/\/moroen.com\/de\/wp-json\/wp\/v2\/types\/product"}],"replies":[{"embeddable":true,"href":"https:\/\/moroen.com\/de\/wp-json\/wp\/v2\/comments?post=324655"}],"wp:featuredmedia":[{"embeddable":true,"href":"https:\/\/moroen.com\/de\/wp-json\/wp\/v2\/media\/325236"}],"wp:attachment":[{"href":"https:\/\/moroen.com\/de\/wp-json\/wp\/v2\/media?parent=324655"}],"wp:term":[{"taxonomy":"product_brand","embeddable":true,"href":"https:\/\/moroen.com\/de\/wp-json\/wp\/v2\/product_brand?post=324655"},{"taxonomy":"product_cat","embeddable":true,"href":"https:\/\/moroen.com\/de\/wp-json\/wp\/v2\/product_cat?post=324655"},{"taxonomy":"product_tag","embeddable":true,"href":"https:\/\/moroen.com\/de\/wp-json\/wp\/v2\/product_tag?post=324655"}],"curies":[{"name":"wp","href":"https:\/\/api.w.org\/{rel}","templated":true}]}}