{"id":324657,"date":"2026-04-20T01:22:11","date_gmt":"2026-04-19T18:22:11","guid":{"rendered":"https:\/\/moroen.com\/de\/?p=324657"},"modified":"2026-04-20T01:22:11","modified_gmt":"2026-04-19T18:22:11","slug":"damen-new-balance-550-white-pink-bbw550wp","status":"publish","type":"product","link":"https:\/\/moroen.com\/de\/produkt\/damen-new-balance-550-white-pink-bbw550wp\/","title":{"rendered":"(Damen) New Balance 550 \u201eWhite Pink\u201c BBW550WP"},"content":{"rendered":"<p>Wir stellen vor: die New Balance 550 White Pink (WMNS) Sneakers. Diese trendigen Sneaker von New Balance sind in einer eleganten Farbkombination aus Wei\u00df und Rosa gestaltet. Mit ihrem stilvollen und bequemen Design eignen sich diese Sneaker perfekt f\u00fcr jeden l\u00e4ssigen Anlass. Diese von einer vertrauensw\u00fcrdigen Marke hergestellten New Balance-Sneaker werden mit Sicherheit Ihre erste Wahl als Schuhwerk sein.<\/p>\n<ul>\n<li><strong>Farbgebung:<\/strong> White\/Pink<\/li>\n<li><strong>Stilcode:<\/strong> BBW550WP<\/li>\n<li><strong>Obermaterial:<\/strong> Leather<\/li>\n<li><strong>Mittelsohle:<\/strong> EVA<\/li>\n<li><strong>Farbe:<\/strong> White<\/li>\n<li><strong>Saison:<\/strong> Summer<\/li>\n<li><strong>Erscheinungsjahr:<\/strong> 2022<\/li>\n<\/ul>\n","protected":false},"excerpt":{"rendered":"<p>Wir stellen vor: die New Balance 550 White Pink (WMNS) Sneakers. Diese trendigen Sneaker von New Balance sind in einer eleganten Farbkombination aus Wei\u00df und Rosa gestaltet. Mit ihrem stilvollen und bequemen Design eignen sich diese Sneaker perfekt f\u00fcr jeden l\u00e4ssigen Anlass. Diese von einer vertrauensw\u00fcrdigen Marke hergestellten New Balance-Sneaker werden mit Sicherheit Ihre erste [&hellip;]<\/p>\n","protected":false},"featured_media":325249,"comment_status":"closed","ping_status":"closed","template":"","meta":[],"product_brand":[],"product_cat":[10774],"product_tag":[10750,18453,10756,10814,10760,11325,11278,10858,18411],"class_list":{"0":"post-324657","1":"product","2":"type-product","3":"status-publish","4":"has-post-thumbnail","6":"product_cat-new-balance","7":"product_tag-athleisure-shoes","8":"product_tag-geschenkidee-fuer-sie","9":"product_tag-lifestyle-casual-shoes","10":"product_tag-lifestyle-shoes-basketball-inspired","11":"product_tag-new-balance","12":"product_tag-new-balance-basketball-shoes","13":"product_tag-new-balance-skateboarding-shoes","14":"product_tag-retro-casual-shoes","15":"product_tag-unter-dem-regulaeren-preis","17":"first","18":"instock","19":"taxable","20":"shipping-taxable","21":"purchasable","22":"product-type-simple"},"wcpa_form_fields":null,"_links":{"self":[{"href":"https:\/\/moroen.com\/de\/wp-json\/wp\/v2\/product\/324657","targetHints":{"allow":["GET"]}}],"collection":[{"href":"https:\/\/moroen.com\/de\/wp-json\/wp\/v2\/product"}],"about":[{"href":"https:\/\/moroen.com\/de\/wp-json\/wp\/v2\/types\/product"}],"replies":[{"embeddable":true,"href":"https:\/\/moroen.com\/de\/wp-json\/wp\/v2\/comments?post=324657"}],"wp:featuredmedia":[{"embeddable":true,"href":"https:\/\/moroen.com\/de\/wp-json\/wp\/v2\/media\/325249"}],"wp:attachment":[{"href":"https:\/\/moroen.com\/de\/wp-json\/wp\/v2\/media?parent=324657"}],"wp:term":[{"taxonomy":"product_brand","embeddable":true,"href":"https:\/\/moroen.com\/de\/wp-json\/wp\/v2\/product_brand?post=324657"},{"taxonomy":"product_cat","embeddable":true,"href":"https:\/\/moroen.com\/de\/wp-json\/wp\/v2\/product_cat?post=324657"},{"taxonomy":"product_tag","embeddable":true,"href":"https:\/\/moroen.com\/de\/wp-json\/wp\/v2\/product_tag?post=324657"}],"curies":[{"name":"wp","href":"https:\/\/api.w.org\/{rel}","templated":true}]}}