{"id":325457,"date":"2026-04-20T01:22:11","date_gmt":"2026-04-19T18:22:11","guid":{"rendered":"https:\/\/moroen.com\/de\/?p=325457"},"modified":"2026-04-20T01:22:11","modified_gmt":"2026-04-19T18:22:11","slug":"nike-zoom-2k-weiss-ao0269-101","status":"publish","type":"product","link":"https:\/\/moroen.com\/de\/produkt\/nike-zoom-2k-weiss-ao0269-101\/","title":{"rendered":"Nike Zoom 2K &#8216;Wei\u00df&#8217; AO0269-101"},"content":{"rendered":"<p>Der Nike Zoom 2K in Wei\u00df ist ein eleganter und stilvoller Sportschuh. Mit seinem atmungsaktiven Obermaterial und der gepolsterten Sohle bietet er Komfort und Halt bei jeder Aktivit\u00e4t. Diese Schuhe eignen sich sowohl f\u00fcr Freizeitkleidung als auch f\u00fcr intensive Trainingseinheiten und sind eine vielseitige Erg\u00e4nzung Ihrer Garderobe. Steigern Sie Ihr Spiel mit dem Nike Zoom 2K White.<\/p>\n<ul>\n<li><strong>Farbgebung:<\/strong> White\/Black<\/li>\n<li><strong>Stilcode:<\/strong> AO0269-101<\/li>\n<li><strong>Obermaterial:<\/strong> Fabric<\/li>\n<li><strong>Mittelsohle:<\/strong> Air<\/li>\n<li><strong>Farbe:<\/strong> Multi<\/li>\n<li><strong>Saison:<\/strong> All Season<\/li>\n<\/ul>\n","protected":false},"excerpt":{"rendered":"<p>Der Nike Zoom 2K in Wei\u00df ist ein eleganter und stilvoller Sportschuh. Mit seinem atmungsaktiven Obermaterial und der gepolsterten Sohle bietet er Komfort und Halt bei jeder Aktivit\u00e4t. Diese Schuhe eignen sich sowohl f\u00fcr Freizeitkleidung als auch f\u00fcr intensive Trainingseinheiten und sind eine vielseitige Erg\u00e4nzung Ihrer Garderobe. Steigern Sie Ihr Spiel mit dem Nike Zoom [&hellip;]<\/p>\n","protected":false},"featured_media":325880,"comment_status":"closed","ping_status":"closed","template":"","meta":[],"product_brand":[],"product_cat":[10773],"product_tag":[10750,18431,10756,10758,10762,10792,10763],"class_list":{"0":"post-325457","1":"product","2":"type-product","3":"status-publish","4":"has-post-thumbnail","6":"product_cat-nike","7":"product_tag-athleisure-shoes","8":"product_tag-geschenkidee-fuer-ihn","9":"product_tag-lifestyle-casual-shoes","10":"product_tag-lifestyle-shoes-running-inspired","11":"product_tag-nike","12":"product_tag-nike-running-shoes","13":"product_tag-retro-running-shoes","15":"first","16":"instock","17":"taxable","18":"shipping-taxable","19":"purchasable","20":"product-type-simple"},"wcpa_form_fields":null,"_links":{"self":[{"href":"https:\/\/moroen.com\/de\/wp-json\/wp\/v2\/product\/325457","targetHints":{"allow":["GET"]}}],"collection":[{"href":"https:\/\/moroen.com\/de\/wp-json\/wp\/v2\/product"}],"about":[{"href":"https:\/\/moroen.com\/de\/wp-json\/wp\/v2\/types\/product"}],"replies":[{"embeddable":true,"href":"https:\/\/moroen.com\/de\/wp-json\/wp\/v2\/comments?post=325457"}],"wp:featuredmedia":[{"embeddable":true,"href":"https:\/\/moroen.com\/de\/wp-json\/wp\/v2\/media\/325880"}],"wp:attachment":[{"href":"https:\/\/moroen.com\/de\/wp-json\/wp\/v2\/media?parent=325457"}],"wp:term":[{"taxonomy":"product_brand","embeddable":true,"href":"https:\/\/moroen.com\/de\/wp-json\/wp\/v2\/product_brand?post=325457"},{"taxonomy":"product_cat","embeddable":true,"href":"https:\/\/moroen.com\/de\/wp-json\/wp\/v2\/product_cat?post=325457"},{"taxonomy":"product_tag","embeddable":true,"href":"https:\/\/moroen.com\/de\/wp-json\/wp\/v2\/product_tag?post=325457"}],"curies":[{"name":"wp","href":"https:\/\/api.w.org\/{rel}","templated":true}]}}