{"id":328016,"date":"2026-04-20T01:22:11","date_gmt":"2026-04-19T18:22:11","guid":{"rendered":"https:\/\/moroen.com\/de\/?p=328016"},"modified":"2026-04-20T01:22:11","modified_gmt":"2026-04-19T18:22:11","slug":"kaws-x-air-jordan-4-retro-cool-grey-930155-003","status":"publish","type":"product","link":"https:\/\/moroen.com\/de\/produkt\/kaws-x-air-jordan-4-retro-cool-grey-930155-003\/","title":{"rendered":"KAWS x Air Jordan 4 Retro \u201eCool Grey\u201c 930155-003"},"content":{"rendered":"<p>Der KAWS x Air Jordan 4 Retro Cool Grey von Jordan ist eine \u00e4u\u00dferst begehrte Zusammenarbeit. Dieser ikonische Sneaker verf\u00fcgt \u00fcber eine coole graue Farbgebung, die jedem Outfit einen Hauch von Eleganz verleiht. Mit seinen hochwertigen Materialien und einzigartigen Designdetails ist er ein Muss f\u00fcr jeden Sneakerfan.<\/p>\n<ul>\n<li><strong>Farbgebung:<\/strong> Cool Grey\/White<\/li>\n<li><strong>Stilcode:<\/strong> 930155-003<\/li>\n<li><strong>Obermaterial:<\/strong> Suede<\/li>\n<li><strong>Mittelsohle:<\/strong> Air<\/li>\n<li><strong>Farbe:<\/strong> Grey<\/li>\n<li><strong>Designer:<\/strong> KAWS\/Tinker Hatfield<\/li>\n<li><strong>Saison:<\/strong> Spring<\/li>\n<li><strong>Erscheinungsjahr:<\/strong> 2017<\/li>\n<\/ul>\n","protected":false},"excerpt":{"rendered":"<p>Der KAWS x Air Jordan 4 Retro Cool Grey von Jordan ist eine \u00e4u\u00dferst begehrte Zusammenarbeit. Dieser ikonische Sneaker verf\u00fcgt \u00fcber eine coole graue Farbgebung, die jedem Outfit einen Hauch von Eleganz verleiht. Mit seinen hochwertigen Materialien und einzigartigen Designdetails ist er ein Muss f\u00fcr jeden Sneakerfan. Farbgebung: Cool Grey\/White Stilcode: 930155-003 Obermaterial: Suede Mittelsohle: [&hellip;]<\/p>\n","protected":false},"featured_media":328294,"comment_status":"closed","ping_status":"closed","template":"","meta":[],"product_brand":[],"product_cat":[10825],"product_tag":[10750,18431,10819,10820,10821,10756,10814,10858],"class_list":{"0":"post-328016","1":"product","2":"type-product","3":"status-publish","4":"has-post-thumbnail","6":"product_cat-jordan","7":"product_tag-athleisure-shoes","8":"product_tag-geschenkidee-fuer-ihn","9":"product_tag-jordan","10":"product_tag-jordan-basketball-shoes","11":"product_tag-jordan-skateboarding-shoes","12":"product_tag-lifestyle-casual-shoes","13":"product_tag-lifestyle-shoes-basketball-inspired","14":"product_tag-retro-casual-shoes","16":"first","17":"instock","18":"taxable","19":"shipping-taxable","20":"purchasable","21":"product-type-simple"},"wcpa_form_fields":null,"_links":{"self":[{"href":"https:\/\/moroen.com\/de\/wp-json\/wp\/v2\/product\/328016","targetHints":{"allow":["GET"]}}],"collection":[{"href":"https:\/\/moroen.com\/de\/wp-json\/wp\/v2\/product"}],"about":[{"href":"https:\/\/moroen.com\/de\/wp-json\/wp\/v2\/types\/product"}],"replies":[{"embeddable":true,"href":"https:\/\/moroen.com\/de\/wp-json\/wp\/v2\/comments?post=328016"}],"wp:featuredmedia":[{"embeddable":true,"href":"https:\/\/moroen.com\/de\/wp-json\/wp\/v2\/media\/328294"}],"wp:attachment":[{"href":"https:\/\/moroen.com\/de\/wp-json\/wp\/v2\/media?parent=328016"}],"wp:term":[{"taxonomy":"product_brand","embeddable":true,"href":"https:\/\/moroen.com\/de\/wp-json\/wp\/v2\/product_brand?post=328016"},{"taxonomy":"product_cat","embeddable":true,"href":"https:\/\/moroen.com\/de\/wp-json\/wp\/v2\/product_cat?post=328016"},{"taxonomy":"product_tag","embeddable":true,"href":"https:\/\/moroen.com\/de\/wp-json\/wp\/v2\/product_tag?post=328016"}],"curies":[{"name":"wp","href":"https:\/\/api.w.org\/{rel}","templated":true}]}}