{"id":328084,"date":"2026-04-20T01:22:11","date_gmt":"2026-04-19T18:22:11","guid":{"rendered":"https:\/\/moroen.com\/de\/?p=328084"},"modified":"2026-04-20T01:22:11","modified_gmt":"2026-04-19T18:22:11","slug":"born-x-raised-x-nike-sb-dunk-one-block-at-a-time-fn7819-400","status":"publish","type":"product","link":"https:\/\/moroen.com\/de\/produkt\/born-x-raised-x-nike-sb-dunk-one-block-at-a-time-fn7819-400\/","title":{"rendered":"Born x Raised x Nike SB Dunk \u201eOne Block at a Time\u201c FN7819-400"},"content":{"rendered":"<p>Wir stellen den Born x Raised x Nike SB Dunk \u201eOne Block at a Time\u201c vor, bei dem Streetwear auf Skateboarding trifft. Dieser Sneaker in limitierter Auflage verf\u00fcgt \u00fcber ein auff\u00e4lliges schwarzes Obermaterial, das mit lebendigen Grafiken verziert ist und die Essenz der LA-Wurzeln von Born x Raised einf\u00e4ngt. Die legend\u00e4re D\u00e4mpfungstechnologie von Nike SB sorgt f\u00fcr unvergleichlichen Komfort auf und neben dem Board, w\u00e4hrend die robuste Konstruktion Langlebigkeit garantiert. Werten Sie Ihren Stil auf und zollen Sie der Skateboard-Kultur mit diesen exklusiven Born x Raised x Nike SB Dunks eine Hommage.<\/p>\n<ul>\n<li><strong>Farbgebung:<\/strong> Deep Royal Blue\/White\/White<\/li>\n<li><strong>Stilcode:<\/strong> FN7819-400<\/li>\n<li><strong>Obermaterial:<\/strong> Suede<\/li>\n<li><strong>Mittelsohle:<\/strong> Zoom Air<\/li>\n<li><strong>Farbe:<\/strong> Blue<\/li>\n<li><strong>Saison:<\/strong> Fall<\/li>\n<li><strong>Erscheinungsjahr:<\/strong> 2023<\/li>\n<\/ul>\n","protected":false},"excerpt":{"rendered":"<p>Wir stellen den Born x Raised x Nike SB Dunk \u201eOne Block at a Time\u201c vor, bei dem Streetwear auf Skateboarding trifft. Dieser Sneaker in limitierter Auflage verf\u00fcgt \u00fcber ein auff\u00e4lliges schwarzes Obermaterial, das mit lebendigen Grafiken verziert ist und die Essenz der LA-Wurzeln von Born x Raised einf\u00e4ngt. Die legend\u00e4re D\u00e4mpfungstechnologie von Nike SB [&hellip;]<\/p>\n","protected":false},"featured_media":328778,"comment_status":"closed","ping_status":"closed","template":"","meta":[],"product_brand":[],"product_cat":[10773],"product_tag":[12579,12578,18431,10762,10839,12563,10881],"class_list":{"0":"post-328084","1":"product","2":"type-product","3":"status-publish","4":"has-post-thumbnail","6":"product_cat-nike","7":"product_tag-basketballschuhe","8":"product_tag-basketballschuhe-mit-kna-cheluntersta-tzung","9":"product_tag-geschenkidee-fuer-ihn","10":"product_tag-nike","11":"product_tag-nike-skateboarding-shoes","12":"product_tag-performance-sportschuhe","13":"product_tag-skateboard-shoes","15":"first","16":"instock","17":"taxable","18":"shipping-taxable","19":"purchasable","20":"product-type-simple"},"wcpa_form_fields":null,"_links":{"self":[{"href":"https:\/\/moroen.com\/de\/wp-json\/wp\/v2\/product\/328084","targetHints":{"allow":["GET"]}}],"collection":[{"href":"https:\/\/moroen.com\/de\/wp-json\/wp\/v2\/product"}],"about":[{"href":"https:\/\/moroen.com\/de\/wp-json\/wp\/v2\/types\/product"}],"replies":[{"embeddable":true,"href":"https:\/\/moroen.com\/de\/wp-json\/wp\/v2\/comments?post=328084"}],"wp:featuredmedia":[{"embeddable":true,"href":"https:\/\/moroen.com\/de\/wp-json\/wp\/v2\/media\/328778"}],"wp:attachment":[{"href":"https:\/\/moroen.com\/de\/wp-json\/wp\/v2\/media?parent=328084"}],"wp:term":[{"taxonomy":"product_brand","embeddable":true,"href":"https:\/\/moroen.com\/de\/wp-json\/wp\/v2\/product_brand?post=328084"},{"taxonomy":"product_cat","embeddable":true,"href":"https:\/\/moroen.com\/de\/wp-json\/wp\/v2\/product_cat?post=328084"},{"taxonomy":"product_tag","embeddable":true,"href":"https:\/\/moroen.com\/de\/wp-json\/wp\/v2\/product_tag?post=328084"}],"curies":[{"name":"wp","href":"https:\/\/api.w.org\/{rel}","templated":true}]}}