{"id":329689,"date":"2026-04-20T01:22:11","date_gmt":"2026-04-19T18:22:11","guid":{"rendered":"https:\/\/moroen.com\/de\/?p=329689"},"modified":"2026-04-20T01:22:11","modified_gmt":"2026-04-19T18:22:11","slug":"off-white-x-nike-air-vapormax-part-2-aa3831-100","status":"publish","type":"product","link":"https:\/\/moroen.com\/de\/produkt\/off-white-x-nike-air-vapormax-part-2-aa3831-100\/","title":{"rendered":"Off-White x Nike Air VaporMax \u201ePart 2\u201c AA3831-100"},"content":{"rendered":"<p>Der Off-White x Nike Air VaporMax Part 2, auch bekannt als Part 2, ist eine \u00e4u\u00dferst gefragte Zusammenarbeit zwischen Off-White und Nike. Dieser ikonische Schuh, der ber\u00fchmt f\u00fcr Jay Chou ist, hat eine klare wei\u00dfe Farbgebung und bringt die einzigartigen Designelemente beider Marken zur Geltung. Treten Sie stilvoll hervor mit diesem exklusiven Sneaker, der Mode und Leistung nahtlos vereint.<\/p>\n<ul>\n<li><strong>Farbgebung:<\/strong> White\/Total Orange-Black<\/li>\n<li><strong>Stilcode:<\/strong> AA3831-100<\/li>\n<li><strong>Obermaterial:<\/strong> Flyknit<\/li>\n<li><strong>Mittelsohle:<\/strong> Air<\/li>\n<li><strong>Farbe:<\/strong> White<\/li>\n<li><strong>Designer:<\/strong> Andreas Harlow<\/li>\n<li><strong>Saison:<\/strong> Spring<\/li>\n<li><strong>Erscheinungsjahr:<\/strong> 2018<\/li>\n<\/ul>\n","protected":false},"excerpt":{"rendered":"<p>Der Off-White x Nike Air VaporMax Part 2, auch bekannt als Part 2, ist eine \u00e4u\u00dferst gefragte Zusammenarbeit zwischen Off-White und Nike. Dieser ikonische Schuh, der ber\u00fchmt f\u00fcr Jay Chou ist, hat eine klare wei\u00dfe Farbgebung und bringt die einzigartigen Designelemente beider Marken zur Geltung. Treten Sie stilvoll hervor mit diesem exklusiven Sneaker, der Mode [&hellip;]<\/p>\n","protected":false},"featured_media":330121,"comment_status":"closed","ping_status":"closed","template":"","meta":[],"product_brand":[],"product_cat":[10773],"product_tag":[10750,11351,10758,10762,10763],"class_list":{"0":"post-329689","1":"product","2":"type-product","3":"status-publish","4":"has-post-thumbnail","6":"product_cat-nike","7":"product_tag-athleisure-shoes","8":"product_tag-celebrity-collection","9":"product_tag-lifestyle-shoes-running-inspired","10":"product_tag-nike","11":"product_tag-retro-running-shoes","12":"wcpa_has_options","14":"first","15":"instock","16":"taxable","17":"shipping-taxable","18":"purchasable","19":"product-type-simple"},"wcpa_form_fields":{"rules":{"pric_overide_base_price":false,"pric_overide_base_price_if_gt_zero":false,"pric_overide_base_price_fully":false,"pric_cal_option_once":false,"pric_use_as_fee":false,"bind_quantity":false,"quantity_bind_formula":false},"fields":[{"type":"color-group","label":"Talla :","elementId":"wcpa-el-auto-049032d1-trim-849a7aa7","values":[{"label":"36","value":"EU 36","color":"","tooltip":"","price":"","sale_price":"","price_type":"flat","price_prefix":"+","image":""},{"label":"36.5","value":"EU 36.5","color":"","tooltip":"","price":"","sale_price":"","price_type":"flat","price_prefix":"+","image":""},{"label":"37.5","value":"EU 37.5","color":"","tooltip":"","price":"","sale_price":"","price_type":"flat","price_prefix":"+","image":""},{"label":"38","value":"EU 38","color":"","tooltip":"","price":"","sale_price":"","price_type":"flat","price_prefix":"+","image":""},{"label":"38.5","value":"EU 38.5","color":"","tooltip":"","price":"","sale_price":"","price_type":"flat","price_prefix":"+","image":""},{"label":"39","value":"EU 39","color":"","tooltip":"","price":"","sale_price":"","price_type":"flat","price_prefix":"+","image":""},{"label":"40","value":"EU 40","color":"","tooltip":"","price":"","sale_price":"","price_type":"flat","price_prefix":"+","image":""},{"label":"40.5","value":"EU 40.5","color":"","tooltip":"","price":"","sale_price":"","price_type":"flat","price_prefix":"+","image":""},{"label":"41","value":"EU 41","color":"","tooltip":"","price":"","sale_price":"","price_type":"flat","price_prefix":"+","image":""},{"label":"42","value":"EU 42","color":"","tooltip":"","price":"","sale_price":"","price_type":"flat","price_prefix":"+","image":""},{"label":"42.5","value":"EU 42.5","color":"","tooltip":"","price":"","sale_price":"","price_type":"flat","price_prefix":"+","image":""},{"label":"43","value":"EU 43","color":"","tooltip":"","price":"","sale_price":"","price_type":"flat","price_prefix":"+","image":""},{"label":"44","value":"EU 44","color":"","tooltip":"","price":"","sale_price":"","price_type":"flat","price_prefix":"+","image":""},{"label":"44.5","value":"EU 44.5","color":"","tooltip":"","price":"","sale_price":"","price_type":"flat","price_prefix":"+","image":""},{"label":"45","value":"EU 45","color":"","tooltip":"","price":"","sale_price":"","price_type":"flat","price_prefix":"+","image":""},{"label":"45.5","value":"EU 45.5","color":"","tooltip":"","price":"","sale_price":"","price_type":"flat","price_prefix":"+","image":""}],"required":true,"cl_rule":{"rules":[],"relation":"OR"},"other_config":[],"name":"auto-049032d1","adjust_width":true,"show_label_inside":true,"disp_type":"square","disp_size":"44","form_id":369677,"form_rules":{"pric_cal_option_once":false,"exclude_from_discount":false,"pric_use_as_fee":false,"fee_label":"Fee","render_after_acb":false,"disp_hide_options_price":false}}]},"_links":{"self":[{"href":"https:\/\/moroen.com\/de\/wp-json\/wp\/v2\/product\/329689","targetHints":{"allow":["GET"]}}],"collection":[{"href":"https:\/\/moroen.com\/de\/wp-json\/wp\/v2\/product"}],"about":[{"href":"https:\/\/moroen.com\/de\/wp-json\/wp\/v2\/types\/product"}],"replies":[{"embeddable":true,"href":"https:\/\/moroen.com\/de\/wp-json\/wp\/v2\/comments?post=329689"}],"wp:featuredmedia":[{"embeddable":true,"href":"https:\/\/moroen.com\/de\/wp-json\/wp\/v2\/media\/330121"}],"wp:attachment":[{"href":"https:\/\/moroen.com\/de\/wp-json\/wp\/v2\/media?parent=329689"}],"wp:term":[{"taxonomy":"product_brand","embeddable":true,"href":"https:\/\/moroen.com\/de\/wp-json\/wp\/v2\/product_brand?post=329689"},{"taxonomy":"product_cat","embeddable":true,"href":"https:\/\/moroen.com\/de\/wp-json\/wp\/v2\/product_cat?post=329689"},{"taxonomy":"product_tag","embeddable":true,"href":"https:\/\/moroen.com\/de\/wp-json\/wp\/v2\/product_tag?post=329689"}],"curies":[{"name":"wp","href":"https:\/\/api.w.org\/{rel}","templated":true}]}}