{"id":332942,"date":"2026-04-20T01:22:11","date_gmt":"2026-04-19T18:22:11","guid":{"rendered":"https:\/\/moroen.com\/de\/?p=332942"},"modified":"2026-04-20T01:22:11","modified_gmt":"2026-04-19T18:22:11","slug":"adidas-pureboost-select-carbon-black-white-gw3499","status":"publish","type":"product","link":"https:\/\/moroen.com\/de\/produkt\/adidas-pureboost-select-carbon-black-white-gw3499\/","title":{"rendered":"adidas Pureboost Select &#8216;Carbon Black White&#8217; GW3499"},"content":{"rendered":"<p>Verbessern Sie Ihre L\u00e4ufe mit dem adidas Pureboost Select \u201eCarbon Black White\u201c (GW3499). Das atmungsaktive Mesh-Obermaterial und der dehnbare Mittelfu\u00dfk\u00e4fig sorgen f\u00fcr eine bequeme und st\u00fctzende Passform. Die Boost-Technologie-D\u00e4mpfung sorgt f\u00fcr ein energier\u00fcckgebendes Laufgef\u00fchl, w\u00e4hrend die Continental\u2122-Gummi-Au\u00dfensohle hervorragenden Grip bietet. Sein elegantes Carbon-Schwarz-Wei\u00df-Design verleiht Ihrem Trainingsstil einen Hauch von Eleganz. Erleben Sie un\u00fcbertroffenen Komfort und Leistung mit dem Pureboost Select.<\/p>\n<ul>\n<li><strong>Farbgebung:<\/strong> Carbon Black\/White<\/li>\n<li><strong>Stilcode:<\/strong> GW3499<\/li>\n<li><strong>Obermaterial:<\/strong> Fabric<\/li>\n<li><strong>Farbe:<\/strong> Black<\/li>\n<li><strong>Saison:<\/strong> All Season<\/li>\n<\/ul>\n","protected":false},"excerpt":{"rendered":"<p>Verbessern Sie Ihre L\u00e4ufe mit dem adidas Pureboost Select \u201eCarbon Black White\u201c (GW3499). Das atmungsaktive Mesh-Obermaterial und der dehnbare Mittelfu\u00dfk\u00e4fig sorgen f\u00fcr eine bequeme und st\u00fctzende Passform. Die Boost-Technologie-D\u00e4mpfung sorgt f\u00fcr ein energier\u00fcckgebendes Laufgef\u00fchl, w\u00e4hrend die Continental\u2122-Gummi-Au\u00dfensohle hervorragenden Grip bietet. Sein elegantes Carbon-Schwarz-Wei\u00df-Design verleiht Ihrem Trainingsstil einen Hauch von Eleganz. Erleben Sie un\u00fcbertroffenen Komfort und [&hellip;]<\/p>\n","protected":false},"featured_media":333138,"comment_status":"closed","ping_status":"closed","template":"","meta":[],"product_brand":[],"product_cat":[10791],"product_tag":[10789,10767,10752,18431,12564,10829,10777,12563,18432,10768,18411],"class_list":{"0":"post-332942","1":"product","2":"type-product","3":"status-publish","4":"has-post-thumbnail","6":"product_cat-adidas","7":"product_tag-adidas","8":"product_tag-adidas-running-shoes","9":"product_tag-best-finds-under-100","10":"product_tag-geschenkidee-fuer-ihn","11":"product_tag-laufschuhe","12":"product_tag-lightweight-running-shoes","13":"product_tag-performance-running-shoes","14":"product_tag-performance-sportschuhe","15":"product_tag-top-angebote","16":"product_tag-trending-deals-under-150","17":"product_tag-unter-dem-regulaeren-preis","19":"first","20":"instock","21":"taxable","22":"shipping-taxable","23":"purchasable","24":"product-type-simple"},"wcpa_form_fields":null,"_links":{"self":[{"href":"https:\/\/moroen.com\/de\/wp-json\/wp\/v2\/product\/332942","targetHints":{"allow":["GET"]}}],"collection":[{"href":"https:\/\/moroen.com\/de\/wp-json\/wp\/v2\/product"}],"about":[{"href":"https:\/\/moroen.com\/de\/wp-json\/wp\/v2\/types\/product"}],"replies":[{"embeddable":true,"href":"https:\/\/moroen.com\/de\/wp-json\/wp\/v2\/comments?post=332942"}],"wp:featuredmedia":[{"embeddable":true,"href":"https:\/\/moroen.com\/de\/wp-json\/wp\/v2\/media\/333138"}],"wp:attachment":[{"href":"https:\/\/moroen.com\/de\/wp-json\/wp\/v2\/media?parent=332942"}],"wp:term":[{"taxonomy":"product_brand","embeddable":true,"href":"https:\/\/moroen.com\/de\/wp-json\/wp\/v2\/product_brand?post=332942"},{"taxonomy":"product_cat","embeddable":true,"href":"https:\/\/moroen.com\/de\/wp-json\/wp\/v2\/product_cat?post=332942"},{"taxonomy":"product_tag","embeddable":true,"href":"https:\/\/moroen.com\/de\/wp-json\/wp\/v2\/product_tag?post=332942"}],"curies":[{"name":"wp","href":"https:\/\/api.w.org\/{rel}","templated":true}]}}