{"id":336555,"date":"2026-04-20T01:22:11","date_gmt":"2026-04-19T18:22:11","guid":{"rendered":"https:\/\/moroen.com\/de\/?p=336555"},"modified":"2026-04-20T01:22:11","modified_gmt":"2026-04-19T18:22:11","slug":"adidas-yeezy-boost-350-moonrock-aq2660","status":"publish","type":"product","link":"https:\/\/moroen.com\/de\/produkt\/adidas-yeezy-boost-350-moonrock-aq2660\/","title":{"rendered":"adidas Yeezy Boost 350 \u201eMoonrock\u201c AQ2660"},"content":{"rendered":"<p>Der adidas Yeezy Boost 350 Moonrock, auch bekannt als Moonrock, ist ein stylischer und trendiger Schuh von adidas. Es verf\u00fcgt \u00fcber eine elegante graue Farbe und bietet mit seiner Boost-Technologie ultimativen Komfort. Diese Schuhe eignen sich perfekt f\u00fcr Freizeit- und Sportbekleidung und sind ein Muss f\u00fcr Sneaker-Enthusiasten, die ein Statement setzen m\u00f6chten.<\/p>\n<ul>\n<li><strong>Farbgebung:<\/strong> Agate Gray\/Moonrock\/Agate Gray<\/li>\n<li><strong>Stilcode:<\/strong> AQ2660<\/li>\n<li><strong>Obermaterial:<\/strong> Primeknit<\/li>\n<li><strong>Mittelsohle:<\/strong> Boost<\/li>\n<li><strong>Farbe:<\/strong> Grey<\/li>\n<li><strong>Designer:<\/strong> Kanye West<\/li>\n<li><strong>Saison:<\/strong> Fall<\/li>\n<li><strong>Erscheinungsjahr:<\/strong> 2015<\/li>\n<\/ul>\n","protected":false},"excerpt":{"rendered":"<p>Der adidas Yeezy Boost 350 Moonrock, auch bekannt als Moonrock, ist ein stylischer und trendiger Schuh von adidas. Es verf\u00fcgt \u00fcber eine elegante graue Farbe und bietet mit seiner Boost-Technologie ultimativen Komfort. Diese Schuhe eignen sich perfekt f\u00fcr Freizeit- und Sportbekleidung und sind ein Muss f\u00fcr Sneaker-Enthusiasten, die ein Statement setzen m\u00f6chten. Farbgebung: Agate Gray\/Moonrock\/Agate [&hellip;]<\/p>\n","protected":false},"featured_media":337003,"comment_status":"closed","ping_status":"closed","template":"","meta":[],"product_brand":[],"product_cat":[10791],"product_tag":[10789,10750,18431,10756,10758,10763,18432],"class_list":{"0":"post-336555","1":"product","2":"type-product","3":"status-publish","4":"has-post-thumbnail","6":"product_cat-adidas","7":"product_tag-adidas","8":"product_tag-athleisure-shoes","9":"product_tag-geschenkidee-fuer-ihn","10":"product_tag-lifestyle-casual-shoes","11":"product_tag-lifestyle-shoes-running-inspired","12":"product_tag-retro-running-shoes","13":"product_tag-top-angebote","15":"first","16":"instock","17":"taxable","18":"shipping-taxable","19":"purchasable","20":"product-type-simple"},"wcpa_form_fields":null,"_links":{"self":[{"href":"https:\/\/moroen.com\/de\/wp-json\/wp\/v2\/product\/336555","targetHints":{"allow":["GET"]}}],"collection":[{"href":"https:\/\/moroen.com\/de\/wp-json\/wp\/v2\/product"}],"about":[{"href":"https:\/\/moroen.com\/de\/wp-json\/wp\/v2\/types\/product"}],"replies":[{"embeddable":true,"href":"https:\/\/moroen.com\/de\/wp-json\/wp\/v2\/comments?post=336555"}],"wp:featuredmedia":[{"embeddable":true,"href":"https:\/\/moroen.com\/de\/wp-json\/wp\/v2\/media\/337003"}],"wp:attachment":[{"href":"https:\/\/moroen.com\/de\/wp-json\/wp\/v2\/media?parent=336555"}],"wp:term":[{"taxonomy":"product_brand","embeddable":true,"href":"https:\/\/moroen.com\/de\/wp-json\/wp\/v2\/product_brand?post=336555"},{"taxonomy":"product_cat","embeddable":true,"href":"https:\/\/moroen.com\/de\/wp-json\/wp\/v2\/product_cat?post=336555"},{"taxonomy":"product_tag","embeddable":true,"href":"https:\/\/moroen.com\/de\/wp-json\/wp\/v2\/product_tag?post=336555"}],"curies":[{"name":"wp","href":"https:\/\/api.w.org\/{rel}","templated":true}]}}