{"id":337473,"date":"2026-04-20T01:22:11","date_gmt":"2026-04-19T18:22:11","guid":{"rendered":"https:\/\/moroen.com\/de\/?p=337473"},"modified":"2026-04-20T01:22:11","modified_gmt":"2026-04-19T18:22:11","slug":"supreme-x-nike-sb-dunk-low-og-qs-hyper-royal-dh3228-100","status":"publish","type":"product","link":"https:\/\/moroen.com\/de\/produkt\/supreme-x-nike-sb-dunk-low-og-qs-hyper-royal-dh3228-100\/","title":{"rendered":"Supreme x Nike SB Dunk Low OG QS \u201eHyper Royal\u201c DH3228-100"},"content":{"rendered":"<p>Wir stellen die Supreme x Nike SB Dunk Low OG QS Hyper Royal-Sneaker von Nike vor. Diese ultra-stylischen Sneaker vereinen das ikonische Design von Supreme mit der hochwertigen Handwerkskunst von Nike. Mit der eleganten Hyper-Royal-Farbgebung vereinen diese Schuhe m\u00fchelos Komfort und Stil. Diese Supreme x Nike SB Dunk Low OG QS Hyper Royal-Sneaker eignen sich sowohl f\u00fcr Freizeitkleidung als auch zum Skateboarden und sind eine unverzichtbare Erg\u00e4nzung f\u00fcr die Sammlung jedes Sneakerheads.<\/p>\n<ul>\n<li><strong>Farbgebung:<\/strong> White\/Metallic Gold\/Hyper Blue<\/li>\n<li><strong>Stilcode:<\/strong> DH3228-100<\/li>\n<li><strong>Obermaterial:<\/strong> Leather<\/li>\n<li><strong>Mittelsohle:<\/strong> Zoom Air<\/li>\n<li><strong>Farbe:<\/strong> Blue<\/li>\n<li><strong>Saison:<\/strong> Spring<\/li>\n<li><strong>Erscheinungsjahr:<\/strong> 2021<\/li>\n<\/ul>\n","protected":false},"excerpt":{"rendered":"<p>Wir stellen die Supreme x Nike SB Dunk Low OG QS Hyper Royal-Sneaker von Nike vor. Diese ultra-stylischen Sneaker vereinen das ikonische Design von Supreme mit der hochwertigen Handwerkskunst von Nike. Mit der eleganten Hyper-Royal-Farbgebung vereinen diese Schuhe m\u00fchelos Komfort und Stil. Diese Supreme x Nike SB Dunk Low OG QS Hyper Royal-Sneaker eignen sich [&hellip;]<\/p>\n","protected":false},"featured_media":338070,"comment_status":"closed","ping_status":"closed","template":"","meta":[],"product_brand":[],"product_cat":[10773],"product_tag":[18431,11165,10762,10839,12563,10881],"class_list":{"0":"post-337473","1":"product","2":"type-product","3":"status-publish","4":"has-post-thumbnail","6":"product_cat-nike","7":"product_tag-geschenkidee-fuer-ihn","8":"product_tag-low-top-skateboard-shoes","9":"product_tag-nike","10":"product_tag-nike-skateboarding-shoes","11":"product_tag-performance-sportschuhe","12":"product_tag-skateboard-shoes","14":"first","15":"instock","16":"taxable","17":"shipping-taxable","18":"purchasable","19":"product-type-simple"},"wcpa_form_fields":null,"_links":{"self":[{"href":"https:\/\/moroen.com\/de\/wp-json\/wp\/v2\/product\/337473","targetHints":{"allow":["GET"]}}],"collection":[{"href":"https:\/\/moroen.com\/de\/wp-json\/wp\/v2\/product"}],"about":[{"href":"https:\/\/moroen.com\/de\/wp-json\/wp\/v2\/types\/product"}],"replies":[{"embeddable":true,"href":"https:\/\/moroen.com\/de\/wp-json\/wp\/v2\/comments?post=337473"}],"wp:featuredmedia":[{"embeddable":true,"href":"https:\/\/moroen.com\/de\/wp-json\/wp\/v2\/media\/338070"}],"wp:attachment":[{"href":"https:\/\/moroen.com\/de\/wp-json\/wp\/v2\/media?parent=337473"}],"wp:term":[{"taxonomy":"product_brand","embeddable":true,"href":"https:\/\/moroen.com\/de\/wp-json\/wp\/v2\/product_brand?post=337473"},{"taxonomy":"product_cat","embeddable":true,"href":"https:\/\/moroen.com\/de\/wp-json\/wp\/v2\/product_cat?post=337473"},{"taxonomy":"product_tag","embeddable":true,"href":"https:\/\/moroen.com\/de\/wp-json\/wp\/v2\/product_tag?post=337473"}],"curies":[{"name":"wp","href":"https:\/\/api.w.org\/{rel}","templated":true}]}}