{"id":338358,"date":"2026-04-20T01:22:11","date_gmt":"2026-04-19T18:22:11","guid":{"rendered":"https:\/\/moroen.com\/de\/?p=338358"},"modified":"2026-04-20T01:22:11","modified_gmt":"2026-04-19T18:22:11","slug":"air-jordan-1-mid-milan-cv3044-100","status":"publish","type":"product","link":"https:\/\/moroen.com\/de\/produkt\/air-jordan-1-mid-milan-cv3044-100\/","title":{"rendered":"Air Jordan 1 Mid \u201eMilan\u201c CV3044-100"},"content":{"rendered":"<p>Der Air Jordan 1 Mid Milan von Jordan ist ein stylischer Sneaker mit einer einzigartigen Beige-Farbgebung. Diese von der Modehauptstadt inspirierten Sneaker kombinieren einen Premium-Look mit der ikonischen Air Jordan 1-Silhouette. Der Air Jordan 1 Mid Milan eignet sich gleicherma\u00dfen f\u00fcr Sneaker-Enthusiasten und modebewusste Menschen und ist eine unverzichtbare Erg\u00e4nzung f\u00fcr jede Sammlung.<\/p>\n<ul>\n<li><strong>Farbgebung:<\/strong> Sail\/Light Bone\/String Shimmer<\/li>\n<li><strong>Stilcode:<\/strong> CV3044-100<\/li>\n<li><strong>Obermaterial:<\/strong> Leather<\/li>\n<li><strong>Mittelsohle:<\/strong> Air<\/li>\n<li><strong>Farbe:<\/strong> White<\/li>\n<li><strong>Designer:<\/strong> Peter Moore<\/li>\n<li><strong>Saison:<\/strong> Winter<\/li>\n<li><strong>Erscheinungsjahr:<\/strong> 2020<\/li>\n<\/ul>\n","protected":false},"excerpt":{"rendered":"<p>Der Air Jordan 1 Mid Milan von Jordan ist ein stylischer Sneaker mit einer einzigartigen Beige-Farbgebung. Diese von der Modehauptstadt inspirierten Sneaker kombinieren einen Premium-Look mit der ikonischen Air Jordan 1-Silhouette. Der Air Jordan 1 Mid Milan eignet sich gleicherma\u00dfen f\u00fcr Sneaker-Enthusiasten und modebewusste Menschen und ist eine unverzichtbare Erg\u00e4nzung f\u00fcr jede Sammlung. Farbgebung: Sail\/Light [&hellip;]<\/p>\n","protected":false},"featured_media":339078,"comment_status":"closed","ping_status":"closed","template":"","meta":[],"product_brand":[],"product_cat":[10825],"product_tag":[10750,18431,10819,10820,10821,10756,10814,10858],"class_list":{"0":"post-338358","1":"product","2":"type-product","3":"status-publish","4":"has-post-thumbnail","6":"product_cat-jordan","7":"product_tag-athleisure-shoes","8":"product_tag-geschenkidee-fuer-ihn","9":"product_tag-jordan","10":"product_tag-jordan-basketball-shoes","11":"product_tag-jordan-skateboarding-shoes","12":"product_tag-lifestyle-casual-shoes","13":"product_tag-lifestyle-shoes-basketball-inspired","14":"product_tag-retro-casual-shoes","16":"first","17":"instock","18":"taxable","19":"shipping-taxable","20":"purchasable","21":"product-type-simple"},"wcpa_form_fields":null,"_links":{"self":[{"href":"https:\/\/moroen.com\/de\/wp-json\/wp\/v2\/product\/338358","targetHints":{"allow":["GET"]}}],"collection":[{"href":"https:\/\/moroen.com\/de\/wp-json\/wp\/v2\/product"}],"about":[{"href":"https:\/\/moroen.com\/de\/wp-json\/wp\/v2\/types\/product"}],"replies":[{"embeddable":true,"href":"https:\/\/moroen.com\/de\/wp-json\/wp\/v2\/comments?post=338358"}],"wp:featuredmedia":[{"embeddable":true,"href":"https:\/\/moroen.com\/de\/wp-json\/wp\/v2\/media\/339078"}],"wp:attachment":[{"href":"https:\/\/moroen.com\/de\/wp-json\/wp\/v2\/media?parent=338358"}],"wp:term":[{"taxonomy":"product_brand","embeddable":true,"href":"https:\/\/moroen.com\/de\/wp-json\/wp\/v2\/product_brand?post=338358"},{"taxonomy":"product_cat","embeddable":true,"href":"https:\/\/moroen.com\/de\/wp-json\/wp\/v2\/product_cat?post=338358"},{"taxonomy":"product_tag","embeddable":true,"href":"https:\/\/moroen.com\/de\/wp-json\/wp\/v2\/product_tag?post=338358"}],"curies":[{"name":"wp","href":"https:\/\/api.w.org\/{rel}","templated":true}]}}