{"id":340048,"date":"2026-04-20T01:22:11","date_gmt":"2026-04-19T18:22:11","guid":{"rendered":"https:\/\/moroen.com\/de\/?p=340048"},"modified":"2026-04-20T01:22:11","modified_gmt":"2026-04-19T18:22:11","slug":"adidas-retropy-e5-black-vivid-red-gw4212","status":"publish","type":"product","link":"https:\/\/moroen.com\/de\/produkt\/adidas-retropy-e5-black-vivid-red-gw4212\/","title":{"rendered":"adidas Retropy E5 &#8216;Black Vivid Red&#8217; GW4212"},"content":{"rendered":"<p>Aktualisieren Sie Ihre Sneaker-Sammlung mit dem adidas Retropy E5 in Black Vivid Red. Diese Sneaker wurden mit Blick auf Stil und Komfort entworfen und verf\u00fcgen \u00fcber ein elegantes schwarzes Obermaterial mit leuchtend roten Akzenten. Diese adidas-Sneaker eignen sich perfekt f\u00fcr den Alltag und werten jedes Outfit auf.<\/p>\n<ul>\n<li><strong>Farbgebung:<\/strong> Core Black\/Cloud White\/Vivid Red<\/li>\n<li><strong>Stilcode:<\/strong> GW4212<\/li>\n<li><strong>Obermaterial:<\/strong> Textile<\/li>\n<li><strong>Mittelsohle:<\/strong> Boost<\/li>\n<li><strong>Farbe:<\/strong> Black<\/li>\n<li><strong>Saison:<\/strong> Spring<\/li>\n<li><strong>Erscheinungsjahr:<\/strong> 2022<\/li>\n<\/ul>\n","protected":false},"excerpt":{"rendered":"<p>Aktualisieren Sie Ihre Sneaker-Sammlung mit dem adidas Retropy E5 in Black Vivid Red. Diese Sneaker wurden mit Blick auf Stil und Komfort entworfen und verf\u00fcgen \u00fcber ein elegantes schwarzes Obermaterial mit leuchtend roten Akzenten. Diese adidas-Sneaker eignen sich perfekt f\u00fcr den Alltag und werten jedes Outfit auf. Farbgebung: Core Black\/Cloud White\/Vivid Red Stilcode: GW4212 Obermaterial: [&hellip;]<\/p>\n","protected":false},"featured_media":340379,"comment_status":"closed","ping_status":"closed","template":"","meta":[],"product_brand":[],"product_cat":[10791],"product_tag":[10789,10767,10750,18431,10756,10758,10763],"class_list":{"0":"post-340048","1":"product","2":"type-product","3":"status-publish","4":"has-post-thumbnail","6":"product_cat-adidas","7":"product_tag-adidas","8":"product_tag-adidas-running-shoes","9":"product_tag-athleisure-shoes","10":"product_tag-geschenkidee-fuer-ihn","11":"product_tag-lifestyle-casual-shoes","12":"product_tag-lifestyle-shoes-running-inspired","13":"product_tag-retro-running-shoes","15":"first","16":"instock","17":"taxable","18":"shipping-taxable","19":"purchasable","20":"product-type-simple"},"wcpa_form_fields":null,"_links":{"self":[{"href":"https:\/\/moroen.com\/de\/wp-json\/wp\/v2\/product\/340048","targetHints":{"allow":["GET"]}}],"collection":[{"href":"https:\/\/moroen.com\/de\/wp-json\/wp\/v2\/product"}],"about":[{"href":"https:\/\/moroen.com\/de\/wp-json\/wp\/v2\/types\/product"}],"replies":[{"embeddable":true,"href":"https:\/\/moroen.com\/de\/wp-json\/wp\/v2\/comments?post=340048"}],"wp:featuredmedia":[{"embeddable":true,"href":"https:\/\/moroen.com\/de\/wp-json\/wp\/v2\/media\/340379"}],"wp:attachment":[{"href":"https:\/\/moroen.com\/de\/wp-json\/wp\/v2\/media?parent=340048"}],"wp:term":[{"taxonomy":"product_brand","embeddable":true,"href":"https:\/\/moroen.com\/de\/wp-json\/wp\/v2\/product_brand?post=340048"},{"taxonomy":"product_cat","embeddable":true,"href":"https:\/\/moroen.com\/de\/wp-json\/wp\/v2\/product_cat?post=340048"},{"taxonomy":"product_tag","embeddable":true,"href":"https:\/\/moroen.com\/de\/wp-json\/wp\/v2\/product_tag?post=340048"}],"curies":[{"name":"wp","href":"https:\/\/api.w.org\/{rel}","templated":true}]}}