{"id":340066,"date":"2026-04-20T01:22:11","date_gmt":"2026-04-19T18:22:11","guid":{"rendered":"https:\/\/moroen.com\/de\/?p=340066"},"modified":"2026-04-20T01:22:11","modified_gmt":"2026-04-19T18:22:11","slug":"damen-adidas-campus-00s-black-leopard-id7039","status":"publish","type":"product","link":"https:\/\/moroen.com\/de\/produkt\/damen-adidas-campus-00s-black-leopard-id7039\/","title":{"rendered":"(Damen) adidas Campus 00s \u201eBlack Leopard\u201c ID7039"},"content":{"rendered":"<p>Wir stellen vor: die adidas Campus 00s Black Leopard-Sneaker f\u00fcr Damen. Diese stilvollen Sneaker verf\u00fcgen \u00fcber ein elegantes schwarzes Design mit einem trendigen Leopardenmuster und bieten einen einzigartigen und auff\u00e4lligen Look. Sie werden von der renommierten Marke adidas hergestellt und bieten Stil und Komfort in einem. Perfekt, um jedem Outfit eine modische Note zu verleihen.<\/p>\n<ul>\n<li><strong>Farbgebung:<\/strong> Core Black\/Supplier Color\/Wonder Beige<\/li>\n<li><strong>Stilcode:<\/strong> ID7039<\/li>\n<li><strong>Obermaterial:<\/strong> Suede<\/li>\n<li><strong>Farbe:<\/strong> Black<\/li>\n<li><strong>Erscheinungsjahr:<\/strong> 2023<\/li>\n<\/ul>\n","protected":false},"excerpt":{"rendered":"<p>Wir stellen vor: die adidas Campus 00s Black Leopard-Sneaker f\u00fcr Damen. Diese stilvollen Sneaker verf\u00fcgen \u00fcber ein elegantes schwarzes Design mit einem trendigen Leopardenmuster und bieten einen einzigartigen und auff\u00e4lligen Look. Sie werden von der renommierten Marke adidas hergestellt und bieten Stil und Komfort in einem. Perfekt, um jedem Outfit eine modische Note zu verleihen. [&hellip;]<\/p>\n","protected":false},"featured_media":340496,"comment_status":"closed","ping_status":"closed","template":"","meta":[],"product_brand":[],"product_cat":[10791],"product_tag":[10789,10856,10750,18453,10756,10857,10858,18432],"class_list":{"0":"post-340066","1":"product","2":"type-product","3":"status-publish","4":"has-post-thumbnail","6":"product_cat-adidas","7":"product_tag-adidas","8":"product_tag-adidas-skateboarding-shoes","9":"product_tag-athleisure-shoes","10":"product_tag-geschenkidee-fuer-sie","11":"product_tag-lifestyle-casual-shoes","12":"product_tag-lifestyle-shoes-casual","13":"product_tag-retro-casual-shoes","14":"product_tag-top-angebote","16":"first","17":"instock","18":"taxable","19":"shipping-taxable","20":"purchasable","21":"product-type-simple"},"wcpa_form_fields":null,"_links":{"self":[{"href":"https:\/\/moroen.com\/de\/wp-json\/wp\/v2\/product\/340066","targetHints":{"allow":["GET"]}}],"collection":[{"href":"https:\/\/moroen.com\/de\/wp-json\/wp\/v2\/product"}],"about":[{"href":"https:\/\/moroen.com\/de\/wp-json\/wp\/v2\/types\/product"}],"replies":[{"embeddable":true,"href":"https:\/\/moroen.com\/de\/wp-json\/wp\/v2\/comments?post=340066"}],"wp:featuredmedia":[{"embeddable":true,"href":"https:\/\/moroen.com\/de\/wp-json\/wp\/v2\/media\/340496"}],"wp:attachment":[{"href":"https:\/\/moroen.com\/de\/wp-json\/wp\/v2\/media?parent=340066"}],"wp:term":[{"taxonomy":"product_brand","embeddable":true,"href":"https:\/\/moroen.com\/de\/wp-json\/wp\/v2\/product_brand?post=340066"},{"taxonomy":"product_cat","embeddable":true,"href":"https:\/\/moroen.com\/de\/wp-json\/wp\/v2\/product_cat?post=340066"},{"taxonomy":"product_tag","embeddable":true,"href":"https:\/\/moroen.com\/de\/wp-json\/wp\/v2\/product_tag?post=340066"}],"curies":[{"name":"wp","href":"https:\/\/api.w.org\/{rel}","templated":true}]}}