{"id":340813,"date":"2026-04-20T01:22:11","date_gmt":"2026-04-19T18:22:11","guid":{"rendered":"https:\/\/moroen.com\/de\/?p=340813"},"modified":"2026-04-20T01:22:11","modified_gmt":"2026-04-19T18:22:11","slug":"new-balance-992-violet-purple-m992aa","status":"publish","type":"product","link":"https:\/\/moroen.com\/de\/produkt\/new-balance-992-violet-purple-m992aa\/","title":{"rendered":"New Balance 992 &#8216;Violet Purple&#8217; M992AA"},"content":{"rendered":"<p>Der New Balance 992 Violet Purple Sneaker vereint Stil und Komfort in einem. Mit ihrer leuchtenden Farbgebung in Violett und Lila setzen diese Sneaker von New Balance ein mutiges Statement. Mit der markentypischen D\u00e4mpfung und Unterst\u00fctzung eignen sich diese Sneaker perfekt f\u00fcr den Alltag oder Ihre n\u00e4chste Trainingseinheit. Erleben Sie Stil und Komfort mit dem New Balance 992 Violet Purple Sneaker.<\/p>\n<ul>\n<li><strong>Farbgebung:<\/strong> Purple\/Silver Metallic<\/li>\n<li><strong>Stilcode:<\/strong> M992AA<\/li>\n<li><strong>Obermaterial:<\/strong> Cotton<\/li>\n<li><strong>Mittelsohle:<\/strong> ABZORB<\/li>\n<li><strong>Farbe:<\/strong> Purple<\/li>\n<li><strong>Saison:<\/strong> Fall<\/li>\n<li><strong>Erscheinungsjahr:<\/strong> 2021<\/li>\n<\/ul>\n","protected":false},"excerpt":{"rendered":"<p>Der New Balance 992 Violet Purple Sneaker vereint Stil und Komfort in einem. Mit ihrer leuchtenden Farbgebung in Violett und Lila setzen diese Sneaker von New Balance ein mutiges Statement. Mit der markentypischen D\u00e4mpfung und Unterst\u00fctzung eignen sich diese Sneaker perfekt f\u00fcr den Alltag oder Ihre n\u00e4chste Trainingseinheit. Erleben Sie Stil und Komfort mit dem [&hellip;]<\/p>\n","protected":false},"featured_media":341310,"comment_status":"closed","ping_status":"closed","template":"","meta":[],"product_brand":[],"product_cat":[10774],"product_tag":[10750,18431,10756,10758,10760,10761,10763,18432],"class_list":{"0":"post-340813","1":"product","2":"type-product","3":"status-publish","4":"has-post-thumbnail","6":"product_cat-new-balance","7":"product_tag-athleisure-shoes","8":"product_tag-geschenkidee-fuer-ihn","9":"product_tag-lifestyle-casual-shoes","10":"product_tag-lifestyle-shoes-running-inspired","11":"product_tag-new-balance","12":"product_tag-new-balance-running-shoes","13":"product_tag-retro-running-shoes","14":"product_tag-top-angebote","16":"first","17":"instock","18":"taxable","19":"shipping-taxable","20":"purchasable","21":"product-type-simple"},"wcpa_form_fields":null,"_links":{"self":[{"href":"https:\/\/moroen.com\/de\/wp-json\/wp\/v2\/product\/340813","targetHints":{"allow":["GET"]}}],"collection":[{"href":"https:\/\/moroen.com\/de\/wp-json\/wp\/v2\/product"}],"about":[{"href":"https:\/\/moroen.com\/de\/wp-json\/wp\/v2\/types\/product"}],"replies":[{"embeddable":true,"href":"https:\/\/moroen.com\/de\/wp-json\/wp\/v2\/comments?post=340813"}],"wp:featuredmedia":[{"embeddable":true,"href":"https:\/\/moroen.com\/de\/wp-json\/wp\/v2\/media\/341310"}],"wp:attachment":[{"href":"https:\/\/moroen.com\/de\/wp-json\/wp\/v2\/media?parent=340813"}],"wp:term":[{"taxonomy":"product_brand","embeddable":true,"href":"https:\/\/moroen.com\/de\/wp-json\/wp\/v2\/product_brand?post=340813"},{"taxonomy":"product_cat","embeddable":true,"href":"https:\/\/moroen.com\/de\/wp-json\/wp\/v2\/product_cat?post=340813"},{"taxonomy":"product_tag","embeddable":true,"href":"https:\/\/moroen.com\/de\/wp-json\/wp\/v2\/product_tag?post=340813"}],"curies":[{"name":"wp","href":"https:\/\/api.w.org\/{rel}","templated":true}]}}