{"id":342383,"date":"2026-04-20T01:22:11","date_gmt":"2026-04-19T18:22:11","guid":{"rendered":"https:\/\/moroen.com\/de\/?p=342383"},"modified":"2026-04-20T01:22:11","modified_gmt":"2026-04-19T18:22:11","slug":"nike-sb-dunk-low-pro-true-berry-bq6817-001","status":"publish","type":"product","link":"https:\/\/moroen.com\/de\/produkt\/nike-sb-dunk-low-pro-true-berry-bq6817-001\/","title":{"rendered":"Nike SB Dunk Low Pro \u201eTrue Berry\u201c BQ6817-001"},"content":{"rendered":"<p>Die Nike SB Dunk Low Pro True Berry-Sneaker von Nike sind eine auff\u00e4llige und stilvolle Erg\u00e4nzung f\u00fcr jede Sneaker-Kollektion. Mit ihrer leuchtend roten Farbe sind sie ein echter Hingucker. Diese Sneaker bestehen aus hochwertigen Materialien und sind sowohl auf Komfort als auch auf Langlebigkeit ausgelegt. Perfekt f\u00fcr Skateboarder oder alle, die eine herausragende Sneaker-Option suchen.<\/p>\n<ul>\n<li><strong>Farbgebung:<\/strong> Atmosphere Grey\/True Berry\/Obsidian\/Atmosphere Grey<\/li>\n<li><strong>Stilcode:<\/strong> BQ6817-001<\/li>\n<li><strong>Obermaterial:<\/strong> Leather<\/li>\n<li><strong>Mittelsohle:<\/strong> Air<\/li>\n<li><strong>Farbe:<\/strong> Red<\/li>\n<li><strong>Designer:<\/strong> Peter Moore<\/li>\n<li><strong>Saison:<\/strong> Winter<\/li>\n<li><strong>Erscheinungsjahr:<\/strong> 2019<\/li>\n<\/ul>\n","protected":false},"excerpt":{"rendered":"<p>Die Nike SB Dunk Low Pro True Berry-Sneaker von Nike sind eine auff\u00e4llige und stilvolle Erg\u00e4nzung f\u00fcr jede Sneaker-Kollektion. Mit ihrer leuchtend roten Farbe sind sie ein echter Hingucker. Diese Sneaker bestehen aus hochwertigen Materialien und sind sowohl auf Komfort als auch auf Langlebigkeit ausgelegt. Perfekt f\u00fcr Skateboarder oder alle, die eine herausragende Sneaker-Option suchen. [&hellip;]<\/p>\n","protected":false},"featured_media":342869,"comment_status":"closed","ping_status":"closed","template":"","meta":[],"product_brand":[],"product_cat":[10773],"product_tag":[12579,12578,18431,10762,10839,12563,10881,18432],"class_list":{"0":"post-342383","1":"product","2":"type-product","3":"status-publish","4":"has-post-thumbnail","6":"product_cat-nike","7":"product_tag-basketballschuhe","8":"product_tag-basketballschuhe-mit-kna-cheluntersta-tzung","9":"product_tag-geschenkidee-fuer-ihn","10":"product_tag-nike","11":"product_tag-nike-skateboarding-shoes","12":"product_tag-performance-sportschuhe","13":"product_tag-skateboard-shoes","14":"product_tag-top-angebote","16":"first","17":"instock","18":"taxable","19":"shipping-taxable","20":"purchasable","21":"product-type-simple"},"wcpa_form_fields":null,"_links":{"self":[{"href":"https:\/\/moroen.com\/de\/wp-json\/wp\/v2\/product\/342383","targetHints":{"allow":["GET"]}}],"collection":[{"href":"https:\/\/moroen.com\/de\/wp-json\/wp\/v2\/product"}],"about":[{"href":"https:\/\/moroen.com\/de\/wp-json\/wp\/v2\/types\/product"}],"replies":[{"embeddable":true,"href":"https:\/\/moroen.com\/de\/wp-json\/wp\/v2\/comments?post=342383"}],"wp:featuredmedia":[{"embeddable":true,"href":"https:\/\/moroen.com\/de\/wp-json\/wp\/v2\/media\/342869"}],"wp:attachment":[{"href":"https:\/\/moroen.com\/de\/wp-json\/wp\/v2\/media?parent=342383"}],"wp:term":[{"taxonomy":"product_brand","embeddable":true,"href":"https:\/\/moroen.com\/de\/wp-json\/wp\/v2\/product_brand?post=342383"},{"taxonomy":"product_cat","embeddable":true,"href":"https:\/\/moroen.com\/de\/wp-json\/wp\/v2\/product_cat?post=342383"},{"taxonomy":"product_tag","embeddable":true,"href":"https:\/\/moroen.com\/de\/wp-json\/wp\/v2\/product_tag?post=342383"}],"curies":[{"name":"wp","href":"https:\/\/api.w.org\/{rel}","templated":true}]}}