{"id":343232,"date":"2026-04-20T01:22:11","date_gmt":"2026-04-19T18:22:11","guid":{"rendered":"https:\/\/moroen.com\/de\/?p=343232"},"modified":"2026-04-20T01:22:11","modified_gmt":"2026-04-19T18:22:11","slug":"nike-kyrie-7-ep-copa-cq9327-402","status":"publish","type":"product","link":"https:\/\/moroen.com\/de\/produkt\/nike-kyrie-7-ep-copa-cq9327-402\/","title":{"rendered":"Nike Kyrie 7 EP \u201eCopa\u201c CQ9327-402"},"content":{"rendered":"<p>Wir stellen den Nike Kyrie 7 EP Copa vor, eine unverzichtbare Erg\u00e4nzung f\u00fcr die Sammlung jedes Basketball-Enthusiasten. Dieser von Nike entworfene Schuh verf\u00fcgt \u00fcber eine elegante graue Farbgebung, die perfekt zu jedem Stil passt. Mit seiner fortschrittlichen Technologie und der bequemen Passform bringt der Nike Kyrie 7 EP Copa Ihr Spiel auf die n\u00e4chste Stufe. Holen Sie sich noch heute Ihr Paar und erleben Sie den Unterschied selbst.<\/p>\n<ul>\n<li><strong>Farbgebung:<\/strong> Copa\/Rattan\/Roma Green\/Dark Smoke Grey<\/li>\n<li><strong>Stilcode:<\/strong> CQ9327-402<\/li>\n<li><strong>Obermaterial:<\/strong> Mesh<\/li>\n<li><strong>Mittelsohle:<\/strong> Zoom Air<\/li>\n<li><strong>Farbe:<\/strong> Teal<\/li>\n<li><strong>Designer:<\/strong> Ben Nethongkome<\/li>\n<li><strong>Saison:<\/strong> All Season<\/li>\n<\/ul>\n","protected":false},"excerpt":{"rendered":"<p>Wir stellen den Nike Kyrie 7 EP Copa vor, eine unverzichtbare Erg\u00e4nzung f\u00fcr die Sammlung jedes Basketball-Enthusiasten. Dieser von Nike entworfene Schuh verf\u00fcgt \u00fcber eine elegante graue Farbgebung, die perfekt zu jedem Stil passt. Mit seiner fortschrittlichen Technologie und der bequemen Passform bringt der Nike Kyrie 7 EP Copa Ihr Spiel auf die n\u00e4chste Stufe. [&hellip;]<\/p>\n","protected":false},"featured_media":343790,"comment_status":"closed","ping_status":"closed","template":"","meta":[],"product_brand":[],"product_cat":[10773],"product_tag":[12579,12578,18431,11411,10762,10852,10839,12563],"class_list":{"0":"post-343232","1":"product","2":"type-product","3":"status-publish","4":"has-post-thumbnail","6":"product_cat-nike","7":"product_tag-basketballschuhe","8":"product_tag-basketballschuhe-mit-kna-cheluntersta-tzung","9":"product_tag-geschenkidee-fuer-ihn","10":"product_tag-kyrie-irving","11":"product_tag-nike","12":"product_tag-nike-basketball-shoes","13":"product_tag-nike-skateboarding-shoes","14":"product_tag-performance-sportschuhe","16":"first","17":"instock","18":"taxable","19":"shipping-taxable","20":"purchasable","21":"product-type-simple"},"wcpa_form_fields":null,"_links":{"self":[{"href":"https:\/\/moroen.com\/de\/wp-json\/wp\/v2\/product\/343232","targetHints":{"allow":["GET"]}}],"collection":[{"href":"https:\/\/moroen.com\/de\/wp-json\/wp\/v2\/product"}],"about":[{"href":"https:\/\/moroen.com\/de\/wp-json\/wp\/v2\/types\/product"}],"replies":[{"embeddable":true,"href":"https:\/\/moroen.com\/de\/wp-json\/wp\/v2\/comments?post=343232"}],"wp:featuredmedia":[{"embeddable":true,"href":"https:\/\/moroen.com\/de\/wp-json\/wp\/v2\/media\/343790"}],"wp:attachment":[{"href":"https:\/\/moroen.com\/de\/wp-json\/wp\/v2\/media?parent=343232"}],"wp:term":[{"taxonomy":"product_brand","embeddable":true,"href":"https:\/\/moroen.com\/de\/wp-json\/wp\/v2\/product_brand?post=343232"},{"taxonomy":"product_cat","embeddable":true,"href":"https:\/\/moroen.com\/de\/wp-json\/wp\/v2\/product_cat?post=343232"},{"taxonomy":"product_tag","embeddable":true,"href":"https:\/\/moroen.com\/de\/wp-json\/wp\/v2\/product_tag?post=343232"}],"curies":[{"name":"wp","href":"https:\/\/api.w.org\/{rel}","templated":true}]}}