{"id":344024,"date":"2026-04-20T01:22:11","date_gmt":"2026-04-19T18:22:11","guid":{"rendered":"https:\/\/moroen.com\/de\/?p=344024"},"modified":"2026-04-20T01:22:11","modified_gmt":"2026-04-19T18:22:11","slug":"nike-p-6000-flat-pewter-fn7509-029","status":"publish","type":"product","link":"https:\/\/moroen.com\/de\/produkt\/nike-p-6000-flat-pewter-fn7509-029\/","title":{"rendered":"Nike P-6000 \u201eFlat Pewter\u201c FN7509-029"},"content":{"rendered":"<p>Erweitern Sie Ihre Sneaker-Sammlung mit dem Nike P-6000 \u201eFlat Pewter\u201c. Dieses retro-moderne Meisterwerk verbindet das ikonische Design des Air Pegasus mit zeitgen\u00f6ssischem Stil. Mit einem Obermaterial aus Mesh und Leder in einem dezenten, aber eleganten Zinnton bietet er Atmungsaktivit\u00e4t und eine sichere Passform. Die klobige Schaumstoffsohle sorgt f\u00fcr maximale D\u00e4mpfung und Komfort, w\u00e4hrend die Gummiau\u00dfensohle f\u00fcr zuverl\u00e4ssige Traktion sorgt. Steigen Sie in den P-6000 ein und erleben Sie eine Mischung aus Komfort, Stil und Nostalgie. R\u00fcsten Sie Ihr Schuhwerk noch heute auf!<\/p>\n<ul>\n<li><strong>Farbgebung:<\/strong> Flat Pewter\/Light Iron Ore\/Metallic Silver\/White<\/li>\n<li><strong>Stilcode:<\/strong> FN7509-029<\/li>\n<li><strong>Obermaterial:<\/strong> Mesh<\/li>\n<li><strong>Farbe:<\/strong> Grey<\/li>\n<li><strong>Erscheinungsjahr:<\/strong> 2023<\/li>\n<\/ul>\n","protected":false},"excerpt":{"rendered":"<p>Erweitern Sie Ihre Sneaker-Sammlung mit dem Nike P-6000 \u201eFlat Pewter\u201c. Dieses retro-moderne Meisterwerk verbindet das ikonische Design des Air Pegasus mit zeitgen\u00f6ssischem Stil. Mit einem Obermaterial aus Mesh und Leder in einem dezenten, aber eleganten Zinnton bietet er Atmungsaktivit\u00e4t und eine sichere Passform. Die klobige Schaumstoffsohle sorgt f\u00fcr maximale D\u00e4mpfung und Komfort, w\u00e4hrend die Gummiau\u00dfensohle [&hellip;]<\/p>\n","protected":false},"featured_media":344159,"comment_status":"closed","ping_status":"closed","template":"","meta":[],"product_brand":[],"product_cat":[10773],"product_tag":[10750,11358,18431,10756,10758,10762,10792,10763,18411],"class_list":{"0":"post-344024","1":"product","2":"type-product","3":"status-publish","4":"has-post-thumbnail","6":"product_cat-nike","7":"product_tag-athleisure-shoes","8":"product_tag-gallery-look","9":"product_tag-geschenkidee-fuer-ihn","10":"product_tag-lifestyle-casual-shoes","11":"product_tag-lifestyle-shoes-running-inspired","12":"product_tag-nike","13":"product_tag-nike-running-shoes","14":"product_tag-retro-running-shoes","15":"product_tag-unter-dem-regulaeren-preis","17":"first","18":"instock","19":"taxable","20":"shipping-taxable","21":"purchasable","22":"product-type-simple"},"wcpa_form_fields":null,"_links":{"self":[{"href":"https:\/\/moroen.com\/de\/wp-json\/wp\/v2\/product\/344024","targetHints":{"allow":["GET"]}}],"collection":[{"href":"https:\/\/moroen.com\/de\/wp-json\/wp\/v2\/product"}],"about":[{"href":"https:\/\/moroen.com\/de\/wp-json\/wp\/v2\/types\/product"}],"replies":[{"embeddable":true,"href":"https:\/\/moroen.com\/de\/wp-json\/wp\/v2\/comments?post=344024"}],"wp:featuredmedia":[{"embeddable":true,"href":"https:\/\/moroen.com\/de\/wp-json\/wp\/v2\/media\/344159"}],"wp:attachment":[{"href":"https:\/\/moroen.com\/de\/wp-json\/wp\/v2\/media?parent=344024"}],"wp:term":[{"taxonomy":"product_brand","embeddable":true,"href":"https:\/\/moroen.com\/de\/wp-json\/wp\/v2\/product_brand?post=344024"},{"taxonomy":"product_cat","embeddable":true,"href":"https:\/\/moroen.com\/de\/wp-json\/wp\/v2\/product_cat?post=344024"},{"taxonomy":"product_tag","embeddable":true,"href":"https:\/\/moroen.com\/de\/wp-json\/wp\/v2\/product_tag?post=344024"}],"curies":[{"name":"wp","href":"https:\/\/api.w.org\/{rel}","templated":true}]}}