{"id":344097,"date":"2026-04-20T01:22:11","date_gmt":"2026-04-19T18:22:11","guid":{"rendered":"https:\/\/moroen.com\/de\/?p=344097"},"modified":"2026-04-20T01:22:11","modified_gmt":"2026-04-19T18:22:11","slug":"nike-p-6000-sesame-hv2528-100","status":"publish","type":"product","link":"https:\/\/moroen.com\/de\/produkt\/nike-p-6000-sesame-hv2528-100\/","title":{"rendered":"Nike P-6000 \u201eSesame\u201c HV2528-100"},"content":{"rendered":"<p>Verbessern Sie Ihren Stil und Komfort mit dem Nike P-6000 \u201eSesame\u201c HV2528-100, der ein vom Retro-Laufsport inspiriertes Design mit atmungsaktivem Mesh, gepolsterten Zwischensohlen und strapazierf\u00e4higen \u00dcberz\u00fcgen f\u00fcr ganzt\u00e4gigen Tragekomfort verbindet.<\/p>\n<ul>\n<li><strong>Farbgebung:<\/strong> Light Orewood Brown\/Khaki\/Sesame\/Phantom<\/li>\n<li><strong>Stilcode:<\/strong> HV2528-100<\/li>\n<li><strong>Obermaterial:<\/strong> Mesh<\/li>\n<li><strong>Farbe:<\/strong> Brown<\/li>\n<li><strong>Saison:<\/strong> Fall<\/li>\n<li><strong>Erscheinungsjahr:<\/strong> 2024<\/li>\n<\/ul>\n","protected":false},"excerpt":{"rendered":"<p>Verbessern Sie Ihren Stil und Komfort mit dem Nike P-6000 \u201eSesame\u201c HV2528-100, der ein vom Retro-Laufsport inspiriertes Design mit atmungsaktivem Mesh, gepolsterten Zwischensohlen und strapazierf\u00e4higen \u00dcberz\u00fcgen f\u00fcr ganzt\u00e4gigen Tragekomfort verbindet. Farbgebung: Light Orewood Brown\/Khaki\/Sesame\/Phantom Stilcode: HV2528-100 Obermaterial: Mesh Farbe: Brown Saison: Fall Erscheinungsjahr: 2024<\/p>\n","protected":false},"featured_media":344720,"comment_status":"closed","ping_status":"closed","template":"","meta":[],"product_brand":[],"product_cat":[10773],"product_tag":[10750,10756,10758,10762,10763,18411],"class_list":{"0":"post-344097","1":"product","2":"type-product","3":"status-publish","4":"has-post-thumbnail","6":"product_cat-nike","7":"product_tag-athleisure-shoes","8":"product_tag-lifestyle-casual-shoes","9":"product_tag-lifestyle-shoes-running-inspired","10":"product_tag-nike","11":"product_tag-retro-running-shoes","12":"product_tag-unter-dem-regulaeren-preis","14":"first","15":"instock","16":"taxable","17":"shipping-taxable","18":"purchasable","19":"product-type-simple"},"wcpa_form_fields":null,"_links":{"self":[{"href":"https:\/\/moroen.com\/de\/wp-json\/wp\/v2\/product\/344097","targetHints":{"allow":["GET"]}}],"collection":[{"href":"https:\/\/moroen.com\/de\/wp-json\/wp\/v2\/product"}],"about":[{"href":"https:\/\/moroen.com\/de\/wp-json\/wp\/v2\/types\/product"}],"replies":[{"embeddable":true,"href":"https:\/\/moroen.com\/de\/wp-json\/wp\/v2\/comments?post=344097"}],"wp:featuredmedia":[{"embeddable":true,"href":"https:\/\/moroen.com\/de\/wp-json\/wp\/v2\/media\/344720"}],"wp:attachment":[{"href":"https:\/\/moroen.com\/de\/wp-json\/wp\/v2\/media?parent=344097"}],"wp:term":[{"taxonomy":"product_brand","embeddable":true,"href":"https:\/\/moroen.com\/de\/wp-json\/wp\/v2\/product_brand?post=344097"},{"taxonomy":"product_cat","embeddable":true,"href":"https:\/\/moroen.com\/de\/wp-json\/wp\/v2\/product_cat?post=344097"},{"taxonomy":"product_tag","embeddable":true,"href":"https:\/\/moroen.com\/de\/wp-json\/wp\/v2\/product_tag?post=344097"}],"curies":[{"name":"wp","href":"https:\/\/api.w.org\/{rel}","templated":true}]}}