{"id":346393,"date":"2026-04-20T01:22:11","date_gmt":"2026-04-19T18:22:11","guid":{"rendered":"https:\/\/moroen.com\/de\/?p=346393"},"modified":"2026-04-20T01:22:11","modified_gmt":"2026-04-19T18:22:11","slug":"nike-air-max-270-react-white-crimson-black-ct1280-100","status":"publish","type":"product","link":"https:\/\/moroen.com\/de\/produkt\/nike-air-max-270-react-white-crimson-black-ct1280-100\/","title":{"rendered":"Nike Air Max 270 React \u201eWhite Crimson Black\u201c CT1280-100"},"content":{"rendered":"<p>Betreten Sie die Zukunft des Schuhwerks mit dem Nike Air Max 270 React \u201eWhite Crimson Black\u201c. Erleben Sie unvergleichlichen Komfort und Stil mit der \u00e4u\u00dferst reaktionsfreudigen React-Schaumsohle und der legend\u00e4ren Max Air-D\u00e4mpfung. Das elegante wei\u00dfe Obermaterial wird durch leuchtende karmesinrote und schwarze Details akzentuiert, was ihn zu einem Statement-St\u00fcck f\u00fcr jede Garderobe macht. Seine atmungsaktive Konstruktion h\u00e4lt Ihre F\u00fc\u00dfe frisch, w\u00e4hrend die Gummiau\u00dfensohle f\u00fcr Strapazierf\u00e4higkeit und Traktion sorgt. Verbessern Sie Ihr Schuhwerk mit dem Nike Air Max 270 React \u201eWhite Crimson Black\u201c.<\/p>\n<ul>\n<li><strong>Farbgebung:<\/strong> White\/Flash Crimson-Cool Grey-Black<\/li>\n<li><strong>Stilcode:<\/strong> CT1280-100<\/li>\n<li><strong>Obermaterial:<\/strong> Textile<\/li>\n<li><strong>Mittelsohle:<\/strong> React<\/li>\n<li><strong>Farbe:<\/strong> White<\/li>\n<li><strong>Saison:<\/strong> All Season<\/li>\n<li><strong>Erscheinungsjahr:<\/strong> 2020<\/li>\n<\/ul>\n","protected":false},"excerpt":{"rendered":"<p>Betreten Sie die Zukunft des Schuhwerks mit dem Nike Air Max 270 React \u201eWhite Crimson Black\u201c. Erleben Sie unvergleichlichen Komfort und Stil mit der \u00e4u\u00dferst reaktionsfreudigen React-Schaumsohle und der legend\u00e4ren Max Air-D\u00e4mpfung. Das elegante wei\u00dfe Obermaterial wird durch leuchtende karmesinrote und schwarze Details akzentuiert, was ihn zu einem Statement-St\u00fcck f\u00fcr jede Garderobe macht. Seine atmungsaktive [&hellip;]<\/p>\n","protected":false},"featured_media":346667,"comment_status":"closed","ping_status":"closed","template":"","meta":[],"product_brand":[],"product_cat":[10773],"product_tag":[10750,18431,10756,10758,10762,10792,10763],"class_list":{"0":"post-346393","1":"product","2":"type-product","3":"status-publish","4":"has-post-thumbnail","6":"product_cat-nike","7":"product_tag-athleisure-shoes","8":"product_tag-geschenkidee-fuer-ihn","9":"product_tag-lifestyle-casual-shoes","10":"product_tag-lifestyle-shoes-running-inspired","11":"product_tag-nike","12":"product_tag-nike-running-shoes","13":"product_tag-retro-running-shoes","15":"first","16":"instock","17":"taxable","18":"shipping-taxable","19":"purchasable","20":"product-type-simple"},"wcpa_form_fields":null,"_links":{"self":[{"href":"https:\/\/moroen.com\/de\/wp-json\/wp\/v2\/product\/346393","targetHints":{"allow":["GET"]}}],"collection":[{"href":"https:\/\/moroen.com\/de\/wp-json\/wp\/v2\/product"}],"about":[{"href":"https:\/\/moroen.com\/de\/wp-json\/wp\/v2\/types\/product"}],"replies":[{"embeddable":true,"href":"https:\/\/moroen.com\/de\/wp-json\/wp\/v2\/comments?post=346393"}],"wp:featuredmedia":[{"embeddable":true,"href":"https:\/\/moroen.com\/de\/wp-json\/wp\/v2\/media\/346667"}],"wp:attachment":[{"href":"https:\/\/moroen.com\/de\/wp-json\/wp\/v2\/media?parent=346393"}],"wp:term":[{"taxonomy":"product_brand","embeddable":true,"href":"https:\/\/moroen.com\/de\/wp-json\/wp\/v2\/product_brand?post=346393"},{"taxonomy":"product_cat","embeddable":true,"href":"https:\/\/moroen.com\/de\/wp-json\/wp\/v2\/product_cat?post=346393"},{"taxonomy":"product_tag","embeddable":true,"href":"https:\/\/moroen.com\/de\/wp-json\/wp\/v2\/product_tag?post=346393"}],"curies":[{"name":"wp","href":"https:\/\/api.w.org\/{rel}","templated":true}]}}