{"id":347206,"date":"2026-04-20T01:22:11","date_gmt":"2026-04-19T18:22:11","guid":{"rendered":"https:\/\/moroen.com\/de\/?p=347206"},"modified":"2026-04-20T01:22:11","modified_gmt":"2026-04-19T18:22:11","slug":"nike-winflo-8-schwarz-weiss-cw3419-006","status":"publish","type":"product","link":"https:\/\/moroen.com\/de\/produkt\/nike-winflo-8-schwarz-weiss-cw3419-006\/","title":{"rendered":"Nike Winflo 8 &#8216;Schwarz Wei\u00df&#8217; CW3419-006"},"content":{"rendered":"<p>Die Nike Winflo 8 Black White-Sneaker sind die perfekte Mischung aus Stil und Leistung. Diese von Nike, einer der f\u00fchrenden Marken f\u00fcr Sportschuhe, entworfenen Sneaker bieten ein modernes und elegantes Design in Schwarz und Wei\u00df. Mit fortschrittlichen Funktionen und hochwertigen Materialien bieten diese Sneaker \u00fcberragenden Komfort und Halt. Egal, ob Sie ins Fitnessstudio gehen oder Besorgungen machen, diese Nike Winflo 8-Sneaker sind eine tolle Erg\u00e4nzung f\u00fcr Ihre Garderobe.<\/p>\n<ul>\n<li><strong>Farbgebung:<\/strong> Black\/Dark Smoke Grey\/White<\/li>\n<li><strong>Stilcode:<\/strong> CW3419-006<\/li>\n<li><strong>Obermaterial:<\/strong> Mesh<\/li>\n<li><strong>Mittelsohle:<\/strong> Air<\/li>\n<li><strong>Farbe:<\/strong> Black<\/li>\n<li><strong>Saison:<\/strong> Spring<\/li>\n<li><strong>Erscheinungsjahr:<\/strong> 2021<\/li>\n<\/ul>\n","protected":false},"excerpt":{"rendered":"<p>Die Nike Winflo 8 Black White-Sneaker sind die perfekte Mischung aus Stil und Leistung. Diese von Nike, einer der f\u00fchrenden Marken f\u00fcr Sportschuhe, entworfenen Sneaker bieten ein modernes und elegantes Design in Schwarz und Wei\u00df. Mit fortschrittlichen Funktionen und hochwertigen Materialien bieten diese Sneaker \u00fcberragenden Komfort und Halt. Egal, ob Sie ins Fitnessstudio gehen oder [&hellip;]<\/p>\n","protected":false},"featured_media":347752,"comment_status":"closed","ping_status":"closed","template":"","meta":[],"product_brand":[],"product_cat":[10773],"product_tag":[12579,12578,18431,12564,10762,10792,12563],"class_list":{"0":"post-347206","1":"product","2":"type-product","3":"status-publish","4":"has-post-thumbnail","6":"product_cat-nike","7":"product_tag-basketballschuhe","8":"product_tag-basketballschuhe-mit-kna-cheluntersta-tzung","9":"product_tag-geschenkidee-fuer-ihn","10":"product_tag-laufschuhe","11":"product_tag-nike","12":"product_tag-nike-running-shoes","13":"product_tag-performance-sportschuhe","15":"first","16":"instock","17":"taxable","18":"shipping-taxable","19":"purchasable","20":"product-type-simple"},"wcpa_form_fields":null,"_links":{"self":[{"href":"https:\/\/moroen.com\/de\/wp-json\/wp\/v2\/product\/347206","targetHints":{"allow":["GET"]}}],"collection":[{"href":"https:\/\/moroen.com\/de\/wp-json\/wp\/v2\/product"}],"about":[{"href":"https:\/\/moroen.com\/de\/wp-json\/wp\/v2\/types\/product"}],"replies":[{"embeddable":true,"href":"https:\/\/moroen.com\/de\/wp-json\/wp\/v2\/comments?post=347206"}],"wp:featuredmedia":[{"embeddable":true,"href":"https:\/\/moroen.com\/de\/wp-json\/wp\/v2\/media\/347752"}],"wp:attachment":[{"href":"https:\/\/moroen.com\/de\/wp-json\/wp\/v2\/media?parent=347206"}],"wp:term":[{"taxonomy":"product_brand","embeddable":true,"href":"https:\/\/moroen.com\/de\/wp-json\/wp\/v2\/product_brand?post=347206"},{"taxonomy":"product_cat","embeddable":true,"href":"https:\/\/moroen.com\/de\/wp-json\/wp\/v2\/product_cat?post=347206"},{"taxonomy":"product_tag","embeddable":true,"href":"https:\/\/moroen.com\/de\/wp-json\/wp\/v2\/product_tag?post=347206"}],"curies":[{"name":"wp","href":"https:\/\/api.w.org\/{rel}","templated":true}]}}