{"id":348721,"date":"2026-04-20T01:22:11","date_gmt":"2026-04-19T18:22:11","guid":{"rendered":"https:\/\/moroen.com\/de\/?p=348721"},"modified":"2026-04-20T01:22:11","modified_gmt":"2026-04-19T18:22:11","slug":"adidas-forum-low-blue-cloud-white-hq6334","status":"publish","type":"product","link":"https:\/\/moroen.com\/de\/produkt\/adidas-forum-low-blue-cloud-white-hq6334\/","title":{"rendered":"adidas Forum Low &#8216;Blue Cloud White&#8217; HQ6334"},"content":{"rendered":"<p>Steigen Sie in den \u201eBlue Cloud White\u201c adidas Forum Low HQ6334 ein und steigern Sie Ihr Sneaker-Game. Diese klassische Silhouette aus hochwertigem Leder verf\u00fcgt \u00fcber ein frisches wei\u00dfes Obermaterial, das mit leuchtenden \u201eCloud Blue\u201c-Akzenten verziert ist und einen frischen und modernen Look schafft. Der verstellbare Kn\u00f6chelriemen sorgt f\u00fcr einen sicheren Sitz, w\u00e4hrend die durchgehende EVA-Zwischensohle f\u00fcr au\u00dfergew\u00f6hnliche D\u00e4mpfung und Komfort sorgt. Egal, ob Sie den Platz erobern oder auf der Stra\u00dfe unterwegs sind, der adidas Forum Low \u201eBlue Cloud White\u201c bietet sowohl Stil als auch Leistung.<\/p>\n<ul>\n<li><strong>Farbgebung:<\/strong> Blue\/Cloud White\/Navy<\/li>\n<li><strong>Stilcode:<\/strong> HQ6334<\/li>\n<li><strong>Obermaterial:<\/strong> Leather<\/li>\n<li><strong>Farbe:<\/strong> White<\/li>\n<li><strong>Saison:<\/strong> All Season<\/li>\n<\/ul>\n","protected":false},"excerpt":{"rendered":"<p>Steigen Sie in den \u201eBlue Cloud White\u201c adidas Forum Low HQ6334 ein und steigern Sie Ihr Sneaker-Game. Diese klassische Silhouette aus hochwertigem Leder verf\u00fcgt \u00fcber ein frisches wei\u00dfes Obermaterial, das mit leuchtenden \u201eCloud Blue\u201c-Akzenten verziert ist und einen frischen und modernen Look schafft. Der verstellbare Kn\u00f6chelriemen sorgt f\u00fcr einen sicheren Sitz, w\u00e4hrend die durchgehende EVA-Zwischensohle [&hellip;]<\/p>\n","protected":false},"featured_media":348886,"comment_status":"closed","ping_status":"closed","template":"","meta":[],"product_brand":[],"product_cat":[10791],"product_tag":[10789,10856,10750,18431,10756,10814,10858,18432,10768,18411],"class_list":{"0":"post-348721","1":"product","2":"type-product","3":"status-publish","4":"has-post-thumbnail","6":"product_cat-adidas","7":"product_tag-adidas","8":"product_tag-adidas-skateboarding-shoes","9":"product_tag-athleisure-shoes","10":"product_tag-geschenkidee-fuer-ihn","11":"product_tag-lifestyle-casual-shoes","12":"product_tag-lifestyle-shoes-basketball-inspired","13":"product_tag-retro-casual-shoes","14":"product_tag-top-angebote","15":"product_tag-trending-deals-under-150","16":"product_tag-unter-dem-regulaeren-preis","18":"first","19":"instock","20":"taxable","21":"shipping-taxable","22":"purchasable","23":"product-type-simple"},"wcpa_form_fields":null,"_links":{"self":[{"href":"https:\/\/moroen.com\/de\/wp-json\/wp\/v2\/product\/348721","targetHints":{"allow":["GET"]}}],"collection":[{"href":"https:\/\/moroen.com\/de\/wp-json\/wp\/v2\/product"}],"about":[{"href":"https:\/\/moroen.com\/de\/wp-json\/wp\/v2\/types\/product"}],"replies":[{"embeddable":true,"href":"https:\/\/moroen.com\/de\/wp-json\/wp\/v2\/comments?post=348721"}],"wp:featuredmedia":[{"embeddable":true,"href":"https:\/\/moroen.com\/de\/wp-json\/wp\/v2\/media\/348886"}],"wp:attachment":[{"href":"https:\/\/moroen.com\/de\/wp-json\/wp\/v2\/media?parent=348721"}],"wp:term":[{"taxonomy":"product_brand","embeddable":true,"href":"https:\/\/moroen.com\/de\/wp-json\/wp\/v2\/product_brand?post=348721"},{"taxonomy":"product_cat","embeddable":true,"href":"https:\/\/moroen.com\/de\/wp-json\/wp\/v2\/product_cat?post=348721"},{"taxonomy":"product_tag","embeddable":true,"href":"https:\/\/moroen.com\/de\/wp-json\/wp\/v2\/product_tag?post=348721"}],"curies":[{"name":"wp","href":"https:\/\/api.w.org\/{rel}","templated":true}]}}