{"id":348722,"date":"2026-04-20T01:22:11","date_gmt":"2026-04-19T18:22:11","guid":{"rendered":"https:\/\/moroen.com\/de\/?p=348722"},"modified":"2026-04-20T01:22:11","modified_gmt":"2026-04-19T18:22:11","slug":"new-balance-9060-castlerock-u9060ecc","status":"publish","type":"product","link":"https:\/\/moroen.com\/de\/produkt\/new-balance-9060-castlerock-u9060ecc\/","title":{"rendered":"New Balance 9060 \u201eCastlerock\u201c U9060ECC"},"content":{"rendered":"<p>Der New Balance 9060 Castlerock-Sneaker ist eine stilvolle und bequeme Wahl sowohl f\u00fcr den Alltag als auch f\u00fcr sportliche Aktivit\u00e4ten. Diese von der bew\u00e4hrten Marke New Balance entworfenen Sneaker verf\u00fcgen \u00fcber eine elegante Castlerock-Farbgebung, die sowohl vielseitig als auch im Trend liegt. Mit ihrer hochwertigen Konstruktion und \u00fcberragenden Leistung werden diese New Balance-Sneaker mit Sicherheit zu Ihrer neuen Lieblingsschuhoption.<\/p>\n<ul>\n<li><strong>Farbgebung:<\/strong> Castlerock\/Blue<\/li>\n<li><strong>Stilcode:<\/strong> U9060ECC<\/li>\n<li><strong>Obermaterial:<\/strong> Suede<\/li>\n<li><strong>Mittelsohle:<\/strong> ABZORB<\/li>\n<li><strong>Farbe:<\/strong> Grey<\/li>\n<li><strong>Saison:<\/strong> Winter<\/li>\n<li><strong>Erscheinungsjahr:<\/strong> 2023<\/li>\n<\/ul>\n","protected":false},"excerpt":{"rendered":"<p>Der New Balance 9060 Castlerock-Sneaker ist eine stilvolle und bequeme Wahl sowohl f\u00fcr den Alltag als auch f\u00fcr sportliche Aktivit\u00e4ten. Diese von der bew\u00e4hrten Marke New Balance entworfenen Sneaker verf\u00fcgen \u00fcber eine elegante Castlerock-Farbgebung, die sowohl vielseitig als auch im Trend liegt. Mit ihrer hochwertigen Konstruktion und \u00fcberragenden Leistung werden diese New Balance-Sneaker mit Sicherheit [&hellip;]<\/p>\n","protected":false},"featured_media":348892,"comment_status":"closed","ping_status":"closed","template":"","meta":[],"product_brand":[],"product_cat":[10774],"product_tag":[10750,18431,10756,10758,10760,10763,18411],"class_list":{"0":"post-348722","1":"product","2":"type-product","3":"status-publish","4":"has-post-thumbnail","6":"product_cat-new-balance","7":"product_tag-athleisure-shoes","8":"product_tag-geschenkidee-fuer-ihn","9":"product_tag-lifestyle-casual-shoes","10":"product_tag-lifestyle-shoes-running-inspired","11":"product_tag-new-balance","12":"product_tag-retro-running-shoes","13":"product_tag-unter-dem-regulaeren-preis","15":"first","16":"instock","17":"taxable","18":"shipping-taxable","19":"purchasable","20":"product-type-simple"},"wcpa_form_fields":null,"_links":{"self":[{"href":"https:\/\/moroen.com\/de\/wp-json\/wp\/v2\/product\/348722","targetHints":{"allow":["GET"]}}],"collection":[{"href":"https:\/\/moroen.com\/de\/wp-json\/wp\/v2\/product"}],"about":[{"href":"https:\/\/moroen.com\/de\/wp-json\/wp\/v2\/types\/product"}],"replies":[{"embeddable":true,"href":"https:\/\/moroen.com\/de\/wp-json\/wp\/v2\/comments?post=348722"}],"wp:featuredmedia":[{"embeddable":true,"href":"https:\/\/moroen.com\/de\/wp-json\/wp\/v2\/media\/348892"}],"wp:attachment":[{"href":"https:\/\/moroen.com\/de\/wp-json\/wp\/v2\/media?parent=348722"}],"wp:term":[{"taxonomy":"product_brand","embeddable":true,"href":"https:\/\/moroen.com\/de\/wp-json\/wp\/v2\/product_brand?post=348722"},{"taxonomy":"product_cat","embeddable":true,"href":"https:\/\/moroen.com\/de\/wp-json\/wp\/v2\/product_cat?post=348722"},{"taxonomy":"product_tag","embeddable":true,"href":"https:\/\/moroen.com\/de\/wp-json\/wp\/v2\/product_tag?post=348722"}],"curies":[{"name":"wp","href":"https:\/\/api.w.org\/{rel}","templated":true}]}}