{"id":349472,"date":"2026-04-20T01:22:11","date_gmt":"2026-04-19T18:22:11","guid":{"rendered":"https:\/\/moroen.com\/de\/?p=349472"},"modified":"2026-04-20T01:22:11","modified_gmt":"2026-04-19T18:22:11","slug":"nike-sb-dunk-high-pro-bota-923110-001","status":"publish","type":"product","link":"https:\/\/moroen.com\/de\/produkt\/nike-sb-dunk-high-pro-bota-923110-001\/","title":{"rendered":"Nike SB Dunk High Pro \u201eBota\u201c 923110-001"},"content":{"rendered":"<p>Der Nike SB Dunk High Pro Bota ist ein stylischer und funktioneller Sneaker f\u00fcr Skateboarder. Dieser schwarze Schuh tr\u00e4gt das ikonische Nike-Markenlogo und bietet hervorragende Haltbarkeit und Halt. Mit seinem High-Top-Design bietet der Nike SB Dunk High Pro Bota zus\u00e4tzliche Kn\u00f6chelstabilit\u00e4t bei intensiven Skateboard-Sessions. Steigern Sie Ihr Skatespiel mit dem Nike SB Dunk High Pro Bota.<\/p>\n<ul>\n<li><strong>Farbgebung:<\/strong> Black\/Black\/Anthracite<\/li>\n<li><strong>Stilcode:<\/strong> 923110-001<\/li>\n<li><strong>Obermaterial:<\/strong> Leather\/Mesh<\/li>\n<li><strong>Mittelsohle:<\/strong> Air<\/li>\n<li><strong>Farbe:<\/strong> Black<\/li>\n<li><strong>Designer:<\/strong> Peter Moore<\/li>\n<li><strong>Saison:<\/strong> Fall<\/li>\n<li><strong>Erscheinungsjahr:<\/strong> 2017<\/li>\n<\/ul>\n","protected":false},"excerpt":{"rendered":"<p>Der Nike SB Dunk High Pro Bota ist ein stylischer und funktioneller Sneaker f\u00fcr Skateboarder. Dieser schwarze Schuh tr\u00e4gt das ikonische Nike-Markenlogo und bietet hervorragende Haltbarkeit und Halt. Mit seinem High-Top-Design bietet der Nike SB Dunk High Pro Bota zus\u00e4tzliche Kn\u00f6chelstabilit\u00e4t bei intensiven Skateboard-Sessions. Steigern Sie Ihr Skatespiel mit dem Nike SB Dunk High Pro [&hellip;]<\/p>\n","protected":false},"featured_media":349593,"comment_status":"closed","ping_status":"closed","template":"","meta":[],"product_brand":[],"product_cat":[10773],"product_tag":[12579,12578,18431,10762,10839,12563,10881,18432],"class_list":{"0":"post-349472","1":"product","2":"type-product","3":"status-publish","4":"has-post-thumbnail","6":"product_cat-nike","7":"product_tag-basketballschuhe","8":"product_tag-basketballschuhe-mit-kna-cheluntersta-tzung","9":"product_tag-geschenkidee-fuer-ihn","10":"product_tag-nike","11":"product_tag-nike-skateboarding-shoes","12":"product_tag-performance-sportschuhe","13":"product_tag-skateboard-shoes","14":"product_tag-top-angebote","16":"first","17":"instock","18":"taxable","19":"shipping-taxable","20":"purchasable","21":"product-type-simple"},"wcpa_form_fields":null,"_links":{"self":[{"href":"https:\/\/moroen.com\/de\/wp-json\/wp\/v2\/product\/349472","targetHints":{"allow":["GET"]}}],"collection":[{"href":"https:\/\/moroen.com\/de\/wp-json\/wp\/v2\/product"}],"about":[{"href":"https:\/\/moroen.com\/de\/wp-json\/wp\/v2\/types\/product"}],"replies":[{"embeddable":true,"href":"https:\/\/moroen.com\/de\/wp-json\/wp\/v2\/comments?post=349472"}],"wp:featuredmedia":[{"embeddable":true,"href":"https:\/\/moroen.com\/de\/wp-json\/wp\/v2\/media\/349593"}],"wp:attachment":[{"href":"https:\/\/moroen.com\/de\/wp-json\/wp\/v2\/media?parent=349472"}],"wp:term":[{"taxonomy":"product_brand","embeddable":true,"href":"https:\/\/moroen.com\/de\/wp-json\/wp\/v2\/product_brand?post=349472"},{"taxonomy":"product_cat","embeddable":true,"href":"https:\/\/moroen.com\/de\/wp-json\/wp\/v2\/product_cat?post=349472"},{"taxonomy":"product_tag","embeddable":true,"href":"https:\/\/moroen.com\/de\/wp-json\/wp\/v2\/product_tag?post=349472"}],"curies":[{"name":"wp","href":"https:\/\/api.w.org\/{rel}","templated":true}]}}