{"id":349507,"date":"2026-04-20T01:22:11","date_gmt":"2026-04-19T18:22:11","guid":{"rendered":"https:\/\/moroen.com\/de\/?p=349507"},"modified":"2026-04-20T01:22:11","modified_gmt":"2026-04-19T18:22:11","slug":"adidas-retropy-e5-altered-blue-white-gum-gw0557","status":"publish","type":"product","link":"https:\/\/moroen.com\/de\/produkt\/adidas-retropy-e5-altered-blue-white-gum-gw0557\/","title":{"rendered":"adidas Retropy E5 \u201eAltered Blue White Gum\u201c GW0557"},"content":{"rendered":"<p>Der adidas Retropy E5 Altered Blue White Gum Sneaker ist ein Must-Have f\u00fcr Sneaker-Enthusiasten. Mit seinem leuchtenden Blau-Wei\u00df-Farbschema und der Gummisohle strahlt dieser Sneaker Stil aus. Von adidas entworfen, k\u00f6nnen Sie nichts anderes als Qualit\u00e4t und Komfort erwarten. Verleihen Sie Ihrem Outfit mit diesen modischen Schuhen einen Hauch Retro-Flair.<\/p>\n<ul>\n<li><strong>Farbgebung:<\/strong> Altered Blue\/Cloud White\/Legend Ink<\/li>\n<li><strong>Stilcode:<\/strong> GW0557<\/li>\n<li><strong>Obermaterial:<\/strong> Suede<\/li>\n<li><strong>Mittelsohle:<\/strong> Boost<\/li>\n<li><strong>Farbe:<\/strong> Blue<\/li>\n<li><strong>Saison:<\/strong> Spring<\/li>\n<li><strong>Erscheinungsjahr:<\/strong> 2022<\/li>\n<\/ul>\n","protected":false},"excerpt":{"rendered":"<p>Der adidas Retropy E5 Altered Blue White Gum Sneaker ist ein Must-Have f\u00fcr Sneaker-Enthusiasten. Mit seinem leuchtenden Blau-Wei\u00df-Farbschema und der Gummisohle strahlt dieser Sneaker Stil aus. Von adidas entworfen, k\u00f6nnen Sie nichts anderes als Qualit\u00e4t und Komfort erwarten. Verleihen Sie Ihrem Outfit mit diesen modischen Schuhen einen Hauch Retro-Flair. Farbgebung: Altered Blue\/Cloud White\/Legend Ink Stilcode: [&hellip;]<\/p>\n","protected":false},"featured_media":349805,"comment_status":"closed","ping_status":"closed","template":"","meta":[],"product_brand":[],"product_cat":[10791],"product_tag":[10789,10750,18431,10756,10758,10763],"class_list":{"0":"post-349507","1":"product","2":"type-product","3":"status-publish","4":"has-post-thumbnail","6":"product_cat-adidas","7":"product_tag-adidas","8":"product_tag-athleisure-shoes","9":"product_tag-geschenkidee-fuer-ihn","10":"product_tag-lifestyle-casual-shoes","11":"product_tag-lifestyle-shoes-running-inspired","12":"product_tag-retro-running-shoes","14":"first","15":"instock","16":"taxable","17":"shipping-taxable","18":"purchasable","19":"product-type-simple"},"wcpa_form_fields":null,"_links":{"self":[{"href":"https:\/\/moroen.com\/de\/wp-json\/wp\/v2\/product\/349507","targetHints":{"allow":["GET"]}}],"collection":[{"href":"https:\/\/moroen.com\/de\/wp-json\/wp\/v2\/product"}],"about":[{"href":"https:\/\/moroen.com\/de\/wp-json\/wp\/v2\/types\/product"}],"replies":[{"embeddable":true,"href":"https:\/\/moroen.com\/de\/wp-json\/wp\/v2\/comments?post=349507"}],"wp:featuredmedia":[{"embeddable":true,"href":"https:\/\/moroen.com\/de\/wp-json\/wp\/v2\/media\/349805"}],"wp:attachment":[{"href":"https:\/\/moroen.com\/de\/wp-json\/wp\/v2\/media?parent=349507"}],"wp:term":[{"taxonomy":"product_brand","embeddable":true,"href":"https:\/\/moroen.com\/de\/wp-json\/wp\/v2\/product_brand?post=349507"},{"taxonomy":"product_cat","embeddable":true,"href":"https:\/\/moroen.com\/de\/wp-json\/wp\/v2\/product_cat?post=349507"},{"taxonomy":"product_tag","embeddable":true,"href":"https:\/\/moroen.com\/de\/wp-json\/wp\/v2\/product_tag?post=349507"}],"curies":[{"name":"wp","href":"https:\/\/api.w.org\/{rel}","templated":true}]}}