{"id":349522,"date":"2026-04-20T01:22:11","date_gmt":"2026-04-19T18:22:11","guid":{"rendered":"https:\/\/moroen.com\/de\/?p=349522"},"modified":"2026-04-20T01:22:11","modified_gmt":"2026-04-19T18:22:11","slug":"nike-sb-blazer-mid-edge-hack-pack-weiss-ci3833-100","status":"publish","type":"product","link":"https:\/\/moroen.com\/de\/produkt\/nike-sb-blazer-mid-edge-hack-pack-weiss-ci3833-100\/","title":{"rendered":"Nike SB Blazer Mid Edge Hack Pack \u201eWei\u00df\u201c CI3833-100"},"content":{"rendered":"<p>Das Nike SB Blazer Mid Edge Hack Pack in Wei\u00df ist ein stylischer und vielseitiger Schuh von Nike. Dieser klassische wei\u00dfe Sneaker hat ein Mid-Top-Design und eignet sich sowohl zum Skateboarden als auch f\u00fcr den Alltag. Sein einzigartiges Design hebt freiliegende N\u00e4hte und ausgefranste Kanten hervor und verleiht Ihrem Outfit eine kantige Note. Dieser Schuh besteht aus strapazierf\u00e4higen Materialien und einer bequemen Passform und sorgt f\u00fcr langanhaltenden Halt und Stil. Egal, ob Sie in den Skatepark gehen oder mit Freunden unterwegs sind, der Nike SB Blazer Mid Edge Hack Pack White ist eine unverzichtbare Erg\u00e4nzung Ihrer Schuhkollektion.<\/p>\n<ul>\n<li><strong>Farbgebung:<\/strong> White\/University Red\/Summit White\/Midnight Navy<\/li>\n<li><strong>Stilcode:<\/strong> CI3833-100<\/li>\n<li><strong>Obermaterial:<\/strong> Canvas<\/li>\n<li><strong>Mittelsohle:<\/strong> Air<\/li>\n<li><strong>Farbe:<\/strong> White<\/li>\n<li><strong>Designer:<\/strong> Bill Bowerman<\/li>\n<li><strong>Saison:<\/strong> Winter<\/li>\n<li><strong>Erscheinungsjahr:<\/strong> 2020<\/li>\n<\/ul>\n","protected":false},"excerpt":{"rendered":"<p>Das Nike SB Blazer Mid Edge Hack Pack in Wei\u00df ist ein stylischer und vielseitiger Schuh von Nike. Dieser klassische wei\u00dfe Sneaker hat ein Mid-Top-Design und eignet sich sowohl zum Skateboarden als auch f\u00fcr den Alltag. Sein einzigartiges Design hebt freiliegende N\u00e4hte und ausgefranste Kanten hervor und verleiht Ihrem Outfit eine kantige Note. Dieser Schuh [&hellip;]<\/p>\n","protected":false},"featured_media":349914,"comment_status":"closed","ping_status":"closed","template":"","meta":[],"product_brand":[],"product_cat":[10773],"product_tag":[12579,12578,18431,10762,10839,12563,10881,18432,10768],"class_list":{"0":"post-349522","1":"product","2":"type-product","3":"status-publish","4":"has-post-thumbnail","6":"product_cat-nike","7":"product_tag-basketballschuhe","8":"product_tag-basketballschuhe-mit-kna-cheluntersta-tzung","9":"product_tag-geschenkidee-fuer-ihn","10":"product_tag-nike","11":"product_tag-nike-skateboarding-shoes","12":"product_tag-performance-sportschuhe","13":"product_tag-skateboard-shoes","14":"product_tag-top-angebote","15":"product_tag-trending-deals-under-150","16":"wcpa_has_options","18":"first","19":"instock","20":"taxable","21":"shipping-taxable","22":"purchasable","23":"product-type-simple"},"wcpa_form_fields":{"rules":{"pric_overide_base_price":false,"pric_overide_base_price_if_gt_zero":false,"pric_overide_base_price_fully":false,"pric_cal_option_once":false,"pric_use_as_fee":false,"bind_quantity":false,"quantity_bind_formula":false},"fields":[{"type":"color-group","label":"Talla :","elementId":"wcpa-el-auto-fc5155f5","values":[{"label":"36","value":"EU 36","color":"","tooltip":"","price":"","sale_price":"","price_type":"flat","price_prefix":"+","image":""},{"label":"36.5","value":"EU 36.5","color":"","tooltip":"","price":"","sale_price":"","price_type":"flat","price_prefix":"+","image":""},{"label":"37.5","value":"EU 37.5","color":"","tooltip":"","price":"","sale_price":"","price_type":"flat","price_prefix":"+","image":""},{"label":"38","value":"EU 38","color":"","tooltip":"","price":"","sale_price":"","price_type":"flat","price_prefix":"+","image":""},{"label":"38.5","value":"EU 38.5","color":"","tooltip":"","price":"","sale_price":"","price_type":"flat","price_prefix":"+","image":""},{"label":"39","value":"EU 39","color":"","tooltip":"","price":"","sale_price":"","price_type":"flat","price_prefix":"+","image":""},{"label":"40","value":"EU 40","color":"","tooltip":"","price":"","sale_price":"","price_type":"flat","price_prefix":"+","image":""},{"label":"40.5","value":"EU 40.5","color":"","tooltip":"","price":"","sale_price":"","price_type":"flat","price_prefix":"+","image":""},{"label":"41","value":"EU 41","color":"","tooltip":"","price":"","sale_price":"","price_type":"flat","price_prefix":"+","image":""},{"label":"42","value":"EU 42","color":"","tooltip":"","price":"","sale_price":"","price_type":"flat","price_prefix":"+","image":""},{"label":"42.5","value":"EU 42.5","color":"","tooltip":"","price":"","sale_price":"","price_type":"flat","price_prefix":"+","image":""},{"label":"43","value":"EU 43","color":"","tooltip":"","price":"","sale_price":"","price_type":"flat","price_prefix":"+","image":""},{"label":"44","value":"EU 44","color":"","tooltip":"","price":"","sale_price":"","price_type":"flat","price_prefix":"+","image":""},{"label":"44.5","value":"EU 44.5","color":"","tooltip":"","price":"","sale_price":"","price_type":"flat","price_prefix":"+","image":""},{"label":"45","value":"EU 45","color":"","tooltip":"","price":"","sale_price":"","price_type":"flat","price_prefix":"+","image":""}],"required":true,"cl_rule":{"rules":[],"relation":"OR"},"other_config":[],"name":"auto-fc5155f5","adjust_width":true,"show_label_inside":true,"disp_type":"square","disp_size":"44","form_id":369631,"form_rules":{"pric_cal_option_once":false,"exclude_from_discount":false,"pric_use_as_fee":false,"fee_label":"Fee","render_after_acb":false,"disp_hide_options_price":false}}]},"_links":{"self":[{"href":"https:\/\/moroen.com\/de\/wp-json\/wp\/v2\/product\/349522","targetHints":{"allow":["GET"]}}],"collection":[{"href":"https:\/\/moroen.com\/de\/wp-json\/wp\/v2\/product"}],"about":[{"href":"https:\/\/moroen.com\/de\/wp-json\/wp\/v2\/types\/product"}],"replies":[{"embeddable":true,"href":"https:\/\/moroen.com\/de\/wp-json\/wp\/v2\/comments?post=349522"}],"wp:featuredmedia":[{"embeddable":true,"href":"https:\/\/moroen.com\/de\/wp-json\/wp\/v2\/media\/349914"}],"wp:attachment":[{"href":"https:\/\/moroen.com\/de\/wp-json\/wp\/v2\/media?parent=349522"}],"wp:term":[{"taxonomy":"product_brand","embeddable":true,"href":"https:\/\/moroen.com\/de\/wp-json\/wp\/v2\/product_brand?post=349522"},{"taxonomy":"product_cat","embeddable":true,"href":"https:\/\/moroen.com\/de\/wp-json\/wp\/v2\/product_cat?post=349522"},{"taxonomy":"product_tag","embeddable":true,"href":"https:\/\/moroen.com\/de\/wp-json\/wp\/v2\/product_tag?post=349522"}],"curies":[{"name":"wp","href":"https:\/\/api.w.org\/{rel}","templated":true}]}}