{"id":350261,"date":"2026-04-20T01:22:11","date_gmt":"2026-04-19T18:22:11","guid":{"rendered":"https:\/\/moroen.com\/de\/?p=350261"},"modified":"2026-04-20T01:22:11","modified_gmt":"2026-04-19T18:22:11","slug":"adidas-nite-jogger-cordura-ee5549","status":"publish","type":"product","link":"https:\/\/moroen.com\/de\/produkt\/adidas-nite-jogger-cordura-ee5549\/","title":{"rendered":"adidas Nite Jogger &#8216;Cordura&#8217; EE5549"},"content":{"rendered":"<p>Wir stellen die adidas Nite Jogger Cordura-Sneaker vor, eine stilvolle Kombination aus Komfort und Haltbarkeit. Diese eleganten schwarzen Sneaker mit Cordura-Technologie eignen sich perfekt f\u00fcr den Alltag. Mit der bekannten Qualit\u00e4t und Liebe zum Detail von adidas sind diese Sneaker ein Muss f\u00fcr jeden modebewussten Menschen.<\/p>\n<ul>\n<li><strong>Farbgebung:<\/strong> Core Black\/Grey Six\/Orange<\/li>\n<li><strong>Stilcode:<\/strong> EE5549<\/li>\n<li><strong>Obermaterial:<\/strong> Fabric<\/li>\n<li><strong>Mittelsohle:<\/strong> Boost<\/li>\n<li><strong>Farbe:<\/strong> Black<\/li>\n<li><strong>Saison:<\/strong> Fall<\/li>\n<li><strong>Erscheinungsjahr:<\/strong> 2019<\/li>\n<\/ul>\n","protected":false},"excerpt":{"rendered":"<p>Wir stellen die adidas Nite Jogger Cordura-Sneaker vor, eine stilvolle Kombination aus Komfort und Haltbarkeit. Diese eleganten schwarzen Sneaker mit Cordura-Technologie eignen sich perfekt f\u00fcr den Alltag. Mit der bekannten Qualit\u00e4t und Liebe zum Detail von adidas sind diese Sneaker ein Muss f\u00fcr jeden modebewussten Menschen. Farbgebung: Core Black\/Grey Six\/Orange Stilcode: EE5549 Obermaterial: Fabric Mittelsohle: [&hellip;]<\/p>\n","protected":false},"featured_media":350470,"comment_status":"closed","ping_status":"closed","template":"","meta":[],"product_brand":[],"product_cat":[10791],"product_tag":[10789,10750,18431,10756,10758,10763,18411],"class_list":{"0":"post-350261","1":"product","2":"type-product","3":"status-publish","4":"has-post-thumbnail","6":"product_cat-adidas","7":"product_tag-adidas","8":"product_tag-athleisure-shoes","9":"product_tag-geschenkidee-fuer-ihn","10":"product_tag-lifestyle-casual-shoes","11":"product_tag-lifestyle-shoes-running-inspired","12":"product_tag-retro-running-shoes","13":"product_tag-unter-dem-regulaeren-preis","15":"first","16":"instock","17":"taxable","18":"shipping-taxable","19":"purchasable","20":"product-type-simple"},"wcpa_form_fields":null,"_links":{"self":[{"href":"https:\/\/moroen.com\/de\/wp-json\/wp\/v2\/product\/350261","targetHints":{"allow":["GET"]}}],"collection":[{"href":"https:\/\/moroen.com\/de\/wp-json\/wp\/v2\/product"}],"about":[{"href":"https:\/\/moroen.com\/de\/wp-json\/wp\/v2\/types\/product"}],"replies":[{"embeddable":true,"href":"https:\/\/moroen.com\/de\/wp-json\/wp\/v2\/comments?post=350261"}],"wp:featuredmedia":[{"embeddable":true,"href":"https:\/\/moroen.com\/de\/wp-json\/wp\/v2\/media\/350470"}],"wp:attachment":[{"href":"https:\/\/moroen.com\/de\/wp-json\/wp\/v2\/media?parent=350261"}],"wp:term":[{"taxonomy":"product_brand","embeddable":true,"href":"https:\/\/moroen.com\/de\/wp-json\/wp\/v2\/product_brand?post=350261"},{"taxonomy":"product_cat","embeddable":true,"href":"https:\/\/moroen.com\/de\/wp-json\/wp\/v2\/product_cat?post=350261"},{"taxonomy":"product_tag","embeddable":true,"href":"https:\/\/moroen.com\/de\/wp-json\/wp\/v2\/product_tag?post=350261"}],"curies":[{"name":"wp","href":"https:\/\/api.w.org\/{rel}","templated":true}]}}