{"id":351077,"date":"2026-04-20T01:22:11","date_gmt":"2026-04-19T18:22:11","guid":{"rendered":"https:\/\/moroen.com\/de\/?p=351077"},"modified":"2026-04-20T01:22:11","modified_gmt":"2026-04-19T18:22:11","slug":"adidas-pureboost-22-white-beam-green-gz5175","status":"publish","type":"product","link":"https:\/\/moroen.com\/de\/produkt\/adidas-pureboost-22-white-beam-green-gz5175\/","title":{"rendered":"adidas PureBoost 22 &#8216;White Beam Green&#8217; GZ5175"},"content":{"rendered":"<p>Wir stellen vor: die adidas PureBoost 22 White Beam Green Sneakers. Diese stilvollen Sneaker von adidas zeichnen sich durch ein elegantes wei\u00dfes Design mit leuchtend gr\u00fcnen Akzenten aus und machen sie zu einem Statement-St\u00fcck f\u00fcr jedes Outfit. Mit der charakteristischen PureBoost-Technologie bieten diese Sneaker unschlagbaren Komfort und Halt und eignen sich perfekt zum Laufen oder f\u00fcr den Alltag. Werten Sie Ihr Schuhspiel mit den adidas PureBoost 22 White Beam Green-Sneakern auf.<\/p>\n<ul>\n<li><strong>Farbgebung:<\/strong> Cloud White\/Cloud White\/Beam Green<\/li>\n<li><strong>Stilcode:<\/strong> GZ5175<\/li>\n<li><strong>Obermaterial:<\/strong> Mesh<\/li>\n<li><strong>Mittelsohle:<\/strong> Boost<\/li>\n<li><strong>Farbe:<\/strong> White<\/li>\n<li><strong>Designer:<\/strong> Nic Galway<\/li>\n<li><strong>Saison:<\/strong> Summer<\/li>\n<li><strong>Erscheinungsjahr:<\/strong> 2022<\/li>\n<\/ul>\n","protected":false},"excerpt":{"rendered":"<p>Wir stellen vor: die adidas PureBoost 22 White Beam Green Sneakers. Diese stilvollen Sneaker von adidas zeichnen sich durch ein elegantes wei\u00dfes Design mit leuchtend gr\u00fcnen Akzenten aus und machen sie zu einem Statement-St\u00fcck f\u00fcr jedes Outfit. Mit der charakteristischen PureBoost-Technologie bieten diese Sneaker unschlagbaren Komfort und Halt und eignen sich perfekt zum Laufen oder [&hellip;]<\/p>\n","protected":false},"featured_media":351295,"comment_status":"closed","ping_status":"closed","template":"","meta":[],"product_brand":[],"product_cat":[10791],"product_tag":[10789,10767,18431,12564,10829,10777,12563,18411],"class_list":{"0":"post-351077","1":"product","2":"type-product","3":"status-publish","4":"has-post-thumbnail","6":"product_cat-adidas","7":"product_tag-adidas","8":"product_tag-adidas-running-shoes","9":"product_tag-geschenkidee-fuer-ihn","10":"product_tag-laufschuhe","11":"product_tag-lightweight-running-shoes","12":"product_tag-performance-running-shoes","13":"product_tag-performance-sportschuhe","14":"product_tag-unter-dem-regulaeren-preis","16":"first","17":"instock","18":"taxable","19":"shipping-taxable","20":"purchasable","21":"product-type-simple"},"wcpa_form_fields":null,"_links":{"self":[{"href":"https:\/\/moroen.com\/de\/wp-json\/wp\/v2\/product\/351077","targetHints":{"allow":["GET"]}}],"collection":[{"href":"https:\/\/moroen.com\/de\/wp-json\/wp\/v2\/product"}],"about":[{"href":"https:\/\/moroen.com\/de\/wp-json\/wp\/v2\/types\/product"}],"replies":[{"embeddable":true,"href":"https:\/\/moroen.com\/de\/wp-json\/wp\/v2\/comments?post=351077"}],"wp:featuredmedia":[{"embeddable":true,"href":"https:\/\/moroen.com\/de\/wp-json\/wp\/v2\/media\/351295"}],"wp:attachment":[{"href":"https:\/\/moroen.com\/de\/wp-json\/wp\/v2\/media?parent=351077"}],"wp:term":[{"taxonomy":"product_brand","embeddable":true,"href":"https:\/\/moroen.com\/de\/wp-json\/wp\/v2\/product_brand?post=351077"},{"taxonomy":"product_cat","embeddable":true,"href":"https:\/\/moroen.com\/de\/wp-json\/wp\/v2\/product_cat?post=351077"},{"taxonomy":"product_tag","embeddable":true,"href":"https:\/\/moroen.com\/de\/wp-json\/wp\/v2\/product_tag?post=351077"}],"curies":[{"name":"wp","href":"https:\/\/api.w.org\/{rel}","templated":true}]}}