{"id":351089,"date":"2026-04-20T01:22:11","date_gmt":"2026-04-19T18:22:11","guid":{"rendered":"https:\/\/moroen.com\/de\/?p=351089"},"modified":"2026-04-20T01:22:11","modified_gmt":"2026-04-19T18:22:11","slug":"adidas-campus-80s-song-for-the-mute-olive-id4792","status":"publish","type":"product","link":"https:\/\/moroen.com\/de\/produkt\/adidas-campus-80s-song-for-the-mute-olive-id4792\/","title":{"rendered":"adidas Campus 80s Song for the Mute Olive ID4792"},"content":{"rendered":"<p>Wir stellen den adidas Campus 80s Song for the Mute Olive vor, einen stylischen Sneaker, der klassischen Stil mit modernem Komfort verbindet. Dieser aus hochwertigem Wildleder gefertigte Schuh verf\u00fcgt \u00fcber einen satten Olivton und farblich abgestimmte \u00dcberz\u00fcge f\u00fcr eine elegante \u00c4sthetik. Die charakteristischen perforierten Drei-Streifen und die Fersenlasche aus Leder sorgen f\u00fcr einen Hauch von Tradition, w\u00e4hrend die OrthoLite-Einlegesohle f\u00fcr ganzt\u00e4gige D\u00e4mpfung sorgt. Schn\u00fcren Sie den \u201eCampus 80s Song for the Mute Olive\u201c und tauchen Sie ein in eine Verschmelzung von Stil und Funktionalit\u00e4t.<\/p>\n<ul>\n<li><strong>Farbgebung:<\/strong> Focus Olive\/Core Black\/Acid Yellow<\/li>\n<li><strong>Stilcode:<\/strong> ID4792<\/li>\n<li><strong>Obermaterial:<\/strong> Textile<\/li>\n<li><strong>Farbe:<\/strong> Olive<\/li>\n<li><strong>Erscheinungsjahr:<\/strong> 2023<\/li>\n<\/ul>\n","protected":false},"excerpt":{"rendered":"<p>Wir stellen den adidas Campus 80s Song for the Mute Olive vor, einen stylischen Sneaker, der klassischen Stil mit modernem Komfort verbindet. Dieser aus hochwertigem Wildleder gefertigte Schuh verf\u00fcgt \u00fcber einen satten Olivton und farblich abgestimmte \u00dcberz\u00fcge f\u00fcr eine elegante \u00c4sthetik. Die charakteristischen perforierten Drei-Streifen und die Fersenlasche aus Leder sorgen f\u00fcr einen Hauch von [&hellip;]<\/p>\n","protected":false},"featured_media":351380,"comment_status":"closed","ping_status":"closed","template":"","meta":[],"product_brand":[],"product_cat":[10791],"product_tag":[10789,10767,10750,18431,10756,10857,10858],"class_list":{"0":"post-351089","1":"product","2":"type-product","3":"status-publish","4":"has-post-thumbnail","6":"product_cat-adidas","7":"product_tag-adidas","8":"product_tag-adidas-running-shoes","9":"product_tag-athleisure-shoes","10":"product_tag-geschenkidee-fuer-ihn","11":"product_tag-lifestyle-casual-shoes","12":"product_tag-lifestyle-shoes-casual","13":"product_tag-retro-casual-shoes","15":"first","16":"instock","17":"taxable","18":"shipping-taxable","19":"purchasable","20":"product-type-simple"},"wcpa_form_fields":null,"_links":{"self":[{"href":"https:\/\/moroen.com\/de\/wp-json\/wp\/v2\/product\/351089","targetHints":{"allow":["GET"]}}],"collection":[{"href":"https:\/\/moroen.com\/de\/wp-json\/wp\/v2\/product"}],"about":[{"href":"https:\/\/moroen.com\/de\/wp-json\/wp\/v2\/types\/product"}],"replies":[{"embeddable":true,"href":"https:\/\/moroen.com\/de\/wp-json\/wp\/v2\/comments?post=351089"}],"wp:featuredmedia":[{"embeddable":true,"href":"https:\/\/moroen.com\/de\/wp-json\/wp\/v2\/media\/351380"}],"wp:attachment":[{"href":"https:\/\/moroen.com\/de\/wp-json\/wp\/v2\/media?parent=351089"}],"wp:term":[{"taxonomy":"product_brand","embeddable":true,"href":"https:\/\/moroen.com\/de\/wp-json\/wp\/v2\/product_brand?post=351089"},{"taxonomy":"product_cat","embeddable":true,"href":"https:\/\/moroen.com\/de\/wp-json\/wp\/v2\/product_cat?post=351089"},{"taxonomy":"product_tag","embeddable":true,"href":"https:\/\/moroen.com\/de\/wp-json\/wp\/v2\/product_tag?post=351089"}],"curies":[{"name":"wp","href":"https:\/\/api.w.org\/{rel}","templated":true}]}}