{"id":351133,"date":"2026-04-20T01:22:11","date_gmt":"2026-04-19T18:22:11","guid":{"rendered":"https:\/\/moroen.com\/de\/?p=351133"},"modified":"2026-04-20T01:22:11","modified_gmt":"2026-04-19T18:22:11","slug":"adidas-nite-jogger-pride-2020-fy9023","status":"publish","type":"product","link":"https:\/\/moroen.com\/de\/produkt\/adidas-nite-jogger-pride-2020-fy9023\/","title":{"rendered":"adidas Nite Jogger \u201ePride\u201c 2020 FY9023"},"content":{"rendered":"<p>Der adidas Nite Jogger Pride 2020, auch bekannt als \u201ePride\u201c, ist ein stilvoller und innovativer wei\u00dfer Schuh, der von adidas entworfen wurde. Mit dem Fokus auf die Feier von Pride zeichnet sich dieser Schuh durch ein einzigartiges Design und lebendige Farben aus, die ein mutiges Statement setzen. Der Nite Jogger Pride eignet sich sowohl f\u00fcr sportliche Aktivit\u00e4ten als auch f\u00fcr den Alltag und bietet Komfort, Haltbarkeit und Stil. Zeigen Sie Ihre Unterst\u00fctzung und zeigen Sie Ihre Individualit\u00e4t mit diesem ikonischen adidas-Schuh.<\/p>\n<ul>\n<li><strong>Farbgebung:<\/strong> Cloud White\/Bright Cyan\/White<\/li>\n<li><strong>Stilcode:<\/strong> FY9023<\/li>\n<li><strong>Obermaterial:<\/strong> Textile<\/li>\n<li><strong>Mittelsohle:<\/strong> Rubber<\/li>\n<li><strong>Farbe:<\/strong> White<\/li>\n<li><strong>Saison:<\/strong> Summer<\/li>\n<li><strong>Erscheinungsjahr:<\/strong> 2020<\/li>\n<\/ul>\n","protected":false},"excerpt":{"rendered":"<p>Der adidas Nite Jogger Pride 2020, auch bekannt als \u201ePride\u201c, ist ein stilvoller und innovativer wei\u00dfer Schuh, der von adidas entworfen wurde. Mit dem Fokus auf die Feier von Pride zeichnet sich dieser Schuh durch ein einzigartiges Design und lebendige Farben aus, die ein mutiges Statement setzen. Der Nite Jogger Pride eignet sich sowohl f\u00fcr [&hellip;]<\/p>\n","protected":false},"featured_media":351674,"comment_status":"closed","ping_status":"closed","template":"","meta":[],"product_brand":[],"product_cat":[10791],"product_tag":[10789,10750,18431,10756,10758,10763],"class_list":{"0":"post-351133","1":"product","2":"type-product","3":"status-publish","4":"has-post-thumbnail","6":"product_cat-adidas","7":"product_tag-adidas","8":"product_tag-athleisure-shoes","9":"product_tag-geschenkidee-fuer-ihn","10":"product_tag-lifestyle-casual-shoes","11":"product_tag-lifestyle-shoes-running-inspired","12":"product_tag-retro-running-shoes","13":"wcpa_has_options","15":"first","16":"instock","17":"taxable","18":"shipping-taxable","19":"purchasable","20":"product-type-simple"},"wcpa_form_fields":{"rules":{"pric_overide_base_price":false,"pric_overide_base_price_if_gt_zero":false,"pric_overide_base_price_fully":false,"pric_cal_option_once":false,"pric_use_as_fee":false,"bind_quantity":false,"quantity_bind_formula":false},"fields":[{"type":"color-group","label":"Talla :","elementId":"wcpa-el-auto-f58624e4","values":[{"label":"36 2\/3","value":"EU 36 2\/3","color":"","tooltip":"","price":"","sale_price":"","price_type":"flat","price_prefix":"+","image":""},{"label":"37 1\/3","value":"EU 37 1\/3","color":"","tooltip":"","price":"","sale_price":"","price_type":"flat","price_prefix":"+","image":""},{"label":"38","value":"EU 38","color":"","tooltip":"","price":"","sale_price":"","price_type":"flat","price_prefix":"+","image":""},{"label":"38 2\/3","value":"EU 38 2\/3","color":"","tooltip":"","price":"","sale_price":"","price_type":"flat","price_prefix":"+","image":""},{"label":"39 1\/3","value":"EU 39 1\/3","color":"","tooltip":"","price":"","sale_price":"","price_type":"flat","price_prefix":"+","image":""},{"label":"40","value":"EU 40","color":"","tooltip":"","price":"","sale_price":"","price_type":"flat","price_prefix":"+","image":""},{"label":"40 2\/3","value":"EU 40 2\/3","color":"","tooltip":"","price":"","sale_price":"","price_type":"flat","price_prefix":"+","image":""},{"label":"41 1\/3","value":"EU 41 1\/3","color":"","tooltip":"","price":"","sale_price":"","price_type":"flat","price_prefix":"+","image":""},{"label":"42","value":"EU 42","color":"","tooltip":"","price":"","sale_price":"","price_type":"flat","price_prefix":"+","image":""},{"label":"42 2\/3","value":"EU 42 2\/3","color":"","tooltip":"","price":"","sale_price":"","price_type":"flat","price_prefix":"+","image":""},{"label":"43 1\/3","value":"EU 43 1\/3","color":"","tooltip":"","price":"","sale_price":"","price_type":"flat","price_prefix":"+","image":""},{"label":"44","value":"EU 44","color":"","tooltip":"","price":"","sale_price":"","price_type":"flat","price_prefix":"+","image":""},{"label":"44 2\/3","value":"EU 44 2\/3","color":"","tooltip":"","price":"","sale_price":"","price_type":"flat","price_prefix":"+","image":""}],"required":true,"cl_rule":{"rules":[],"relation":"OR"},"other_config":[],"name":"auto-f58624e4","adjust_width":true,"show_label_inside":true,"disp_type":"square","disp_size":"44","form_id":369640,"form_rules":{"pric_cal_option_once":false,"exclude_from_discount":false,"pric_use_as_fee":false,"fee_label":"Fee","render_after_acb":false,"disp_hide_options_price":false}}]},"_links":{"self":[{"href":"https:\/\/moroen.com\/de\/wp-json\/wp\/v2\/product\/351133","targetHints":{"allow":["GET"]}}],"collection":[{"href":"https:\/\/moroen.com\/de\/wp-json\/wp\/v2\/product"}],"about":[{"href":"https:\/\/moroen.com\/de\/wp-json\/wp\/v2\/types\/product"}],"replies":[{"embeddable":true,"href":"https:\/\/moroen.com\/de\/wp-json\/wp\/v2\/comments?post=351133"}],"wp:featuredmedia":[{"embeddable":true,"href":"https:\/\/moroen.com\/de\/wp-json\/wp\/v2\/media\/351674"}],"wp:attachment":[{"href":"https:\/\/moroen.com\/de\/wp-json\/wp\/v2\/media?parent=351133"}],"wp:term":[{"taxonomy":"product_brand","embeddable":true,"href":"https:\/\/moroen.com\/de\/wp-json\/wp\/v2\/product_brand?post=351133"},{"taxonomy":"product_cat","embeddable":true,"href":"https:\/\/moroen.com\/de\/wp-json\/wp\/v2\/product_cat?post=351133"},{"taxonomy":"product_tag","embeddable":true,"href":"https:\/\/moroen.com\/de\/wp-json\/wp\/v2\/product_tag?post=351133"}],"curies":[{"name":"wp","href":"https:\/\/api.w.org\/{rel}","templated":true}]}}