{"id":356282,"date":"2026-04-20T01:22:11","date_gmt":"2026-04-19T18:22:11","guid":{"rendered":"https:\/\/moroen.com\/de\/?p=356282"},"modified":"2026-04-20T01:22:11","modified_gmt":"2026-04-19T18:22:11","slug":"adidas-bermuda-scarlet-aq1047","status":"publish","type":"product","link":"https:\/\/moroen.com\/de\/produkt\/adidas-bermuda-scarlet-aq1047\/","title":{"rendered":"adidas Bermuda &#8216;Scarlet&#8217; AQ1047"},"content":{"rendered":"<p>Werten Sie Ihren Sommerstil mit der farbenfrohen adidas Bermuda \u201eScarlet\u201c AQ1047 auf. Diese klassischen, vom Basketball inspirierten Shorts zeichnen sich durch einen kr\u00e4ftigen Scharlachton aus, der die Aufmerksamkeit auf sich zieht. Sie sind aus strapazierf\u00e4higem Ripstop-Gewebe gefertigt und sorgen den ganzen Tag \u00fcber f\u00fcr Atmungsaktivit\u00e4t und Komfort. Der verstellbare Kordelzugbund sorgt f\u00fcr eine individuelle Passform, w\u00e4hrend die Seitentaschen und die Leistentasche hinten ausreichend Stauraum bieten. Komplettiert mit dem ikonischen adidas Trefoil-Logo auf dem Oberschenkel sind diese Shorts eine perfekte Mischung aus Stil und Funktionalit\u00e4t.<\/p>\n<ul>\n<li><strong>Stilcode:<\/strong> AQ1047<\/li>\n<\/ul>\n","protected":false},"excerpt":{"rendered":"<p>Werten Sie Ihren Sommerstil mit der farbenfrohen adidas Bermuda \u201eScarlet\u201c AQ1047 auf. Diese klassischen, vom Basketball inspirierten Shorts zeichnen sich durch einen kr\u00e4ftigen Scharlachton aus, der die Aufmerksamkeit auf sich zieht. Sie sind aus strapazierf\u00e4higem Ripstop-Gewebe gefertigt und sorgen den ganzen Tag \u00fcber f\u00fcr Atmungsaktivit\u00e4t und Komfort. Der verstellbare Kordelzugbund sorgt f\u00fcr eine individuelle Passform, [&hellip;]<\/p>\n","protected":false},"featured_media":356386,"comment_status":"closed","ping_status":"closed","template":"","meta":[],"product_brand":[],"product_cat":[10791],"product_tag":[10789,10856,10750,18431,10756,10857,10858],"class_list":{"0":"post-356282","1":"product","2":"type-product","3":"status-publish","4":"has-post-thumbnail","6":"product_cat-adidas","7":"product_tag-adidas","8":"product_tag-adidas-skateboarding-shoes","9":"product_tag-athleisure-shoes","10":"product_tag-geschenkidee-fuer-ihn","11":"product_tag-lifestyle-casual-shoes","12":"product_tag-lifestyle-shoes-casual","13":"product_tag-retro-casual-shoes","15":"first","16":"instock","17":"taxable","18":"shipping-taxable","19":"purchasable","20":"product-type-simple"},"wcpa_form_fields":null,"_links":{"self":[{"href":"https:\/\/moroen.com\/de\/wp-json\/wp\/v2\/product\/356282","targetHints":{"allow":["GET"]}}],"collection":[{"href":"https:\/\/moroen.com\/de\/wp-json\/wp\/v2\/product"}],"about":[{"href":"https:\/\/moroen.com\/de\/wp-json\/wp\/v2\/types\/product"}],"replies":[{"embeddable":true,"href":"https:\/\/moroen.com\/de\/wp-json\/wp\/v2\/comments?post=356282"}],"wp:featuredmedia":[{"embeddable":true,"href":"https:\/\/moroen.com\/de\/wp-json\/wp\/v2\/media\/356386"}],"wp:attachment":[{"href":"https:\/\/moroen.com\/de\/wp-json\/wp\/v2\/media?parent=356282"}],"wp:term":[{"taxonomy":"product_brand","embeddable":true,"href":"https:\/\/moroen.com\/de\/wp-json\/wp\/v2\/product_brand?post=356282"},{"taxonomy":"product_cat","embeddable":true,"href":"https:\/\/moroen.com\/de\/wp-json\/wp\/v2\/product_cat?post=356282"},{"taxonomy":"product_tag","embeddable":true,"href":"https:\/\/moroen.com\/de\/wp-json\/wp\/v2\/product_tag?post=356282"}],"curies":[{"name":"wp","href":"https:\/\/api.w.org\/{rel}","templated":true}]}}