{"id":356310,"date":"2026-04-20T01:22:11","date_gmt":"2026-04-19T18:22:11","guid":{"rendered":"https:\/\/moroen.com\/de\/?p=356310"},"modified":"2026-04-20T01:22:11","modified_gmt":"2026-04-19T18:22:11","slug":"damen-adidas-nite-jogger-reflective-fw1575","status":"publish","type":"product","link":"https:\/\/moroen.com\/de\/produkt\/damen-adidas-nite-jogger-reflective-fw1575\/","title":{"rendered":"(Damen) adidas Nite Jogger \u201eReflective\u201c FW1575"},"content":{"rendered":"<p>Erleben Sie unvergleichliche Sichtbarkeit und Stil mit dem (Damen) adidas Nite Jogger \u201eReflective\u201c FW1575. Sein reflektierendes Obermaterial sorgt daf\u00fcr, dass Sie nachts gesehen werden, w\u00e4hrend die ultragepolsterte Boost-Zwischensohle au\u00dfergew\u00f6hnlichen Komfort und Energier\u00fcckgabe bietet. Die OrthoLite\u00ae-Einlegesohle und das atmungsaktive Mesh-Futter halten Ihre F\u00fc\u00dfe frisch und trocken. Ganz gleich, ob Sie bei schlechten Lichtverh\u00e4ltnissen laufen oder einfach nur ein Zeichen setzen, der Nite Jogger \u201eReflective\u201c wertet jeden Ihrer Schritte auf.<\/p>\n<ul>\n<li><strong>Farbgebung:<\/strong> Black<\/li>\n<li><strong>Stilcode:<\/strong> FW1575<\/li>\n<li><strong>Obermaterial:<\/strong> Textile<\/li>\n<li><strong>Mittelsohle:<\/strong> Boost<\/li>\n<li><strong>Farbe:<\/strong> Black<\/li>\n<li><strong>Erscheinungsjahr:<\/strong> 2019<\/li>\n<\/ul>\n","protected":false},"excerpt":{"rendered":"<p>Erleben Sie unvergleichliche Sichtbarkeit und Stil mit dem (Damen) adidas Nite Jogger \u201eReflective\u201c FW1575. Sein reflektierendes Obermaterial sorgt daf\u00fcr, dass Sie nachts gesehen werden, w\u00e4hrend die ultragepolsterte Boost-Zwischensohle au\u00dfergew\u00f6hnlichen Komfort und Energier\u00fcckgabe bietet. Die OrthoLite\u00ae-Einlegesohle und das atmungsaktive Mesh-Futter halten Ihre F\u00fc\u00dfe frisch und trocken. Ganz gleich, ob Sie bei schlechten Lichtverh\u00e4ltnissen laufen oder einfach [&hellip;]<\/p>\n","protected":false},"featured_media":356434,"comment_status":"closed","ping_status":"closed","template":"","meta":[],"product_brand":[],"product_cat":[10791],"product_tag":[10789,10750,18453,10756,10758,10763],"class_list":{"0":"post-356310","1":"product","2":"type-product","3":"status-publish","4":"has-post-thumbnail","6":"product_cat-adidas","7":"product_tag-adidas","8":"product_tag-athleisure-shoes","9":"product_tag-geschenkidee-fuer-sie","10":"product_tag-lifestyle-casual-shoes","11":"product_tag-lifestyle-shoes-running-inspired","12":"product_tag-retro-running-shoes","14":"first","15":"instock","16":"taxable","17":"shipping-taxable","18":"purchasable","19":"product-type-simple"},"wcpa_form_fields":null,"_links":{"self":[{"href":"https:\/\/moroen.com\/de\/wp-json\/wp\/v2\/product\/356310","targetHints":{"allow":["GET"]}}],"collection":[{"href":"https:\/\/moroen.com\/de\/wp-json\/wp\/v2\/product"}],"about":[{"href":"https:\/\/moroen.com\/de\/wp-json\/wp\/v2\/types\/product"}],"replies":[{"embeddable":true,"href":"https:\/\/moroen.com\/de\/wp-json\/wp\/v2\/comments?post=356310"}],"wp:featuredmedia":[{"embeddable":true,"href":"https:\/\/moroen.com\/de\/wp-json\/wp\/v2\/media\/356434"}],"wp:attachment":[{"href":"https:\/\/moroen.com\/de\/wp-json\/wp\/v2\/media?parent=356310"}],"wp:term":[{"taxonomy":"product_brand","embeddable":true,"href":"https:\/\/moroen.com\/de\/wp-json\/wp\/v2\/product_brand?post=356310"},{"taxonomy":"product_cat","embeddable":true,"href":"https:\/\/moroen.com\/de\/wp-json\/wp\/v2\/product_cat?post=356310"},{"taxonomy":"product_tag","embeddable":true,"href":"https:\/\/moroen.com\/de\/wp-json\/wp\/v2\/product_tag?post=356310"}],"curies":[{"name":"wp","href":"https:\/\/api.w.org\/{rel}","templated":true}]}}