{"id":356324,"date":"2026-04-20T01:22:11","date_gmt":"2026-04-19T18:22:11","guid":{"rendered":"https:\/\/moroen.com\/de\/?p=356324"},"modified":"2026-04-20T01:22:11","modified_gmt":"2026-04-19T18:22:11","slug":"vorschule-new-balance-2002r-hook-loop-black-white-pv2002bk","status":"publish","type":"product","link":"https:\/\/moroen.com\/de\/produkt\/vorschule-new-balance-2002r-hook-loop-black-white-pv2002bk\/","title":{"rendered":"(Vorschule) New Balance 2002R Hook &#038; Loop \u201eBlack White\u201c PV2002BK"},"content":{"rendered":"<p>Wir stellen den New Balance 2002R Hook &#038; Loop in \u201eSchwarz Wei\u00df\u201c f\u00fcr Kinder im Vorschulalter vor! Diese aus strapazierf\u00e4higen Materialien gefertigten Sneaker verf\u00fcgen \u00fcber ein einfaches Klettverschlusssystem f\u00fcr eine sichere und bequeme Passform. Die klassische Farbgebung in Schwarz und Wei\u00df verleiht jedem Outfit einen Hauch von Raffinesse. Mit einer gepolsterten Sohle und einer st\u00fctzenden Konstruktion bieten diese Schuhe optimalen Komfort und Halt f\u00fcr kleine F\u00fc\u00dfe. Der New Balance 2002R Hook &#038; Loop ist perfekt f\u00fcr aktive Kinder im Vorschulalter und sorgt daf\u00fcr, dass Kinder den ganzen Tag \u00fcber stilvoll aussehen und sich wohl f\u00fchlen.<\/p>\n<ul>\n<li><strong>Farbgebung:<\/strong> Black \/ White<\/li>\n<li><strong>Stilcode:<\/strong> PV2002BK<\/li>\n<li><strong>Obermaterial:<\/strong> Leather<\/li>\n<\/ul>\n","protected":false},"excerpt":{"rendered":"<p>Wir stellen den New Balance 2002R Hook &#038; Loop in \u201eSchwarz Wei\u00df\u201c f\u00fcr Kinder im Vorschulalter vor! Diese aus strapazierf\u00e4higen Materialien gefertigten Sneaker verf\u00fcgen \u00fcber ein einfaches Klettverschlusssystem f\u00fcr eine sichere und bequeme Passform. Die klassische Farbgebung in Schwarz und Wei\u00df verleiht jedem Outfit einen Hauch von Raffinesse. Mit einer gepolsterten Sohle und einer st\u00fctzenden [&hellip;]<\/p>\n","protected":false},"featured_media":356471,"comment_status":"closed","ping_status":"closed","template":"","meta":[],"product_brand":[],"product_cat":[10774],"product_tag":[10750,18738,10760,10761,10763,11346],"class_list":{"0":"post-356324","1":"product","2":"type-product","3":"status-publish","4":"has-post-thumbnail","6":"product_cat-new-balance","7":"product_tag-athleisure-shoes","8":"product_tag-infant-toddler-shoes-2","9":"product_tag-new-balance","10":"product_tag-new-balance-running-shoes","11":"product_tag-retro-running-shoes","12":"product_tag-toddler-shoes","13":"wcpa_has_options","15":"first","16":"instock","17":"taxable","18":"shipping-taxable","19":"purchasable","20":"product-type-simple"},"wcpa_form_fields":{"rules":{"pric_overide_base_price":false,"pric_overide_base_price_if_gt_zero":false,"pric_overide_base_price_fully":false,"pric_cal_option_once":false,"pric_use_as_fee":false,"bind_quantity":false,"quantity_bind_formula":false},"fields":[{"type":"color-group","required":true,"elementId":"wcpa-color-group-66c4a928225d2","label":"Gr\u00f6\u00dfe","inline":true,"priceOptions":"different_for_all","pricingType":"fixed","className":"hassizechart product-shoes-size-eu product-shoes-size","name":"color-group-66c4a928225e2","disp_type":"square","selection_type":"tick-border","disp_size":"50","show_label_inside":true,"adjust_width":true,"cart_display_type":"text","other_text":"Other","cl_rule":"show","col":6,"values":[{"label":"35","value":"EU 35","price":"","pimage":"","pimage_id":"","pthumb":"","color":""},{"label":"36","value":"EU 36","price":"","pimage":"","pimage_id":"","pthumb":"","color":"","selected":true},{"label":"37","value":"EU 37","price":"","pimage":"","pimage_id":"","pthumb":"","color":""},{"label":"37.5","value":"EU 37.5","price":"","pimage":"","pimage_id":"","pthumb":"","color":""},{"label":"38","value":"EU 38","price":"","pimage":"","pimage_id":"","pthumb":"","color":""},{"label":"38.5","value":"EU 38.5","price":"","pimage":"","pimage_id":"","pthumb":"","color":""},{"label":"39","value":"EU 39","price":"","pimage":"","pimage_id":"","pthumb":"","color":""},{"label":"39.5","value":"EU 39.5","price":"","pimage":"","pimage_id":"","pthumb":"","color":""},{"label":"40","value":"EU 40","price":"","pimage":"","pimage_id":"","pthumb":"","color":""},{"label":"40.5","value":"EU 40.5","price":"","pimage":"","pimage_id":"","pthumb":"","color":""},{"label":" 41.5","value":"EU 41.5","price":"","pimage":"","pimage_id":"","pthumb":"","color":""},{"label":"42","value":"EU 42","price":"","pimage":"","pimage_id":"","pthumb":"","color":""},{"label":"42.5","value":"EU 42.5","price":"","pimage":"","pimage_id":"","pthumb":"","color":""},{"label":"43","value":"EU 43","price":"","pimage":"","pimage_id":"","pthumb":"","color":""},{"label":"44","value":"EU 44","price":"","pimage":"","pimage_id":"","pthumb":"","color":""},{"label":"44.5","value":"EU 44.5","price":"","pimage":"","pimage_id":"","pthumb":"","color":""},{"label":"45","value":"EU 45","price":"","pimage":"","pimage_id":"","pthumb":"","color":""},{"label":"45.5","value":"EU 45.5","price":"","pimage":"","pimage_id":"","pthumb":"","color":""},{"label":"46","value":"EU 46","price":"","pimage":"","pimage_id":"","pthumb":"","color":""}],"relations":[{"operator":false,"rules":[]}],"form_id":24803,"form_rules":{"pric_cal_option_once":false,"exclude_from_discount":false,"pric_use_as_fee":false,"fee_label":"Fee","render_after_acb":false,"disp_hide_options_price":false}}]},"_links":{"self":[{"href":"https:\/\/moroen.com\/de\/wp-json\/wp\/v2\/product\/356324","targetHints":{"allow":["GET"]}}],"collection":[{"href":"https:\/\/moroen.com\/de\/wp-json\/wp\/v2\/product"}],"about":[{"href":"https:\/\/moroen.com\/de\/wp-json\/wp\/v2\/types\/product"}],"replies":[{"embeddable":true,"href":"https:\/\/moroen.com\/de\/wp-json\/wp\/v2\/comments?post=356324"}],"wp:featuredmedia":[{"embeddable":true,"href":"https:\/\/moroen.com\/de\/wp-json\/wp\/v2\/media\/356471"}],"wp:attachment":[{"href":"https:\/\/moroen.com\/de\/wp-json\/wp\/v2\/media?parent=356324"}],"wp:term":[{"taxonomy":"product_brand","embeddable":true,"href":"https:\/\/moroen.com\/de\/wp-json\/wp\/v2\/product_brand?post=356324"},{"taxonomy":"product_cat","embeddable":true,"href":"https:\/\/moroen.com\/de\/wp-json\/wp\/v2\/product_cat?post=356324"},{"taxonomy":"product_tag","embeddable":true,"href":"https:\/\/moroen.com\/de\/wp-json\/wp\/v2\/product_tag?post=356324"}],"curies":[{"name":"wp","href":"https:\/\/api.w.org\/{rel}","templated":true}]}}